{"id":10403,"date":"2022-03-10T20:13:48","date_gmt":"2022-03-10T20:13:48","guid":{"rendered":"https:\/\/forestmap.eu\/?page_id=10403"},"modified":"2024-06-26T11:37:43","modified_gmt":"2024-06-26T11:37:43","slug":"projekt","status":"publish","type":"page","link":"https:\/\/forestmap.eu\/de\/projekt\/","title":{"rendered":"Projekt"},"content":{"rendered":"\t\t<div data-elementor-type=\"wp-page\" data-elementor-id=\"10403\" class=\"elementor elementor-10403 elementor-9449\">\n\t\t\t\t\t\t\t\t\t<section class=\"elementor-section elementor-top-section elementor-element elementor-element-39acf01 elementor-hidden-desktop elementor-section-boxed elementor-section-height-default elementor-section-height-default\" data-id=\"39acf01\" data-element_type=\"section\">\n\t\t\t\t\t\t<div class=\"elementor-container elementor-column-gap-default\">\n\t\t\t\t\t<div class=\"elementor-column elementor-col-100 elementor-top-column elementor-element elementor-element-aa132a6\" data-id=\"aa132a6\" data-element_type=\"column\">\n\t\t\t<div class=\"elementor-widget-wrap elementor-element-populated\">\n\t\t\t\t\t\t\t\t<div class=\"elementor-element elementor-element-1aa0de2 elementor-widget elementor-widget-heading\" data-id=\"1aa0de2\" data-element_type=\"widget\" data-widget_type=\"heading.default\">\n\t\t\t\t<div class=\"elementor-widget-container\">\n\t\t\t<h3 class=\"elementor-heading-title elementor-size-default\"><span class=\"before-style\">ForestMap<\/span><\/h3>\t\t<\/div>\n\t\t\t\t<\/div>\n\t\t\t\t<div class=\"elementor-element elementor-element-e30f48a elementor-widget__width-initial elementor-widget elementor-widget-html\" data-id=\"e30f48a\" data-element_type=\"widget\" data-widget_type=\"html.default\">\n\t\t\t\t<div class=\"elementor-widget-container\">\n\t\t\t<style>\r\nh3:has(.before-style)::before {\r\n    content: '';\r\n    position: absolute;\r\n    transform: translateX(-100%);\r\n    top: calc(50% - 38px);\r\n    left: -15px;\r\n    width: 38px;\r\n    height: 76px;\r\n    background-color: #9fc63b;\r\n    border-top-right-radius: 50px;\r\n    border-bottom-right-radius: 50px;\r\n}\r\n@media (max-width: 1024px) {\r\n    h3:has(.before-style)::before {\r\n        top: calc(50% - 25px);\r\n        left: -15px;\r\n        width: 25px;\r\n        height: 50px;\r\n    }\r\n}\r\n@media (min-width: 768px) {\r\n    h3:has(.before-style)::before {\r\n    top: calc(50% - 38px);\r\n    left: -38px;\r\n    width: 38px;\r\n    height: 76px;\r\n    }\r\n}\r\n<\/style>\t\t<\/div>\n\t\t\t\t<\/div>\n\t\t\t\t<div class=\"elementor-element elementor-element-7b57610 elementor-widget__width-initial elementor-widget elementor-widget-text-editor\" data-id=\"7b57610\" data-element_type=\"widget\" data-widget_type=\"text-editor.default\">\n\t\t\t\t<div class=\"elementor-widget-container\">\n\t\t\t\t\t\t\tDieses Projekt wurde von der Europ\u00e4ischen Union im Rahmen des Forschungs- und Innovationsprogramms Horizont 2020 unter der F\u00f6rdervereinbarung Nr. 858664 gef\u00f6rdert.\r\n\r\nDas Tool wurde im Rahmen des <strong><a class=\"external-link\" href=\"https:\/\/agresta.org\/forestmap-de-agresta-ganador-en-el-copernicus-masters-2018-cgi-big-data-business-challenge\/\" target=\"_blank\" rel=\"noopener\">Copernicus Master<\/a><\/strong>-Wettbewerbs anerkannt und ist nun in mehreren Regionen Spaniens verf\u00fcgbar.\t\t\t\t\t\t<\/div>\n\t\t\t\t<\/div>\n\t\t\t\t\t<\/div>\n\t\t<\/div>\n\t\t\t\t\t\t\t<\/div>\n\t\t<\/section>\n\t\t\t\t<section class=\"elementor-section elementor-top-section elementor-element elementor-element-5ce7229 elementor-section-height-min-height elementor-hidden-desktop elementor-section-boxed elementor-section-height-default elementor-section-items-middle\" data-id=\"5ce7229\" data-element_type=\"section\" data-settings=\"{&quot;background_background&quot;:&quot;classic&quot;}\">\n\t\t\t\t\t\t<div class=\"elementor-container elementor-column-gap-default\">\n\t\t\t\t\t<div class=\"elementor-column elementor-col-100 elementor-top-column elementor-element elementor-element-b63a6bb\" data-id=\"b63a6bb\" data-element_type=\"column\">\n\t\t\t<div class=\"elementor-widget-wrap\">\n\t\t\t\t\t\t\t\t\t<\/div>\n\t\t<\/div>\n\t\t\t\t\t\t\t<\/div>\n\t\t<\/section>\n\t\t\t\t<section class=\"elementor-section elementor-top-section elementor-element elementor-element-0841550 elementor-section-height-min-height elementor-hidden-tablet elementor-hidden-mobile elementor-section-boxed elementor-section-height-default elementor-section-items-middle\" data-id=\"0841550\" data-element_type=\"section\" data-settings=\"{&quot;background_background&quot;:&quot;classic&quot;}\">\n\t\t\t\t\t\t<div class=\"elementor-container elementor-column-gap-default\">\n\t\t\t\t\t<div class=\"elementor-column elementor-col-50 elementor-top-column elementor-element elementor-element-aec6247\" data-id=\"aec6247\" data-element_type=\"column\">\n\t\t\t<div class=\"elementor-widget-wrap\">\n\t\t\t\t\t\t\t\t\t<\/div>\n\t\t<\/div>\n\t\t\t\t<div class=\"elementor-column elementor-col-50 elementor-top-column elementor-element elementor-element-3cb8a9a\" data-id=\"3cb8a9a\" data-element_type=\"column\" id=\"special\">\n\t\t\t<div class=\"elementor-widget-wrap elementor-element-populated\">\n\t\t\t\t\t\t\t\t<div class=\"elementor-element elementor-element-955174c elementor-widget elementor-widget-heading\" data-id=\"955174c\" data-element_type=\"widget\" data-widget_type=\"heading.default\">\n\t\t\t\t<div class=\"elementor-widget-container\">\n\t\t\t<h3 class=\"elementor-heading-title elementor-size-default\"><span class=\"before-style\">ForestMap<\/span><\/h3>\t\t<\/div>\n\t\t\t\t<\/div>\n\t\t\t\t<div class=\"elementor-element elementor-element-4564bcd elementor-widget__width-initial elementor-widget elementor-widget-html\" data-id=\"4564bcd\" data-element_type=\"widget\" data-widget_type=\"html.default\">\n\t\t\t\t<div class=\"elementor-widget-container\">\n\t\t\t<style>\r\n\/*@media (min-width: 768px) {\r\n    h3:has(.before-style)::before {\r\n     content: '';\r\n     position: absolute;\r\n     transform: translateX(-100%);\r\n     top: calc(50% - 38px);\r\n     left: -38px;\r\n     width: 38px;\r\n     height: 76px;\r\n     background-color: #9fc63b;\r\n     border-top-right-radius: 50px;\r\n     border-bottom-right-radius: 50px;\r\n    }\r\n}*\/\r\n\r\na.external-link {\r\n    color: inherit;\r\n    text-decoration: none;\r\n    position: relative;\r\n}\r\na.external-link:hover {\r\n        color: inherit;\r\n        cursor: pointer;\r\n}\r\na.external-link::after {\r\n        content: '';\r\n    position: absolute;\r\n    bottom: 0;\r\n    left: 0;\r\n    background-color:\r\n    currentColor;\r\n    transition: width .3s;\r\n    width: 0px;\r\n    height: 2px;\r\n}\r\na.external-link:hover::after {\r\n        width: 100%;\r\n}\r\n<\/style>\t\t<\/div>\n\t\t\t\t<\/div>\n\t\t\t\t<div class=\"elementor-element elementor-element-892e40c elementor-widget__width-initial elementor-widget elementor-widget-text-editor\" data-id=\"892e40c\" data-element_type=\"widget\" data-widget_type=\"text-editor.default\">\n\t\t\t\t<div class=\"elementor-widget-container\">\n\t\t\t\t\t\t\tDieses Projekt wurde von der Europ\u00e4ischen Union im Rahmen des Forschungs- und Innovationsprogramms Horizont 2020 unter der F\u00f6rdervereinbarung Nr. 858664 gef\u00f6rdert.\r\n\r\nDas Tool wurde im Rahmen des <strong><a class=\"external-link\" href=\"https:\/\/agresta.org\/forestmap-de-agresta-ganador-en-el-copernicus-masters-2018-cgi-big-data-business-challenge\/\" target=\"_blank\" rel=\"noopener\">Copernicus Master<\/a><\/strong>-Wettbewerbs anerkannt und ist nun in mehreren Regionen Spaniens verf\u00fcgbar.\t\t\t\t\t\t<\/div>\n\t\t\t\t<\/div>\n\t\t\t\t\t<\/div>\n\t\t<\/div>\n\t\t\t\t\t\t\t<\/div>\n\t\t<\/section>\n\t\t\t\t<section class=\"elementor-section elementor-top-section elementor-element elementor-element-57fcd3d elementor-hidden-desktop elementor-section-boxed elementor-section-height-default elementor-section-height-default\" data-id=\"57fcd3d\" data-element_type=\"section\">\n\t\t\t\t\t\t<div class=\"elementor-container elementor-column-gap-default\">\n\t\t\t\t\t<div class=\"elementor-column elementor-col-100 elementor-top-column elementor-element elementor-element-8566cf2\" data-id=\"8566cf2\" data-element_type=\"column\">\n\t\t\t<div class=\"elementor-widget-wrap elementor-element-populated\">\n\t\t\t\t\t\t\t\t<div class=\"elementor-element elementor-element-80ee4a7 elementor-widget elementor-widget-text-editor\" data-id=\"80ee4a7\" data-element_type=\"widget\" id=\"before-style-text\" data-widget_type=\"text-editor.default\">\n\t\t\t\t<div class=\"elementor-widget-container\">\n\t\t\t\t\t\t\t<p><span class=\"before-style\">Im Rahmen dieses Projekts wird die Forestmap-Inventarisierung in mehreren L\u00e4ndern durchgef\u00fchrt, zun\u00e4chst in einer Reihe von Pilotgebieten.<\/span><\/p>\n\t\t\t\t\t\t<\/div>\n\t\t\t\t<\/div>\n\t\t\t\t<div class=\"elementor-element elementor-element-3e36ab3 elementor-widget__width-initial elementor-widget elementor-widget-html\" data-id=\"3e36ab3\" data-element_type=\"widget\" data-widget_type=\"html.default\">\n\t\t\t\t<div class=\"elementor-widget-container\">\n\t\t\t<style>\r\n#before-style-text:has(.before-style)::before {\r\n    content: '';\r\n    position: absolute;\r\n    transform: translateX(-100%) translateY(-50%);\r\n    top: 12.6px;\r\n    left: -15px;\r\n    width: 38px;\r\n    height: 76px;\r\n    background-color: #9fc63b;\r\n    border-top-right-radius: 50px;\r\n    border-bottom-right-radius: 50px;\r\n}\r\n@media (max-width: 1024px) {\r\n    #before-style-text:has(.before-style)::before {\r\n        left: -15px;\r\n        width: 25px;\r\n        height: 50px;\r\n    }\r\n}\r\n@media (min-width: 768px) {\r\n    #before-style-text:has(.before-style)::before {\r\n    top: 12.6px;\r\n    left: -38px;\r\n    width: 38px;\r\n    height: 76px;\r\n    }\r\n}\r\n<\/style>\t\t<\/div>\n\t\t\t\t<\/div>\n\t\t\t\t\t<\/div>\n\t\t<\/div>\n\t\t\t\t\t\t\t<\/div>\n\t\t<\/section>\n\t\t\t\t<section class=\"elementor-section elementor-top-section elementor-element elementor-element-0668f84 elementor-hidden-tablet elementor-hidden-mobile elementor-section-boxed elementor-section-height-default elementor-section-height-default\" data-id=\"0668f84\" data-element_type=\"section\">\n\t\t\t\t\t\t<div class=\"elementor-container elementor-column-gap-default\">\n\t\t\t\t\t<div class=\"elementor-column elementor-col-50 elementor-top-column elementor-element elementor-element-710a427\" data-id=\"710a427\" data-element_type=\"column\">\n\t\t\t<div class=\"elementor-widget-wrap\">\n\t\t\t\t\t\t\t\t\t<\/div>\n\t\t<\/div>\n\t\t\t\t<div class=\"elementor-column elementor-col-50 elementor-top-column elementor-element elementor-element-a110e3a\" data-id=\"a110e3a\" data-element_type=\"column\">\n\t\t\t<div class=\"elementor-widget-wrap elementor-element-populated\">\n\t\t\t\t\t\t\t\t<div class=\"elementor-element elementor-element-a953a8f elementor-widget elementor-widget-text-editor\" data-id=\"a953a8f\" data-element_type=\"widget\" id=\"before-big-text\" data-widget_type=\"text-editor.default\">\n\t\t\t\t<div class=\"elementor-widget-container\">\n\t\t\t\t\t\t\t<p><span class=\"before-style\">Im Rahmen dieses Projekts wird die Forestmap-Inventarisierung in mehreren L\u00e4ndern durchgef\u00fchrt, zun\u00e4chst in einer Reihe von Pilotgebieten.<\/span><\/p>\n\t\t\t\t\t\t<\/div>\n\t\t\t\t<\/div>\n\t\t\t\t<div class=\"elementor-element elementor-element-021bac1 elementor-widget__width-initial elementor-widget elementor-widget-html\" data-id=\"021bac1\" data-element_type=\"widget\" id=\"before-big-text\" data-widget_type=\"html.default\">\n\t\t\t\t<div class=\"elementor-widget-container\">\n\t\t\t<style>\r\n@media (min-width: 768px) {\r\n    p:has(.before-style) {\r\n        margin: 0;\r\n    }\r\n   #before-big-text:has(.before-style)::before \r\n   {\r\n     content: '';\r\n     transform: translateX(-100%);\r\n     position: absolute;\r\n     top: 0;\r\n     left: -38px;\r\n     width: 600px;\r\n     height: 100%;\r\n     background-color: #9fc63b;\r\n     border-top-right-radius: 50px;\r\n     border-bottom-right-radius: 50px;\r\n   }\r\n}\r\n<\/style>\t\t<\/div>\n\t\t\t\t<\/div>\n\t\t\t\t\t<\/div>\n\t\t<\/div>\n\t\t\t\t\t\t\t<\/div>\n\t\t<\/section>\n\t\t\t\t<section class=\"elementor-section elementor-top-section elementor-element elementor-element-2e79424 elementor-section-full_width elementor-section-height-default elementor-section-height-default\" data-id=\"2e79424\" data-element_type=\"section\">\n\t\t\t\t\t\t<div class=\"elementor-container elementor-column-gap-default\">\n\t\t\t\t\t<div class=\"elementor-column elementor-col-100 elementor-top-column elementor-element elementor-element-0d6bf2b\" data-id=\"0d6bf2b\" data-element_type=\"column\">\n\t\t\t<div class=\"elementor-widget-wrap elementor-element-populated\">\n\t\t\t\t\t\t\t\t<div class=\"elementor-element elementor-element-4a83064 elementor-widget elementor-widget-html\" data-id=\"4a83064\" data-element_type=\"widget\" data-widget_type=\"html.default\">\n\t\t\t\t<div class=\"elementor-widget-container\">\n\t\t\t<iframe src=\"https:\/\/forestmap.eu\/wp-content\/uploads\/map\/map_en.html\" style=\"width: 100%; height: 560px; margin-bottom: -8px;\"><\/iframe>\t\t<\/div>\n\t\t\t\t<\/div>\n\t\t\t\t\t<\/div>\n\t\t<\/div>\n\t\t\t\t\t\t\t<\/div>\n\t\t<\/section>\n\t\t\t\t<section class=\"elementor-section elementor-top-section elementor-element elementor-element-b0da062 elementor-section-boxed elementor-section-height-default elementor-section-height-default\" data-id=\"b0da062\" data-element_type=\"section\">\n\t\t\t\t\t\t<div class=\"elementor-container elementor-column-gap-default\">\n\t\t\t\t\t<div class=\"elementor-column elementor-col-50 elementor-top-column elementor-element elementor-element-357ec13\" data-id=\"357ec13\" data-element_type=\"column\">\n\t\t\t<div class=\"elementor-widget-wrap\">\n\t\t\t\t\t\t\t\t\t<\/div>\n\t\t<\/div>\n\t\t\t\t<div class=\"elementor-column elementor-col-50 elementor-top-column elementor-element elementor-element-25efadd\" data-id=\"25efadd\" data-element_type=\"column\">\n\t\t\t<div class=\"elementor-widget-wrap elementor-element-populated\">\n\t\t\t\t\t\t\t\t<div class=\"elementor-element elementor-element-6e595de elementor-widget elementor-widget-heading\" data-id=\"6e595de\" data-element_type=\"widget\" data-widget_type=\"heading.default\">\n\t\t\t\t<div class=\"elementor-widget-container\">\n\t\t\t<h3 class=\"elementor-heading-title elementor-size-default\"><span class=\"before-style\">Agresta S. Coop.<\/span><\/h3>\t\t<\/div>\n\t\t\t\t<\/div>\n\t\t\t\t<div class=\"elementor-element elementor-element-a61fd51 elementor-widget__width-initial elementor-widget elementor-widget-text-editor\" data-id=\"a61fd51\" data-element_type=\"widget\" data-widget_type=\"text-editor.default\">\n\t\t\t\t<div class=\"elementor-widget-container\">\n\t\t\t\t\t\t\t<p>Agresta ist eine Genossenschaft f\u00fcr forsttechnische Dienstleistungen mit Sitz in Spanien. Mit \u00fcber 20 Jahren Erfahrung sind wir auf die Anwendung von Fernerkundungstechnologien zur Bewertung und Verwaltung von Waldressourcen und l\u00e4ndlichen Gebieten spezialisiert.<\/p>\n\t\t\t\t\t\t<\/div>\n\t\t\t\t<\/div>\n\t\t\t\t\t<\/div>\n\t\t<\/div>\n\t\t\t\t\t\t\t<\/div>\n\t\t<\/section>\n\t\t\t\t<section class=\"elementor-section elementor-top-section elementor-element elementor-element-107115b elementor-section-full_width elementor-section-height-min-height elementor-section-height-default elementor-section-items-middle\" data-id=\"107115b\" data-element_type=\"section\" data-settings=\"{&quot;background_background&quot;:&quot;classic&quot;}\">\n\t\t\t\t\t\t<div class=\"elementor-container elementor-column-gap-default\">\n\t\t\t\t\t<div class=\"elementor-column elementor-col-100 elementor-top-column elementor-element elementor-element-5b99cd1\" data-id=\"5b99cd1\" data-element_type=\"column\">\n\t\t\t<div class=\"elementor-widget-wrap\">\n\t\t\t\t\t\t\t\t\t<\/div>\n\t\t<\/div>\n\t\t\t\t\t\t\t<\/div>\n\t\t<\/section>\n\t\t\t\t\t\t\t<\/div>\n\t\t","protected":false},"excerpt":{"rendered":"<p>ForestMap Dieses Projekt wurde von der Europ\u00e4ischen Union im Rahmen des Forschungs- und Innovationsprogramms Horizont 2020 unter der F\u00f6rdervereinbarung Nr. 858664 gef\u00f6rdert. Das Tool wurde im Rahmen des Copernicus Master-Wettbewerbs anerkannt und ist nun in mehreren Regionen Spaniens verf\u00fcgbar. ForestMap Dieses Projekt wurde von der Europ\u00e4ischen Union im Rahmen des Forschungs- und Innovationsprogramms Horizont 2020 &#8230; <a title=\"Projekt\" class=\"read-more\" href=\"https:\/\/forestmap.eu\/de\/projekt\/\" aria-label=\"Mehr zu Projekt\">Weiterlesen &#8230;<\/a><\/p>\n","protected":false},"author":1,"featured_media":0,"parent":0,"menu_order":0,"comment_status":"closed","ping_status":"closed","template":"","meta":{"footnotes":""},"class_list":{"0":"post-10403","1":"page","2":"type-page","3":"status-publish","5":"no-featured-image-padding"},"_links":{"self":[{"href":"https:\/\/forestmap.eu\/de\/wp-json\/wp\/v2\/pages\/10403","targetHints":{"allow":["GET"]}}],"collection":[{"href":"https:\/\/forestmap.eu\/de\/wp-json\/wp\/v2\/pages"}],"about":[{"href":"https:\/\/forestmap.eu\/de\/wp-json\/wp\/v2\/types\/page"}],"author":[{"embeddable":true,"href":"https:\/\/forestmap.eu\/de\/wp-json\/wp\/v2\/users\/1"}],"replies":[{"embeddable":true,"href":"https:\/\/forestmap.eu\/de\/wp-json\/wp\/v2\/comments?post=10403"}],"version-history":[{"count":3,"href":"https:\/\/forestmap.eu\/de\/wp-json\/wp\/v2\/pages\/10403\/revisions"}],"predecessor-version":[{"id":10490,"href":"https:\/\/forestmap.eu\/de\/wp-json\/wp\/v2\/pages\/10403\/revisions\/10490"}],"wp:attachment":[{"href":"https:\/\/forestmap.eu\/de\/wp-json\/wp\/v2\/media?parent=10403"}],"curies":[{"name":"wp","href":"https:\/\/api.w.org\/{rel}","templated":true}]}}