{"id":9825,"date":"2021-07-26T13:11:07","date_gmt":"2021-07-26T13:11:07","guid":{"rendered":"https:\/\/forestmap.eu\/?page_id=9825"},"modified":"2022-07-21T10:40:51","modified_gmt":"2022-07-21T10:40:51","slug":"kontaktiere-uns","status":"publish","type":"page","link":"https:\/\/forestmap.eu\/de\/kontaktiere-uns\/","title":{"rendered":"Kontaktiere uns"},"content":{"rendered":"\n<p>F\u00fcr weitere Informationen oder um eine Demo von Forestmap anzufordern, benutzen Sie bitte das untenstehende Formular:<\/p>\n\n\n\n<div class=\"wpcf7 no-js\" id=\"wpcf7-f9827-o1\" lang=\"en-US\" dir=\"ltr\">\n<div class=\"screen-reader-response\"><p role=\"status\" aria-live=\"polite\" aria-atomic=\"true\"><\/p> <ul><\/ul><\/div>\n<form action=\"\/de\/wp-json\/wp\/v2\/pages\/9825#wpcf7-f9827-o1\" method=\"post\" class=\"wpcf7-form init\" aria-label=\"Contact form\" novalidate=\"novalidate\" data-status=\"init\">\n<div style=\"display: none;\">\n<input type=\"hidden\" name=\"_wpcf7\" value=\"9827\" \/>\n<input type=\"hidden\" name=\"_wpcf7_version\" value=\"5.7.5.1\" \/>\n<input type=\"hidden\" name=\"_wpcf7_locale\" value=\"en_US\" \/>\n<input type=\"hidden\" name=\"_wpcf7_unit_tag\" value=\"wpcf7-f9827-o1\" \/>\n<input type=\"hidden\" name=\"_wpcf7_container_post\" value=\"0\" \/>\n<input type=\"hidden\" name=\"_wpcf7_posted_data_hash\" value=\"\" \/>\n<input type=\"hidden\" name=\"_wpcf7_recaptcha_response\" value=\"\" \/>\n<\/div>\n<div class=\"cf-container\">\n\t<div class=\"cf-col-1\">\n\t\t<p>Name<span style=\"color:red\"> *<span><\/span><\/span>\n\t\t<\/p>\n\t<\/div>\n\t<div class=\"cf-col-2\">\n\t\t<p><span class=\"wpcf7-form-control-wrap\" data-name=\"your-name\"><input size=\"40\" class=\"wpcf7-form-control wpcf7-text wpcf7-validates-as-required\" aria-required=\"true\" aria-invalid=\"false\" value=\"\" type=\"text\" name=\"your-name\" \/><\/span>\n\t\t<\/p>\n\t<\/div>\n\t<div class=\"cf-col-3\">\n\t\t<p>E-Mail<span style=\"color:red\">*<span><\/span><\/span>\n\t\t<\/p>\n\t<\/div>\n\t<div class=\"cf-col-4\">\n\t\t<p><span class=\"wpcf7-form-control-wrap\" data-name=\"your-email\"><input size=\"40\" class=\"wpcf7-form-control wpcf7-text wpcf7-email wpcf7-validates-as-required wpcf7-validates-as-email\" aria-required=\"true\" aria-invalid=\"false\" value=\"\" type=\"email\" name=\"your-email\" \/><\/span>\n\t\t<\/p>\n\t<\/div>\n\t<div class=\"cf-col-5\">\n\t\t<p>Thema\n\t\t<\/p>\n\t<\/div>\n\t<div class=\"cf-col-6\">\n\t\t<p><span class=\"wpcf7-form-control-wrap\" data-name=\"your-subject\"><input size=\"40\" class=\"wpcf7-form-control wpcf7-text wpcf7-validates-as-required\" aria-required=\"true\" aria-invalid=\"false\" value=\"\" type=\"text\" name=\"your-subject\" \/><\/span>\n\t\t<\/p>\n\t<\/div>\n\t<div class=\"cf-col-7\">\n\t\t<p>Nachricht<span style=\"color:red\">*<span><\/span><\/span>\n\t\t<\/p>\n\t<\/div>\n\t<div class=\"cf-col-8\">\n\t\t<p><span class=\"wpcf7-form-control-wrap\" data-name=\"your-message\"><textarea cols=\"40\" rows=\"10\" class=\"wpcf7-form-control wpcf7-textarea wpcf7-validates-as-required\" aria-required=\"true\" aria-invalid=\"false\" name=\"your-message\"><\/textarea><\/span>\n\t\t<\/p>\n\t<\/div>\n\t<div class=\"cf-col-9\">\n\t\t<p><span class=\"wpcf7-form-control-wrap\" data-name=\"acceptance-501\"><span class=\"wpcf7-form-control wpcf7-acceptance\"><span class=\"wpcf7-list-item\"><input type=\"checkbox\" name=\"acceptance-501\" value=\"1\" aria-invalid=\"false\" \/><\/span><\/span><\/span> Ich habe gelesen und akzeptiere die <a href=\"https:\/\/forestmap.eu\/de\/politik-der-vorzugsbehandlung\/\" target=\"_blank\" style=\"font-size:19px;color:#597722 !important;\">Datenschutzbestimmungen<\/a>.\n\t\t<\/p>\n\t<\/div>\n\t<p><button class=\"green-round gr\">Einreichen<\/button>\n\t<\/p>\n<\/div><div class=\"wpcf7-response-output\" aria-hidden=\"true\"><\/div>\n<\/form>\n<\/div>\n\n\n\n<div id=\"contact-form-rgpd-info\"><p>Agresta S. Coop ist f\u00fcr die Verarbeitung der personenbezogenen Daten des Nutzers verantwortlich und informiert Sie dar\u00fcber, dass diese Daten gem\u00e4\u00df den Bestimmungen der Verordnung (EU) 2016\/679 vom 27. April 2016 (GDPR) und des Organgesetzes 3\/2018 vom 5. Dezember (LOPDGDD) verarbeitet werden, wof\u00fcr Sie die folgenden Informationen zur Verarbeitung erhalten:<\/p><ul><li><strong>Bearbeitungsziele:<\/strong> Bearbeitung von Auftr\u00e4gen, Anfragen oder jeder Art von Anfragen, die vom Nutzer \u00fcber eine der zur Verf\u00fcgung gestellten Kontaktformen gestellt werden.<\/li><li><strong>Rechtsgrundlage:<\/strong> Aus berechtigtem Interesse des Verantwortlichen: zur Pflege einer Gesch\u00e4ftsbeziehung. Mit Zustimmung des Betroffenen: Zusendung von Mitteilungen \u00fcber Produkte oder Dienstleistungen.<\/li><li><strong>Kriterien f\u00fcr die Datenaufbewahrung:<\/strong> Sie werden so lange aufbewahrt, wie ein gegenseitiges Interesse an der Aufrechterhaltung des Zwecks der Verarbeitung besteht, und wenn sie f\u00fcr diesen Zweck nicht mehr erforderlich sind, werden sie mit geeigneten Sicherheitsma\u00dfnahmen gel\u00f6scht, um die Pseudonymisierung der Daten oder die vollst\u00e4ndige Vernichtung der Daten zu gew\u00e4hrleisten.<\/li><li><strong>Communication of data:<\/strong> The data will not be communicated to third parties, unless legally obliged to do so.<\/li><li><strong>Internationale Daten\u00fcbertragungen:<\/strong> Sie werden nicht durchgef\u00fchrt.<\/li><li><strong>Rights of the user:<\/strong> Right to withdraw consent at any time. Right of access, rectification, portability and deletion of your data and to limit or oppose its processing. Right to file a complaint with the supervisory authority (aepd.es) if you consider that the treatment does not comply with current regulations.<\/li><\/ul><p>Kontaktinformationen zur Aus\u00fcbung Ihrer Rechte: Agresta S. Coop DUQUE DE FERNAN NU\u00d1EZ, 2 1\u00ba - 28012 MADRID (Madrid). E-Mail: datos@agresta.org<\/p><\/div>\n","protected":false},"excerpt":{"rendered":"<p>F\u00fcr weitere Informationen oder um eine Demo von Forestmap anzufordern, benutzen Sie bitte das untenstehende Formular:<\/p>\n","protected":false},"author":1,"featured_media":0,"parent":0,"menu_order":0,"comment_status":"closed","ping_status":"closed","template":"","meta":{"footnotes":""},"class_list":{"0":"post-9825","1":"page","2":"type-page","3":"status-publish","5":"no-featured-image-padding"},"_links":{"self":[{"href":"https:\/\/forestmap.eu\/de\/wp-json\/wp\/v2\/pages\/9825","targetHints":{"allow":["GET"]}}],"collection":[{"href":"https:\/\/forestmap.eu\/de\/wp-json\/wp\/v2\/pages"}],"about":[{"href":"https:\/\/forestmap.eu\/de\/wp-json\/wp\/v2\/types\/page"}],"author":[{"embeddable":true,"href":"https:\/\/forestmap.eu\/de\/wp-json\/wp\/v2\/users\/1"}],"replies":[{"embeddable":true,"href":"https:\/\/forestmap.eu\/de\/wp-json\/wp\/v2\/comments?post=9825"}],"version-history":[{"count":2,"href":"https:\/\/forestmap.eu\/de\/wp-json\/wp\/v2\/pages\/9825\/revisions"}],"predecessor-version":[{"id":9828,"href":"https:\/\/forestmap.eu\/de\/wp-json\/wp\/v2\/pages\/9825\/revisions\/9828"}],"wp:attachment":[{"href":"https:\/\/forestmap.eu\/de\/wp-json\/wp\/v2\/media?parent=9825"}],"curies":[{"name":"wp","href":"https:\/\/api.w.org\/{rel}","templated":true}]}}