{"id":9834,"date":"2021-07-27T12:16:13","date_gmt":"2021-07-27T12:16:13","guid":{"rendered":"https:\/\/forestmap.eu\/?page_id=9834"},"modified":"2022-07-21T16:01:05","modified_gmt":"2022-07-21T16:01:05","slug":"cookies-politik","status":"publish","type":"page","link":"https:\/\/forestmap.eu\/de\/cookies-politik\/","title":{"rendered":"Cookies-Politik"},"content":{"rendered":"\n<h2 class=\"wp-block-heading\">INFORMATIONEN \u00dcBER COOKIES<\/h2>\n\n<p>Aufgrund des Inkrafttretens der \u00c4nderung des &#8222;Gesetzes \u00fcber die Dienste der Informationsgesellschaft&#8220; (LSSICE), das durch das K\u00f6nigliche Dekret 13\/2012 eingef\u00fchrt wurde, ist es zwingend erforderlich, die ausdr\u00fcckliche Zustimmung des Nutzers aller Webseiten, die entbehrliche Cookies verwenden, einzuholen, bevor er sie besucht.<\/p>\n\n<h2 class=\"wp-block-heading\">WAS SIND COOKIES?<\/h2>\n\n<p>Die Verwendung dieser Ger\u00e4te erm\u00f6glicht es dem Webserver, sich einige Daten \u00fcber den Benutzer zu merken, wie z. B. Ihre Pr\u00e4ferenzen f\u00fcr die Anzeige der Seiten dieses Servers, Ihren Namen und Ihr Passwort, die Produkte, die Sie am meisten interessieren, usw.<\/p>\n\n<h2 class=\"wp-block-heading\">VON DER VERORDNUNG BETROFFENE COOKIES UND AUSGENOMMENE COOKIES<\/h2>\n\n<p>Gem\u00e4\u00df der EU-Richtlinie handelt es sich bei den Cookies, f\u00fcr die eine informierte Zustimmung des Nutzers erforderlich ist, um analytische Cookies sowie Werbe- und Partnerschafts-Cookies, mit Ausnahme von technischen Cookies und solchen, die f\u00fcr den Betrieb der Website oder die Erbringung der vom Nutzer ausdr\u00fccklich gew\u00fcnschten Dienstleistungen erforderlich sind.<\/p>\n\n<h2 class=\"wp-block-heading\">ARTEN VON COOKIES<\/h2>\n\n<h3 class=\"wp-block-heading\">ENTSPRECHEND DEM ZWECK<\/h3>\n\n<p>Technische und funktionale Cookies: Sie erm\u00f6glichen dem Nutzer die Navigation auf einer Webseite, Plattform oder Anwendung und die Nutzung der verschiedenen Optionen oder Dienste, die darin enthalten sind.<\/p>\n\n<p>Analytische Cookies: Diese erm\u00f6glichen es dem Verantwortlichen, das Verhalten der Nutzer der Websites, mit denen sie verbunden sind, zu \u00fcberwachen und zu analysieren. Die durch diese Art von Cookies gesammelten Informationen werden verwendet, um die Aktivit\u00e4t der Websites, Anwendungen oder Plattformen zu messen und f\u00fcr die Erstellung von Browsing-Profilen der Nutzer dieser Websites, Anwendungen und Plattformen, um Verbesserungen auf der Grundlage der Analyse der Nutzungsdaten der Nutzer des Dienstes einzuf\u00fchren.<\/p>\n\n<p>Werbe-Cookies: sind Cookies, die eine m\u00f6glichst effiziente Verwaltung der Werbefl\u00e4chen erm\u00f6glichen, die der Herausgeber gegebenenfalls auf einer Website, einer Anwendung oder einer Plattform eingerichtet hat, von der aus er den angeforderten Dienst anbietet, und zwar auf der Grundlage von Kriterien wie dem bearbeiteten Inhalt oder der H\u00e4ufigkeit, mit der die Werbung angezeigt wird.<\/p>\n\n<p>Cookies f\u00fcr verhaltensbasierte Werbung: Sie sammeln Informationen \u00fcber die Vorlieben und pers\u00f6nlichen Entscheidungen des Nutzers (Retargeting), um die Werbefl\u00e4chen, die der Herausgeber gegebenenfalls auf einer Webseite, Anwendung oder Plattform, von der aus er den angeforderten Dienst anbietet, eingef\u00fcgt hat, m\u00f6glichst effizient zu verwalten.<\/p>\n\n<p>Soziale Cookies: Diese werden von Social-Media-Plattformen in den Diensten gesetzt, damit Sie Inhalte mit Ihren Freunden und Netzwerken teilen k\u00f6nnen. Social-Media-Plattformen haben die M\u00f6glichkeit, Ihre Online-Aktivit\u00e4ten au\u00dferhalb der Dienste zu verfolgen. Dies kann sich auf die Inhalte und Nachrichten auswirken, die Sie bei anderen von Ihnen besuchten Diensten sehen.<\/p>\n\n<p>Partner-Cookies: erm\u00f6glichen die Verfolgung von Besuchen, die von anderen Websites kommen, mit denen die Website einen Partnerschaftsvertrag abgeschlossen hat (Partnerunternehmen).<\/p>\n\n<p>Sicherheits-Cookies: Sie speichern verschl\u00fcsselte Informationen, um zu verhindern, dass die in ihnen gespeicherten Daten durch b\u00f6swillige Angriffe Dritter gef\u00e4hrdet werden.<\/p>\n\n<h3 class=\"wp-block-heading\">ENTSPRECHEND DER EIGENSCHAFT<\/h3>\n\n<p>Eigene Cookies: Cookies, die von einem Computer oder einer Dom\u00e4ne, die vom Herausgeber selbst verwaltet wird und von der aus der vom Benutzer angeforderte Dienst erbracht wird, an das Endger\u00e4t des Benutzers gesendet werden.<\/p>\n\n<p>Cookies von Dritten: Cookies, die von einem Computer oder einer Dom\u00e4ne, die nicht vom Herausgeber, sondern von einer anderen Einheit, die die durch Cookies erhaltenen Daten verarbeitet, an das Endger\u00e4t des Benutzers gesendet werden.<\/p>\n\n<h3 class=\"wp-block-heading\">ENTSPRECHEND DER DAUER<\/h3>\n\n<p>Sitzungscookies: Diese Art von Cookies dient dazu, Daten zu sammeln und zu speichern, w\u00e4hrend der Nutzer auf eine Webseite zugreift.<\/p>\n\n<p>Dauerhafte Cookies: Es handelt sich um einen Cookie-Typ, bei dem die Daten auf dem Endger\u00e4t gespeichert bleiben und f\u00fcr einen von der f\u00fcr den Cookie verantwortlichen Partei festgelegten Zeitraum, der von einigen Minuten bis zu mehreren Jahren reichen kann, abgerufen und verarbeitet werden k\u00f6nnen.<\/p>\n\n<h2 class=\"wp-block-heading\">VERARBEITUNG VON PERSONENBEZOGENEN DATEN<\/h2>\n\n<p>Agresta S. Coop ist der f\u00fcr die Verarbeitung der personenbezogenen Daten der betroffenen Person Verantwortliche und teilt Ihnen mit, dass diese Daten gem\u00e4\u00df den Bestimmungen der Verordnung (EU) 2016\/679 vom 27. April 2016 (GDPR) verarbeitet werden, f\u00fcr die Sie die folgenden Verarbeitungsinformationen erhalten:<\/p>\n\n<ul class=\"wp-block-list\"><li>Zwecke der Verarbeitung: wie im Abschnitt \u00fcber die auf dieser Website verwendeten Cookies angegeben.<\/li><li>Legitimation der Verarbeitung: durch die Einwilligung der betroffenen Person (Art. 6.1 GDPR).<\/li><li>Kriterien f\u00fcr die Datenspeicherung: wie im Abschnitt \u00fcber die auf der Website verwendeten Cookies angegeben.<\/li><li>Weitergabe von Daten: Die Daten werden nicht an Dritte weitergegeben, es sei denn, es handelt sich um Cookies, die Dritten geh\u00f6ren, oder um eine gesetzliche Verpflichtung.<\/li><\/ul>\n\n<p>Rechte der betroffenen Person:<\/p>\n\n<ul class=\"wp-block-list\"><li>Recht auf jederzeitigen Widerruf der Einwilligung.<\/li><li>Recht auf Zugang, Berichtigung, \u00dcbertragbarkeit und L\u00f6schung ihrer Daten sowie auf Einschr\u00e4nkung der Verarbeitung oder Einspruch dagegen.<\/li><li>Recht auf Beschwerde bei der Aufsichtsbeh\u00f6rde (www.aepd.es), wenn er\/sie der Ansicht ist, dass die Verarbeitung nicht mit den geltenden Vorschriften \u00fcbereinstimmt.<\/li><\/ul>\n\n<p>Kontaktinformationen zur Aus\u00fcbung Ihrer Rechte: Agresta S. Coop. DUQUE DE FERNAN NU\u00d1EZ, 2 1\u00ba &#8211; 28012 MADRID (Madrid). E-Mail: datos@agresta.org.<\/p>\n\n<h2 class=\"wp-block-heading\">TECHNISCHE UND FUNKTIONALE COOKIES, DIE IN FORESTMAP VERWENDET WERDEN<\/h2>\n<figure class=\"wp-block-table\">\r\n   <table>\r\n      <tbody>\r\n         <tr>\r\n            <td><strong>Eigentum<\/strong><\/td>\r\n            <td><strong>Cookie<\/strong><\/td>\r\n            <td><strong>Zweck<\/strong><\/td>\r\n            <td><strong>Dauer<\/strong><\/td>\r\n         <\/tr>\r\n         <tr>\r\n            <td>sme.agrestaweb.org<\/td>\r\n            <td>localStorage.logged<\/td>\r\n            <td>Wird verwendet, um festzustellen, ob der Benutzer bereits bei ForestMap angemeldet ist.<\/td>\r\n            <td>Persistent<\/td>\r\n         <\/tr>\r\n         <tr>\r\n            <td>sme.agrestaweb.org<\/td>\r\n            <td>localStorage.ngStorage-lg<\/td>\r\n            <td>Dient zum Speichern der Benutzer-Spracheinstellungen.<\/td>\r\n            <td>Persistent<\/td>\r\n         <\/tr>\r\n         <tr>\r\n            <td>sme.agrestaweb.org<\/td>\r\n            <td>localStorage.currentUser<\/td>\r\n            <td>Dient zum Speichern von Benutzereinstellungen.<\/td>\r\n            <td>Persistent<\/td>\r\n         <\/tr>\r\n         <tr>\r\n            <td>sme.agrestaweb.org<\/td>\r\n            <td>moove_gdpr_popup<\/td>\r\n            <td>Wird verwendet, um die Cookie-Einstellungen des Benutzers zu speichern.<\/td>\r\n            <td>1 Jahr<\/td>\r\n         <\/tr>\r\n      <\/tbody>\r\n   <\/table>\r\n<\/figure>","protected":false},"excerpt":{"rendered":"<p>INFORMATIONEN \u00dcBER COOKIES Aufgrund des Inkrafttretens der \u00c4nderung des &#8222;Gesetzes \u00fcber die Dienste der Informationsgesellschaft&#8220; (LSSICE), das durch das K\u00f6nigliche Dekret 13\/2012 eingef\u00fchrt wurde, ist es zwingend erforderlich, die ausdr\u00fcckliche Zustimmung des Nutzers aller Webseiten, die entbehrliche Cookies verwenden, einzuholen, bevor er sie besucht. WAS SIND COOKIES? Die Verwendung dieser Ger\u00e4te erm\u00f6glicht es dem Webserver, &#8230; <a title=\"Cookies-Politik\" class=\"read-more\" href=\"https:\/\/forestmap.eu\/de\/cookies-politik\/\" aria-label=\"Mehr zu Cookies-Politik\">Weiterlesen &#8230;<\/a><\/p>\n","protected":false},"author":1,"featured_media":0,"parent":0,"menu_order":0,"comment_status":"closed","ping_status":"closed","template":"","meta":{"footnotes":""},"class_list":{"0":"post-9834","1":"page","2":"type-page","3":"status-publish","5":"no-featured-image-padding"},"_links":{"self":[{"href":"https:\/\/forestmap.eu\/de\/wp-json\/wp\/v2\/pages\/9834","targetHints":{"allow":["GET"]}}],"collection":[{"href":"https:\/\/forestmap.eu\/de\/wp-json\/wp\/v2\/pages"}],"about":[{"href":"https:\/\/forestmap.eu\/de\/wp-json\/wp\/v2\/types\/page"}],"author":[{"embeddable":true,"href":"https:\/\/forestmap.eu\/de\/wp-json\/wp\/v2\/users\/1"}],"replies":[{"embeddable":true,"href":"https:\/\/forestmap.eu\/de\/wp-json\/wp\/v2\/comments?post=9834"}],"version-history":[{"count":1,"href":"https:\/\/forestmap.eu\/de\/wp-json\/wp\/v2\/pages\/9834\/revisions"}],"predecessor-version":[{"id":9835,"href":"https:\/\/forestmap.eu\/de\/wp-json\/wp\/v2\/pages\/9834\/revisions\/9835"}],"wp:attachment":[{"href":"https:\/\/forestmap.eu\/de\/wp-json\/wp\/v2\/media?parent=9834"}],"curies":[{"name":"wp","href":"https:\/\/api.w.org\/{rel}","templated":true}]}}