{"id":9836,"date":"2021-07-27T12:15:24","date_gmt":"2021-07-27T12:15:24","guid":{"rendered":"https:\/\/forestmap.eu\/?page_id=9836"},"modified":"2022-07-21T16:01:45","modified_gmt":"2022-07-21T16:01:45","slug":"rechtlicher-hinweis","status":"publish","type":"page","link":"https:\/\/forestmap.eu\/de\/rechtlicher-hinweis\/","title":{"rendered":"Rechtlicher Hinweis"},"content":{"rendered":"\n<h2 class=\"wp-block-heading\"> GESETZ \u00dcBER DIENSTE DER INFORMATIONSGESELLSCHAFT (LSSI)<\/h2>\n\n<p>Agresta S. Coop, die f\u00fcr die Website verantwortliche Person, nachfolgend KONTROLLEUR genannt, stellt den Nutzern dieses Dokument zur Verf\u00fcgung, das dazu dient, die im Gesetz 34\/2002 vom 11. Juli \u00fcber die Dienste der Informationsgesellschaft und des elektronischen Gesch\u00e4ftsverkehrs (LSSICE), Spanisches Staatsblatt Nr. \u00ba 166, vorgesehenen Verpflichtungen zu erf\u00fcllen und alle Nutzer der Website \u00fcber die Nutzungsbedingungen zu informieren.<\/p>\n\n<p>Jede Person, die auf diese Website zugreift, erwirbt den Status eines Nutzers und verpflichtet sich als solcher, die hierin enthaltenen Bestimmungen sowie alle anderen anwendbaren gesetzlichen Bestimmungen strikt zu beachten und einzuhalten. <\/p>\n\n<p>Agresta S. Coop beh\u00e4lt sich das Recht vor, jede Art von Informationen, die auf der Website erscheinen k\u00f6nnen, zu \u00e4ndern, und ist nicht verpflichtet, die Benutzer vorher zu benachrichtigen oder \u00fcber solche Verpflichtungen zu informieren, wobei die Ver\u00f6ffentlichung auf der Website von Agresta S. Coop als ausreichend angesehen wird.<\/p>\n\n<h2 class=\"wp-block-heading\"> 1. IDENTIFIKATIONSDATEN<\/h2>\n\n<ul class=\"wp-block-list\"><li>Dom\u00e4nenname: agresta.org<\/li><li>Handelsname: Agresta S. Coop. Mad<\/li><li>Name des Unternehmens: Agresta S. Coop<\/li><li>TIN: F82718131<\/li><li>Eingetragene Anschrift: C\/ Duque de Fern\u00e1n N\u00fa\u00f1ez, 2 1, 28012 MADRID (MADRID)<\/li><li>Telefon: 913 540 213<\/li><li>E-Mail: agresta@agresta.org<\/li><li>Genossenschaftsregister der Gemeinschaft Madrid, Nr. 28\/CM-3337, Band 23, Folio 3373.<\/li><\/ul>\n\n<h2 class=\"wp-block-heading\">2. RECHTE AN GEISTIGEM UND GEWERBLICHEM EIGENTUM<\/h2>\n\n<p>Die Website, einschlie\u00dflich, aber nicht beschr\u00e4nkt auf ihre Programmierung, Bearbeitung, Zusammenstellung und andere f\u00fcr ihren Betrieb notwendige Elemente, die Designs, Logos, Texte und\/oder Grafiken, sind Eigentum des BETREIBERS oder, falls zutreffend, verf\u00fcgen sie \u00fcber eine ausdr\u00fcckliche Lizenz oder eine ausdr\u00fcckliche Genehmigung der Urheber. Alle Inhalte der Website sind durch die Gesetze \u00fcber geistiges und gewerbliches Eigentum ordnungsgem\u00e4\u00df gesch\u00fctzt und in den entsprechenden \u00f6ffentlichen Registern eingetragen. <\/p>\n\n<p>Unabh\u00e4ngig vom Verwendungszweck bedarf die vollst\u00e4ndige oder teilweise Vervielf\u00e4ltigung, Nutzung, Verwertung, Verbreitung und Vermarktung in jedem Fall der vorherigen schriftlichen Genehmigung durch den VERANTWORTLICHEN. Jede nicht genehmigte Nutzung wird als schwerwiegende Verletzung der Rechte des Urhebers am geistigen oder gewerblichen Eigentum angesehen. <\/p>\n\n<p>Die Designs, Logos, Texte und\/oder Grafiken, die nicht dem CONTROLLER geh\u00f6ren und die auf der Website erscheinen k\u00f6nnen, geh\u00f6ren ihren jeweiligen Eigent\u00fcmern, die f\u00fcr eventuelle Streitigkeiten in Bezug auf diese verantwortlich sind. Der AUFTRAGGEBER gestattet Dritten ausdr\u00fccklich die Weiterleitung auf den spezifischen Inhalt der Website und in jedem Fall die Weiterleitung auf die Hauptwebsite von agresta.org. <\/p>\n\n<p>Der BETREIBER erkennt die entsprechenden geistigen und gewerblichen Eigentumsrechte zugunsten ihrer Eigent\u00fcmer an, und die Erw\u00e4hnung oder das Erscheinen auf der Website impliziert weder das Bestehen von Rechten oder Verantwortung f\u00fcr diese, noch impliziert sie eine Bef\u00fcrwortung, ein Sponsoring oder eine Empfehlung durch die Website. Hinweise auf eine m\u00f6gliche Verletzung von Rechten an geistigem oder gewerblichem Eigentum sowie auf den Inhalt der Website k\u00f6nnen unter agresta@agresta.org vorgebracht werden.<\/p>\n\n<h2 class=\"wp-block-heading\">3. HAFTUNGSAUSSCHLUSS<\/h2>\n\n<p>Der CONTROLLER ist von jeglicher Haftung f\u00fcr die auf seiner Website ver\u00f6ffentlichten Informationen befreit, wenn diese Informationen von einem Dritten, der nicht mit dem CONTROLLER in Verbindung steht, manipuliert oder eingef\u00fcgt worden sind.<\/p>\n\n<h3 class=\"wp-block-heading\">Verwendung von Cookies<\/h3>\n\n<p>Diese Website verwendet technische Cookies (kleine Dateien mit Informationen, die der Server an den Computer des Website-Nutzers sendet), um bestimmte Funktionen auszuf\u00fchren, die f\u00fcr das korrekte Funktionieren und die Vorschau der Website als notwendig erachtet werden. In jedem Fall handelt es sich um tempor\u00e4re Cookies, die ausschlie\u00dflich dazu dienen, die Navigation auf der Website effizienter zu gestalten, und die am Ende der Sitzung des Nutzers wieder gel\u00f6scht werden. In keinem Fall liefern diese Cookies selbst personenbezogene Daten und werden nicht f\u00fcr die Sammlung solcher Daten verwendet.<\/p>\n\n<p>Durch die Verwendung von Cookies ist es dem Server, auf dem sich die Website befindet, auch m\u00f6glich, den vom Nutzer verwendeten Browser zu erkennen, um die Navigation zu erleichtern und es beispielsweise Nutzern, die sich zuvor registriert haben, zu erm\u00f6glichen, auf die ausschlie\u00dflich ihnen vorbehaltenen Bereiche, Dienste, Aktionen oder Wettbewerbe zuzugreifen, ohne sich bei jedem Besuch erneut registrieren zu m\u00fcssen. Sie k\u00f6nnen auch verwendet werden, um das Publikum oder Verkehrsparameter zu messen, den Verlauf und die Anzahl der Teilnahmen zu \u00fcberwachen usw. In diesen F\u00e4llen sind die verwendeten Cookies technisch nicht notwendig, aber f\u00fcr den Nutzer von Vorteil. Auf dieser Website werden keine nicht wesentlichen Cookies ohne vorherige Zustimmung des Nutzers installiert.<\/p>\n\n<p>Der Nutzer kann seinen Browser so konfigurieren, dass er \u00fcber den Empfang von Cookies informiert wird und deren Installation auf seinem Computer verhindert. F\u00fcr weitere Informationen konsultieren Sie bitte die Anleitung Ihres Browsers.<\/p>\n\n<h3 class=\"wp-block-heading\">Link-Politik<\/h3>\n\n<p>Der Nutzer dieser Website kann auf Inhalte von Websites Dritter weitergeleitet werden. Da der CONTROLLER die Inhalte der Websites Dritter nicht immer kontrollieren kann, \u00fcbernimmt er keinerlei Verantwortung f\u00fcr diese Inhalte. In jedem Fall wird der BETREIBER unverz\u00fcglich alle Inhalte entfernen, die gegen nationale oder internationale Gesetze, die guten Sitten oder die \u00f6ffentliche Ordnung versto\u00dfen, und die Weiterleitung zu dieser Website unverz\u00fcglich aufheben und die zust\u00e4ndigen Beh\u00f6rden \u00fcber den betreffenden Inhalt informieren. <\/p>\n\n<p>Der CONTROLLER ist nicht verantwortlich f\u00fcr die Informationen und Inhalte, die in Foren, Chats, Bloggeneratoren, Kommentaren, sozialen Netzwerken oder anderen Mitteln gefunden werden, die es Dritten erm\u00f6glichen, Inhalte unabh\u00e4ngig auf der Website des CONTROLLERS zu ver\u00f6ffentlichen. In \u00dcbereinstimmung mit den Gesetzen 11 und 16 des LSSICE werden die Inhalte Dritter jedoch allen Nutzern, Beh\u00f6rden und Strafverfolgungsbeh\u00f6rden zur Verf\u00fcgung gestellt, die direkt an der R\u00fccknahme oder Sperrung aller Inhalte mitwirken, die das nationale oder internationale Recht, die Rechte Dritter oder die \u00f6ffentliche Moral und \u00f6ffentliche Ordnung beeintr\u00e4chtigen oder verletzen k\u00f6nnten. Sollte der Nutzer der Ansicht sein, dass sich auf der Website Inhalte befinden, die als solche betrachtet werden k\u00f6nnten, so ist der Administrator der Website unverz\u00fcglich zu benachrichtigen. <\/p>\n\n<p>Diese Website wurde \u00fcberarbeitet und getestet, um ihr korrektes Funktionieren zu erm\u00f6glichen. Im Prinzip kann das ordnungsgem\u00e4\u00dfe Funktionieren 365 Tage im Jahr, 24 Stunden am Tag garantiert werden. Der CONTROLLER schlie\u00dft jedoch nicht aus, dass bestimmte Programmierfehler auftreten oder dass h\u00f6here Gewalt, Naturkatastrophen, Streiks oder \u00e4hnliche Umst\u00e4nde den Zugriff auf die Website unm\u00f6glich machen.<\/p>\n\n<h3 class=\"wp-block-heading\">IP-Adressen<\/h3>\n\n<p>Die Server der Website k\u00f6nnen automatisch die IP-Adresse und den Dom\u00e4nennamen des Nutzers erkennen. Eine IP-Adresse ist eine Nummer, die einem Computer automatisch zugewiesen wird, wenn er mit dem Internet verbunden ist. Alle diese Informationen werden in einem Systemprotokoll auf dem Server gespeichert, das die sp\u00e4tere Verarbeitung der Daten erm\u00f6glicht, um ausschlie\u00dflich statistische Messungen zu erhalten, die uns die Anzahl der Seitenaufrufe, die Anzahl der Besuche auf den Webservern, die Reihenfolge der Besuche, den Zugangspunkt usw. zeigen.<\/p>\n\n<h2 class=\"wp-block-heading\">4. ANWENDBARES RECHT UND GERICHTSBARKEIT<\/h2>\n\n<p>Das spanische Recht, dem sich die Parteien ausdr\u00fccklich unterwerfen, ist auf alle Streitigkeiten oder Fragen im Zusammenhang mit dieser Website oder den auf ihr durchgef\u00fchrten Aktivit\u00e4ten anwendbar, und die Gerichte in der N\u00e4he von MADRID sind f\u00fcr die Beilegung aller Konflikte zust\u00e4ndig, die sich aus der Nutzung dieser Website ergeben oder damit zusammenh\u00e4ngen.<\/p>\n","protected":false},"excerpt":{"rendered":"<p>GESETZ \u00dcBER DIENSTE DER INFORMATIONSGESELLSCHAFT (LSSI) Agresta S. Coop, die f\u00fcr die Website verantwortliche Person, nachfolgend KONTROLLEUR genannt, stellt den Nutzern dieses Dokument zur Verf\u00fcgung, das dazu dient, die im Gesetz 34\/2002 vom 11. Juli \u00fcber die Dienste der Informationsgesellschaft und des elektronischen Gesch\u00e4ftsverkehrs (LSSICE), Spanisches Staatsblatt Nr. \u00ba 166, vorgesehenen Verpflichtungen zu erf\u00fcllen und &#8230; <a title=\"Rechtlicher Hinweis\" class=\"read-more\" href=\"https:\/\/forestmap.eu\/de\/rechtlicher-hinweis\/\" aria-label=\"Mehr zu Rechtlicher Hinweis\">Weiterlesen &#8230;<\/a><\/p>\n","protected":false},"author":1,"featured_media":0,"parent":0,"menu_order":0,"comment_status":"closed","ping_status":"closed","template":"","meta":{"footnotes":""},"class_list":{"0":"post-9836","1":"page","2":"type-page","3":"status-publish","5":"no-featured-image-padding"},"_links":{"self":[{"href":"https:\/\/forestmap.eu\/de\/wp-json\/wp\/v2\/pages\/9836","targetHints":{"allow":["GET"]}}],"collection":[{"href":"https:\/\/forestmap.eu\/de\/wp-json\/wp\/v2\/pages"}],"about":[{"href":"https:\/\/forestmap.eu\/de\/wp-json\/wp\/v2\/types\/page"}],"author":[{"embeddable":true,"href":"https:\/\/forestmap.eu\/de\/wp-json\/wp\/v2\/users\/1"}],"replies":[{"embeddable":true,"href":"https:\/\/forestmap.eu\/de\/wp-json\/wp\/v2\/comments?post=9836"}],"version-history":[{"count":1,"href":"https:\/\/forestmap.eu\/de\/wp-json\/wp\/v2\/pages\/9836\/revisions"}],"predecessor-version":[{"id":9837,"href":"https:\/\/forestmap.eu\/de\/wp-json\/wp\/v2\/pages\/9836\/revisions\/9837"}],"wp:attachment":[{"href":"https:\/\/forestmap.eu\/de\/wp-json\/wp\/v2\/media?parent=9836"}],"curies":[{"name":"wp","href":"https:\/\/api.w.org\/{rel}","templated":true}]}}