{"id":9838,"date":"2021-07-27T12:16:43","date_gmt":"2021-07-27T12:16:43","guid":{"rendered":"https:\/\/forestmap.eu\/?page_id=9838"},"modified":"2022-07-21T16:01:24","modified_gmt":"2022-07-21T16:01:24","slug":"politik-der-vorzugsbehandlung","status":"publish","type":"page","link":"https:\/\/forestmap.eu\/de\/politik-der-vorzugsbehandlung\/","title":{"rendered":"Politik der Vorzugsbehandlung"},"content":{"rendered":"\n<h2 class=\"wp-block-heading\">1. BENUTZERINFORMATIONEN<\/h2>\n\n<h3 class=\"wp-block-heading\">Wer ist der f\u00fcr die Verarbeitung Ihrer personenbezogenen Daten Verantwortliche?<\/h3>\n\n<p>Agresta S. Coop ist der VERANTWORTLICHE f\u00fcr die personenbezogenen Daten des BENUTZERS und informiert ihn dar\u00fcber, dass diese Daten in \u00dcbereinstimmung mit den Bestimmungen der Verordnung (EU) 2016\/679 vom 27. April (GDPR) und dem Organgesetz 3\/2018 vom 5. Dezember (LOPDGDD) verarbeitet werden.<\/p>\n\n<h3 class=\"wp-block-heading\">Warum verarbeiten wir Ihre personenbezogenen Daten?<\/h3>\n\n<p>Aufrechterhaltung einer Gesch\u00e4ftsbeziehung mit dem Nutzer. Die geplanten Verarbeitungsvorg\u00e4nge sind:<\/p>\n\n<ul class=\"wp-block-list\"><li>Das Versenden von kommerziellen Werbemitteilungen per E-Mail, Fax, SMS, MMS, soziale Netzwerke oder durch andere gegenw\u00e4rtige oder zuk\u00fcnftige elektronische oder physische Mittel, die es erm\u00f6glichen, kommerzielle Mitteilungen durchzuf\u00fchren. Diese Mitteilungen erfolgen durch den BETREIBER und beziehen sich auf seine Produkte und Dienstleistungen oder auf die seiner Partner oder Lieferanten, mit denen er eine Werbevereinbarung getroffen hat. In diesem Fall haben die Dritten niemals Zugang zu den personenbezogenen Daten. <\/li><li>Durchf\u00fchrung von Marktforschung und statistischen Analysen.<\/li><li>Bearbeitung von Auftr\u00e4gen, Anfragen, Beantwortung von Anfragen oder jeder Art von Ersuchen, die vom BENUTZER \u00fcber eine der auf der Website des BETREIBERS verf\u00fcgbaren Kontaktmethoden gestellt werden.<\/li><li>Senden Sie den Online-Newsletter \u00fcber Neuigkeiten, Angebote und Promotionen in unserer T\u00e4tigkeit.<\/li><\/ul>\n\n<h3 class=\"wp-block-heading\">Warum k\u00f6nnen wir Ihre personenbezogenen Daten verarbeiten?<\/h3>\n\n<p>Weil die Verarbeitung durch Artikel 6 der DSGVO wie folgt legitimiert ist:<\/p>\n\n<ul class=\"wp-block-list\"><li>Im berechtigten Interesse des BETREIBERS: Durchf\u00fchrung von Marktforschungen, statistischen Analysen usw. und Bearbeitung von Bestellungen, Anfragen usw. auf Wunsch des BENUTZERS.<\/li><li>Im berechtigten Interesse des BETREIBERS: Durchf\u00fchrung von Marktforschungen, statistischen Analysen usw. und Bearbeitung von Bestellungen, Anfragen usw. auf Wunsch des BENUTZERS.<\/li><\/ul>\n\n<h3 class=\"wp-block-heading\">Wie lange werden wir Ihre personenbezogenen Daten aufbewahren?<\/h3>\n\n<p>Die Daten werden nur so lange gespeichert, wie es f\u00fcr die Aufrechterhaltung des Zwecks der Verarbeitung erforderlich ist, oder solange es gesetzliche Vorschriften gibt, die ihre Aufbewahrung vorschreiben, und wenn dieser Zweck nicht mehr erforderlich ist, werden die Daten mit geeigneten Sicherheitsma\u00dfnahmen gel\u00f6scht, um die Anonymisierung der Daten oder ihre vollst\u00e4ndige Vernichtung zu gew\u00e4hrleisten. <\/p>\n\n<h3 class=\"wp-block-heading\">An wen geben wir Ihre pers\u00f6nlichen Daten weiter?<\/h3>\n\n<p>Es ist nicht vorgesehen, personenbezogene Daten an Dritte weiterzugeben, es sei denn, dies ist f\u00fcr die Entwicklung und Ausf\u00fchrung der Zwecke der Verarbeitung erforderlich, und zwar an unsere Lieferanten von Dienstleistungen im Zusammenhang mit der Kommunikation, mit denen der BETREIBER die nach den geltenden Datenschutzvorschriften erforderlichen Vertraulichkeits- und Datenverarbeitungsvertr\u00e4ge unterzeichnet hat.<\/p>\n\n<h4 class=\"wp-block-heading\">Stripe, Inc.<\/h4>\n\n<p>Bei ForestMap verwenden wir das Stripe-Zahlungsgateway f\u00fcr die Zahlungsabwicklung. Stripe bietet Dienstleistungen an, die es Plattformen und H\u00e4ndlern erm\u00f6glichen, Gesch\u00e4fte zu betreiben und sichere Online-Zahlungstransaktionen durchzuf\u00fchren. Im Falle einer Zahlungsbestellung \u00fcber ForestMap werden die angegebenen Daten ausschlie\u00dflich zum Zweck der Abwicklung Ihrer Bestellung an Stripe weitergeleitet. Weitere Informationen finden Sie in der <a href=\"https:\/\/stripe.com\/en-es\/privacy\">Datenschutzrichtlinie von Stripe<\/a>.<\/p>\n\n<h3 class=\"wp-block-heading\">Welche Rechte haben Sie?<\/h3>\n\n<p>Die Rechte des BENUTZERS sind:<\/p>\n\n<ul class=\"wp-block-list\"><li>Recht auf jederzeitigen Widerruf der Einwilligung.<\/li><li>Recht auf Zugang, Berichtigung, \u00dcbertragbarkeit und L\u00f6schung ihrer Daten sowie auf Einschr\u00e4nkung der Verarbeitung oder Einspruch dagegen.<\/li><li>Das Recht, eine Beschwerde bei der spanischen Aufsichtsbeh\u00f6rde (www.aepd.es) einzureichen, wenn Sie der Meinung sind, dass die Verarbeitung nicht mit den geltenden Rechtsvorschriften \u00fcbereinstimmt.<\/li><\/ul>\n\n<h3 class=\"wp-block-heading\">Kontaktinformationen f\u00fcr die Aus\u00fcbung der Rechte:<\/h3>\n\n<p>Agresta S. Coop. DUQUE DE FERNAN NU\u00d1EZ, 2 1\u00ba &#8211; 28012 MADRID (Madrid). E-Mail: datos@agresta.org<\/p>\n\n<h2 class=\"wp-block-heading\">2. OBLIGATORISCHER ODER FAKULTATIVER CHARAKTER DER VOM NUTZER GEMACHTEN ANGABEN<\/h2>\n\n<p>Die BENUTZER erkl\u00e4ren sich durch Ankreuzen der entsprechenden K\u00e4stchen und Eingabe von Daten in die mit einem Sternchen (*) gekennzeichneten Felder im Kontaktformular oder in den Download-Formularen ausdr\u00fccklich und unmissverst\u00e4ndlich damit einverstanden, dass ihre Daten f\u00fcr den ANBIETER erforderlich sind, um ihre Anfrage zu erf\u00fcllen, indem sie ihre Daten freiwillig in die \u00fcbrigen Felder eintragen. Der BENUTZER versichert, dass die dem BETREIBER zur Verf\u00fcgung gestellten personenbezogenen Daten der Wahrheit entsprechen, und ist f\u00fcr die Mitteilung etwaiger \u00c4nderungen dieser Daten verantwortlich.<\/p>\n\n<p>Der VERANTWORTLICHE teilt mit, dass alle \u00fcber die Website angeforderten Daten obligatorisch sind, da sie f\u00fcr die Erbringung einer optimalen Dienstleistung f\u00fcr den BENUTZER erforderlich sind. Falls nicht alle Daten zur Verf\u00fcgung gestellt werden, gibt es keine Garantie daf\u00fcr, dass die bereitgestellten Informationen und Dienstleistungen vollst\u00e4ndig an die Bed\u00fcrfnisse des Nutzers angepasst werden.<\/p>\n\n<h2 class=\"wp-block-heading\">3. SICHERHEITSMASSNAHMEN<\/h2>\n\n<p>dass der BETREIBER gem\u00e4\u00df den Bestimmungen der geltenden Vorschriften zum Schutz personenbezogener Daten alle Bestimmungen der DSGVO und der LOPDGDD f\u00fcr die Verarbeitung der personenbezogenen Daten, f\u00fcr die er verantwortlich ist, einh\u00e4lt und offensichtlich die in Artikel 5 der DSGVO beschriebenen Grunds\u00e4tze einh\u00e4lt, wonach die Verarbeitung auf rechtm\u00e4\u00dfige, faire und transparente Weise gegen\u00fcber der betroffenen Person erfolgt und f\u00fcr die Zwecke, f\u00fcr die sie verarbeitet werden, angemessen, relevant und auf das erforderliche Ma\u00df beschr\u00e4nkt ist.<\/p>\n\n<p>F\u00fcr weitere Informationen \u00fcber die Datenschutzgarantien k\u00f6nnen Sie sich an den VERANTWORTLICHEN \u00fcber Agresta S. Coop. DUQUE DE FERNAN NU\u00d1EZ, 2 1\u00ba &#8211; 28012 MADRID (Madrid). E-Mail: datos@agresta.org<\/p>\n","protected":false},"excerpt":{"rendered":"<p>1. BENUTZERINFORMATIONEN Wer ist der f\u00fcr die Verarbeitung Ihrer personenbezogenen Daten Verantwortliche? Agresta S. Coop ist der VERANTWORTLICHE f\u00fcr die personenbezogenen Daten des BENUTZERS und informiert ihn dar\u00fcber, dass diese Daten in \u00dcbereinstimmung mit den Bestimmungen der Verordnung (EU) 2016\/679 vom 27. April (GDPR) und dem Organgesetz 3\/2018 vom 5. Dezember (LOPDGDD) verarbeitet werden. Warum &#8230; <a title=\"Politik der Vorzugsbehandlung\" class=\"read-more\" href=\"https:\/\/forestmap.eu\/de\/politik-der-vorzugsbehandlung\/\" aria-label=\"Mehr zu Politik der Vorzugsbehandlung\">Weiterlesen &#8230;<\/a><\/p>\n","protected":false},"author":1,"featured_media":0,"parent":0,"menu_order":0,"comment_status":"closed","ping_status":"closed","template":"","meta":{"footnotes":""},"class_list":{"0":"post-9838","1":"page","2":"type-page","3":"status-publish","5":"no-featured-image-padding"},"_links":{"self":[{"href":"https:\/\/forestmap.eu\/de\/wp-json\/wp\/v2\/pages\/9838","targetHints":{"allow":["GET"]}}],"collection":[{"href":"https:\/\/forestmap.eu\/de\/wp-json\/wp\/v2\/pages"}],"about":[{"href":"https:\/\/forestmap.eu\/de\/wp-json\/wp\/v2\/types\/page"}],"author":[{"embeddable":true,"href":"https:\/\/forestmap.eu\/de\/wp-json\/wp\/v2\/users\/1"}],"replies":[{"embeddable":true,"href":"https:\/\/forestmap.eu\/de\/wp-json\/wp\/v2\/comments?post=9838"}],"version-history":[{"count":1,"href":"https:\/\/forestmap.eu\/de\/wp-json\/wp\/v2\/pages\/9838\/revisions"}],"predecessor-version":[{"id":9839,"href":"https:\/\/forestmap.eu\/de\/wp-json\/wp\/v2\/pages\/9838\/revisions\/9839"}],"wp:attachment":[{"href":"https:\/\/forestmap.eu\/de\/wp-json\/wp\/v2\/media?parent=9838"}],"curies":[{"name":"wp","href":"https:\/\/api.w.org\/{rel}","templated":true}]}}