{"id":8879,"date":"2021-07-26T13:07:44","date_gmt":"2021-07-26T13:07:44","guid":{"rendered":"https:\/\/forestmap.eu\/?page_id=8879"},"modified":"2022-02-26T11:57:49","modified_gmt":"2022-02-26T11:57:49","slug":"agresta","status":"publish","type":"page","link":"https:\/\/forestmap.eu\/es\/agresta\/","title":{"rendered":"Sobre Agresta"},"content":{"rendered":"<div class=\"mosaic\"><div class=\"img-block\"><img decoding=\"async\" src=\"https:\/\/forestmap.eu\/wp-content\/uploads\/agresta.jpg\"\/><\/div><div><div class=\"table\"><div class=\"table-cell margin-bottom\"><p>Agresta es una cooperativa de servicios tecnol\u00f3gicos forestales, con sede en Espa\u00f1a. Con m\u00e1s de 20 a\u00f1os de experiencia, est\u00e1 especializada en el uso de la teledetecci\u00f3n aplicada a la evaluaci\u00f3n y gesti\u00f3n de recursos forestales y territorios rurales.<\/p><\/div><\/div><\/div><\/div>\n\n\n\n<p class=\"more-info-banner\"> M\u00e1s informaci\u00f3n<br><a href=\"https:\/\/agresta.org\/\">https:\/\/agresta.org\/<\/a> <\/p>\n","protected":false},"excerpt":{"rendered":"<p>M\u00e1s informaci\u00f3nhttps:\/\/agresta.org\/<\/p>\n","protected":false},"author":1,"featured_media":0,"parent":0,"menu_order":0,"comment_status":"closed","ping_status":"closed","template":"","meta":{"footnotes":""},"class_list":{"0":"post-8879","1":"page","2":"type-page","3":"status-publish","5":"no-featured-image-padding"},"_links":{"self":[{"href":"https:\/\/forestmap.eu\/es\/wp-json\/wp\/v2\/pages\/8879","targetHints":{"allow":["GET"]}}],"collection":[{"href":"https:\/\/forestmap.eu\/es\/wp-json\/wp\/v2\/pages"}],"about":[{"href":"https:\/\/forestmap.eu\/es\/wp-json\/wp\/v2\/types\/page"}],"author":[{"embeddable":true,"href":"https:\/\/forestmap.eu\/es\/wp-json\/wp\/v2\/users\/1"}],"replies":[{"embeddable":true,"href":"https:\/\/forestmap.eu\/es\/wp-json\/wp\/v2\/comments?post=8879"}],"version-history":[{"count":0,"href":"https:\/\/forestmap.eu\/es\/wp-json\/wp\/v2\/pages\/8879\/revisions"}],"wp:attachment":[{"href":"https:\/\/forestmap.eu\/es\/wp-json\/wp\/v2\/media?parent=8879"}],"curies":[{"name":"wp","href":"https:\/\/api.w.org\/{rel}","templated":true}]}}