{"id":9216,"date":"2022-03-08T21:54:04","date_gmt":"2022-03-08T21:54:04","guid":{"rendered":"https:\/\/forestmap.eu\/?page_id=9216"},"modified":"2022-03-08T21:54:12","modified_gmt":"2022-03-08T21:54:12","slug":"experiencia-piloto-inventario-distrito-forestal-terra-de-lemos-lugo","status":"publish","type":"page","link":"https:\/\/forestmap.eu\/es\/experiencia-piloto-inventario-distrito-forestal-terra-de-lemos-lugo\/","title":{"rendered":"Experiencia piloto inventario Distrito Forestal Terra de Lemos (Lugo)"},"content":{"rendered":"\n<p>Tras un periodo de m\u00e1s de un a\u00f1o y medio de desarrollo, hemos puesto en marcha una experiencia piloto en el distrito forestal Terra de Lemos, que ha sido elegido por Agresta para experimentar con nuevos desarrollos y funcionalidades de la plataforma ForestMap. Se trata de un prototipo que nos est\u00e1 permitiendo validar el inter\u00e9s que presenta para los diferentes tipos de usuarios, prestando especial atenci\u00f3n a los propietarios forestales.<\/p>\n\n\n\n<p>Este trabajo supone un laboratorio de aprendizaje para su aplicaci\u00f3n en la plataforma definitiva de ForestMap, que ser\u00e1 puesta en servicio en oto\u00f1o, incorporando inventarios forestales de zonas pilotos llevadas a cabo en otros pa\u00edses. Nuestro objetivo es, adem\u00e1s, aportar utilidad a los usuarios dando acceso a un inventario gratuito de hasta 4ha, y saber qu\u00e9 aspectos interesan m\u00e1s o menos de este tipo de tecnolog\u00edas a los diferentes actores del territorio.<\/p>\n\n\n\n<p>Se est\u00e1 llevando a cabo en paralelo una campa\u00f1a de informaci\u00f3n local sobre esta iniciativa para que un m\u00e1ximo de personas interesadas puedan utilizar este servicio gratuito, con aparici\u00f3n en prensa y radios de la provincia de Lugo. Se ha creado una p\u00e1gina web y visor espec\u00edfico para esta experiencia<\/p>\n\n\n\n<figure class=\"wp-block-embed is-type-video is-provider-vimeo wp-block-embed-vimeo wp-embed-aspect-16-9 wp-has-aspect-ratio\"><div class=\"wp-block-embed__wrapper\">\n<iframe title=\"ForestMap Monforte de Lemos\" src=\"https:\/\/player.vimeo.com\/video\/566623058?h=b4897d6af4&amp;dnt=1&amp;app_id=122963\" width=\"1200\" height=\"675\" frameborder=\"0\" allow=\"autoplay; fullscreen; picture-in-picture\" allowfullscreen><\/iframe>\n<\/div><\/figure>\n","protected":false},"excerpt":{"rendered":"<p>Tras un periodo de m\u00e1s de un a\u00f1o y medio de desarrollo, hemos puesto en marcha una experiencia piloto en el distrito forestal Terra de Lemos, que ha sido elegido por Agresta para experimentar con nuevos desarrollos y funcionalidades de la plataforma ForestMap. Se trata de un prototipo que nos est\u00e1 permitiendo validar el inter\u00e9s &#8230; <a title=\"Experiencia piloto inventario Distrito Forestal Terra de Lemos (Lugo)\" class=\"read-more\" href=\"https:\/\/forestmap.eu\/es\/experiencia-piloto-inventario-distrito-forestal-terra-de-lemos-lugo\/\" aria-label=\"M\u00e1s en Experiencia piloto inventario Distrito Forestal Terra de Lemos (Lugo)\">Leer m\u00e1s<\/a><\/p>\n","protected":false},"author":1,"featured_media":5782,"parent":0,"menu_order":0,"comment_status":"closed","ping_status":"closed","template":"","meta":{"footnotes":""},"class_list":{"0":"post-9216","1":"page","2":"type-page","3":"status-publish","4":"has-post-thumbnail","6":"no-featured-image-padding","7":"resize-featured-image"},"_links":{"self":[{"href":"https:\/\/forestmap.eu\/es\/wp-json\/wp\/v2\/pages\/9216","targetHints":{"allow":["GET"]}}],"collection":[{"href":"https:\/\/forestmap.eu\/es\/wp-json\/wp\/v2\/pages"}],"about":[{"href":"https:\/\/forestmap.eu\/es\/wp-json\/wp\/v2\/types\/page"}],"author":[{"embeddable":true,"href":"https:\/\/forestmap.eu\/es\/wp-json\/wp\/v2\/users\/1"}],"replies":[{"embeddable":true,"href":"https:\/\/forestmap.eu\/es\/wp-json\/wp\/v2\/comments?post=9216"}],"version-history":[{"count":1,"href":"https:\/\/forestmap.eu\/es\/wp-json\/wp\/v2\/pages\/9216\/revisions"}],"predecessor-version":[{"id":9217,"href":"https:\/\/forestmap.eu\/es\/wp-json\/wp\/v2\/pages\/9216\/revisions\/9217"}],"wp:featuredmedia":[{"embeddable":true,"href":"https:\/\/forestmap.eu\/es\/wp-json\/wp\/v2\/media\/5782"}],"wp:attachment":[{"href":"https:\/\/forestmap.eu\/es\/wp-json\/wp\/v2\/media?parent=9216"}],"curies":[{"name":"wp","href":"https:\/\/api.w.org\/{rel}","templated":true}]}}