{"id":9449,"date":"2022-03-10T20:13:48","date_gmt":"2022-03-10T20:13:48","guid":{"rendered":"https:\/\/forestmap.eu\/?page_id=9449"},"modified":"2024-06-26T11:36:42","modified_gmt":"2024-06-26T11:36:42","slug":"proyect","status":"publish","type":"page","link":"https:\/\/forestmap.eu\/es\/proyect\/","title":{"rendered":"Proyecto"},"content":{"rendered":"\t\t<div data-elementor-type=\"wp-page\" data-elementor-id=\"9449\" class=\"elementor elementor-9449\">\n\t\t\t\t\t\t\t\t\t<section class=\"elementor-section elementor-top-section elementor-element elementor-element-39acf01 elementor-hidden-desktop elementor-section-boxed elementor-section-height-default elementor-section-height-default\" data-id=\"39acf01\" data-element_type=\"section\">\n\t\t\t\t\t\t<div class=\"elementor-container elementor-column-gap-default\">\n\t\t\t\t\t<div class=\"elementor-column elementor-col-100 elementor-top-column elementor-element elementor-element-aa132a6\" data-id=\"aa132a6\" data-element_type=\"column\">\n\t\t\t<div class=\"elementor-widget-wrap elementor-element-populated\">\n\t\t\t\t\t\t\t\t<div class=\"elementor-element elementor-element-1aa0de2 elementor-widget elementor-widget-heading\" data-id=\"1aa0de2\" data-element_type=\"widget\" data-widget_type=\"heading.default\">\n\t\t\t\t<div class=\"elementor-widget-container\">\n\t\t\t<h3 class=\"elementor-heading-title elementor-size-default\"><span class=\"before-style\">ForestMap<\/span><\/h3>\t\t<\/div>\n\t\t\t\t<\/div>\n\t\t\t\t<div class=\"elementor-element elementor-element-e30f48a elementor-widget__width-initial elementor-widget elementor-widget-html\" data-id=\"e30f48a\" data-element_type=\"widget\" data-widget_type=\"html.default\">\n\t\t\t\t<div class=\"elementor-widget-container\">\n\t\t\t<style>\nh3:has(.before-style)::before {\n    content: '';\n    position: absolute;\n    transform: translateX(-100%);\n    top: calc(50% - 38px);\n    left: -15px;\n    width: 38px;\n    height: 76px;\n    background-color: #9fc63b;\n    border-top-right-radius: 50px;\n    border-bottom-right-radius: 50px;\n}\n@media (max-width: 1024px) {\n    h3:has(.before-style)::before {\n        top: calc(50% - 25px);\n        left: -15px;\n        width: 25px;\n        height: 50px;\n    }\n}\n@media (min-width: 768px) {\n    h3:has(.before-style)::before {\n    top: calc(50% - 38px);\n    left: -38px;\n    width: 38px;\n    height: 76px;\n    }\n}\n<\/style>\t\t<\/div>\n\t\t\t\t<\/div>\n\t\t\t\t<div class=\"elementor-element elementor-element-7b57610 elementor-widget__width-initial elementor-widget elementor-widget-text-editor\" data-id=\"7b57610\" data-element_type=\"widget\" data-widget_type=\"text-editor.default\">\n\t\t\t\t<div class=\"elementor-widget-container\">\n\t\t\t\t\t\t\tEste proyecto ha recibido financiaci\u00f3n del programa de investigaci\u00f3n e innovaci\u00f3n Horizonte 2020 de la Uni\u00f3n Europea bajo el acuerdo de subvenci\u00f3n n\u00ba 858664.\n\nLa herramienta ha sido galardonada en el <strong><a class=\"external-link\" href=\"https:\/\/agresta.org\/forestmap-de-agresta-ganador-en-el-copernicus-masters-2018-cgi-big-data-business-challenge\/\" target=\"_blank\" rel=\"noopener\">Copernicus Master<\/a><\/strong> y ya est\u00e1 disponible en varias regiones de Espa\u00f1a.\t\t\t\t\t\t<\/div>\n\t\t\t\t<\/div>\n\t\t\t\t\t<\/div>\n\t\t<\/div>\n\t\t\t\t\t\t\t<\/div>\n\t\t<\/section>\n\t\t\t\t<section class=\"elementor-section elementor-top-section elementor-element elementor-element-5ce7229 elementor-section-height-min-height elementor-hidden-desktop elementor-section-boxed elementor-section-height-default elementor-section-items-middle\" data-id=\"5ce7229\" data-element_type=\"section\" data-settings=\"{&quot;background_background&quot;:&quot;classic&quot;}\">\n\t\t\t\t\t\t<div class=\"elementor-container elementor-column-gap-default\">\n\t\t\t\t\t<div class=\"elementor-column elementor-col-100 elementor-top-column elementor-element elementor-element-b63a6bb\" data-id=\"b63a6bb\" data-element_type=\"column\">\n\t\t\t<div class=\"elementor-widget-wrap\">\n\t\t\t\t\t\t\t\t\t<\/div>\n\t\t<\/div>\n\t\t\t\t\t\t\t<\/div>\n\t\t<\/section>\n\t\t\t\t<section class=\"elementor-section elementor-top-section elementor-element elementor-element-0841550 elementor-section-height-min-height elementor-hidden-tablet elementor-hidden-mobile elementor-section-boxed elementor-section-height-default elementor-section-items-middle\" data-id=\"0841550\" data-element_type=\"section\" data-settings=\"{&quot;background_background&quot;:&quot;classic&quot;}\">\n\t\t\t\t\t\t<div class=\"elementor-container elementor-column-gap-default\">\n\t\t\t\t\t<div class=\"elementor-column elementor-col-50 elementor-top-column elementor-element elementor-element-aec6247\" data-id=\"aec6247\" data-element_type=\"column\">\n\t\t\t<div class=\"elementor-widget-wrap\">\n\t\t\t\t\t\t\t\t\t<\/div>\n\t\t<\/div>\n\t\t\t\t<div class=\"elementor-column elementor-col-50 elementor-top-column elementor-element elementor-element-3cb8a9a\" data-id=\"3cb8a9a\" data-element_type=\"column\" id=\"special\">\n\t\t\t<div class=\"elementor-widget-wrap elementor-element-populated\">\n\t\t\t\t\t\t\t\t<div class=\"elementor-element elementor-element-955174c elementor-widget elementor-widget-heading\" data-id=\"955174c\" data-element_type=\"widget\" data-widget_type=\"heading.default\">\n\t\t\t\t<div class=\"elementor-widget-container\">\n\t\t\t<h3 class=\"elementor-heading-title elementor-size-default\"><span class=\"before-style\">ForestMap<\/span><\/h3>\t\t<\/div>\n\t\t\t\t<\/div>\n\t\t\t\t<div class=\"elementor-element elementor-element-4564bcd elementor-widget__width-initial elementor-widget elementor-widget-html\" data-id=\"4564bcd\" data-element_type=\"widget\" data-widget_type=\"html.default\">\n\t\t\t\t<div class=\"elementor-widget-container\">\n\t\t\t<style>\n\/*@media (min-width: 768px) {\n    h3:has(.before-style)::before {\n     content: '';\n     position: absolute;\n     transform: translateX(-100%);\n     top: calc(50% - 38px);\n     left: -38px;\n     width: 38px;\n     height: 76px;\n     background-color: #9fc63b;\n     border-top-right-radius: 50px;\n     border-bottom-right-radius: 50px;\n    }\n}*\/\n\na.external-link {\n    color: inherit;\n    text-decoration: none;\n    position: relative;\n}\na.external-link:hover {\n        color: inherit;\n        cursor: pointer;\n}\na.external-link::after {\n        content: '';\n    position: absolute;\n    bottom: 0;\n    left: 0;\n    background-color:\n    currentColor;\n    transition: width .3s;\n    width: 0px;\n    height: 2px;\n}\na.external-link:hover::after {\n        width: 100%;\n}\n<\/style>\t\t<\/div>\n\t\t\t\t<\/div>\n\t\t\t\t<div class=\"elementor-element elementor-element-892e40c elementor-widget__width-initial elementor-widget elementor-widget-text-editor\" data-id=\"892e40c\" data-element_type=\"widget\" data-widget_type=\"text-editor.default\">\n\t\t\t\t<div class=\"elementor-widget-container\">\n\t\t\t\t\t\t\tEste proyecto ha recibido financiaci\u00f3n del programa de investigaci\u00f3n e innovaci\u00f3n Horizonte 2020 de la Uni\u00f3n Europea bajo el acuerdo de subvenci\u00f3n n\u00ba 858664.\n\nLa herramienta ha sido galardonada en el <strong><a class=\"external-link\" href=\"https:\/\/agresta.org\/forestmap-de-agresta-ganador-en-el-copernicus-masters-2018-cgi-big-data-business-challenge\/\" target=\"_blank\" rel=\"noopener\">Copernicus Master<\/a><\/strong> y ya est\u00e1 disponible en varias regiones de Espa\u00f1a.\t\t\t\t\t\t<\/div>\n\t\t\t\t<\/div>\n\t\t\t\t\t<\/div>\n\t\t<\/div>\n\t\t\t\t\t\t\t<\/div>\n\t\t<\/section>\n\t\t\t\t<section class=\"elementor-section elementor-top-section elementor-element elementor-element-57fcd3d elementor-hidden-desktop elementor-section-boxed elementor-section-height-default elementor-section-height-default\" data-id=\"57fcd3d\" data-element_type=\"section\">\n\t\t\t\t\t\t<div class=\"elementor-container elementor-column-gap-default\">\n\t\t\t\t\t<div class=\"elementor-column elementor-col-100 elementor-top-column elementor-element elementor-element-8566cf2\" data-id=\"8566cf2\" data-element_type=\"column\">\n\t\t\t<div class=\"elementor-widget-wrap elementor-element-populated\">\n\t\t\t\t\t\t\t\t<div class=\"elementor-element elementor-element-80ee4a7 elementor-widget elementor-widget-text-editor\" data-id=\"80ee4a7\" data-element_type=\"widget\" id=\"before-style-text\" data-widget_type=\"text-editor.default\">\n\t\t\t\t<div class=\"elementor-widget-container\">\n\t\t\t\t\t\t\t<p><span class=\"before-style\">Mediante este proyecto se da cobertura de inventario ForestMap en varios pa\u00edses. Comenzando por varias zonas piloto.<\/span><\/p>\t\t\t\t\t\t<\/div>\n\t\t\t\t<\/div>\n\t\t\t\t<div class=\"elementor-element elementor-element-3e36ab3 elementor-widget__width-initial elementor-widget elementor-widget-html\" data-id=\"3e36ab3\" data-element_type=\"widget\" data-widget_type=\"html.default\">\n\t\t\t\t<div class=\"elementor-widget-container\">\n\t\t\t<style>\n#before-style-text:has(.before-style)::before {\n    content: '';\n    position: absolute;\n    transform: translateX(-100%) translateY(-50%);\n    top: 12.6px;\n    left: -15px;\n    width: 38px;\n    height: 76px;\n    background-color: #9fc63b;\n    border-top-right-radius: 50px;\n    border-bottom-right-radius: 50px;\n}\n@media (max-width: 1024px) {\n    #before-style-text:has(.before-style)::before {\n        left: -15px;\n        width: 25px;\n        height: 50px;\n    }\n}\n@media (min-width: 768px) {\n    #before-style-text:has(.before-style)::before {\n    top: 12.6px;\n    left: -38px;\n    width: 38px;\n    height: 76px;\n    }\n}\n<\/style>\t\t<\/div>\n\t\t\t\t<\/div>\n\t\t\t\t\t<\/div>\n\t\t<\/div>\n\t\t\t\t\t\t\t<\/div>\n\t\t<\/section>\n\t\t\t\t<section class=\"elementor-section elementor-top-section elementor-element elementor-element-0668f84 elementor-hidden-tablet elementor-hidden-mobile elementor-section-boxed elementor-section-height-default elementor-section-height-default\" data-id=\"0668f84\" data-element_type=\"section\">\n\t\t\t\t\t\t<div class=\"elementor-container elementor-column-gap-default\">\n\t\t\t\t\t<div class=\"elementor-column elementor-col-50 elementor-top-column elementor-element elementor-element-710a427\" data-id=\"710a427\" data-element_type=\"column\">\n\t\t\t<div class=\"elementor-widget-wrap\">\n\t\t\t\t\t\t\t\t\t<\/div>\n\t\t<\/div>\n\t\t\t\t<div class=\"elementor-column elementor-col-50 elementor-top-column elementor-element elementor-element-a110e3a\" data-id=\"a110e3a\" data-element_type=\"column\">\n\t\t\t<div class=\"elementor-widget-wrap elementor-element-populated\">\n\t\t\t\t\t\t\t\t<div class=\"elementor-element elementor-element-a953a8f elementor-widget elementor-widget-text-editor\" data-id=\"a953a8f\" data-element_type=\"widget\" id=\"before-big-text\" data-widget_type=\"text-editor.default\">\n\t\t\t\t<div class=\"elementor-widget-container\">\n\t\t\t\t\t\t\t<p><span class=\"before-style\">Mediante este proyecto se da cobertura de inventario ForestMap en varios pa\u00edses.<br>Comenzando por varias zonas piloto.<\/span><\/p>\t\t\t\t\t\t<\/div>\n\t\t\t\t<\/div>\n\t\t\t\t<div class=\"elementor-element elementor-element-021bac1 elementor-widget__width-initial elementor-widget elementor-widget-html\" data-id=\"021bac1\" data-element_type=\"widget\" id=\"before-big-text\" data-widget_type=\"html.default\">\n\t\t\t\t<div class=\"elementor-widget-container\">\n\t\t\t<style>\n@media (min-width: 768px) {\n    p:has(.before-style) {\n        margin: 0;\n    }\n   #before-big-text:has(.before-style)::before \n   {\n     content: '';\n     transform: translateX(-100%);\n     position: absolute;\n     top: 0;\n     left: -38px;\n     width: 600px;\n     height: 100%;\n     background-color: #9fc63b;\n     border-top-right-radius: 50px;\n     border-bottom-right-radius: 50px;\n   }\n}\n<\/style>\t\t<\/div>\n\t\t\t\t<\/div>\n\t\t\t\t\t<\/div>\n\t\t<\/div>\n\t\t\t\t\t\t\t<\/div>\n\t\t<\/section>\n\t\t\t\t<section class=\"elementor-section elementor-top-section elementor-element elementor-element-2e79424 elementor-section-full_width elementor-section-height-default elementor-section-height-default\" data-id=\"2e79424\" data-element_type=\"section\">\n\t\t\t\t\t\t<div class=\"elementor-container elementor-column-gap-default\">\n\t\t\t\t\t<div class=\"elementor-column elementor-col-100 elementor-top-column elementor-element elementor-element-0d6bf2b\" data-id=\"0d6bf2b\" data-element_type=\"column\">\n\t\t\t<div class=\"elementor-widget-wrap elementor-element-populated\">\n\t\t\t\t\t\t\t\t<div class=\"elementor-element elementor-element-4a83064 elementor-widget elementor-widget-html\" data-id=\"4a83064\" data-element_type=\"widget\" data-widget_type=\"html.default\">\n\t\t\t\t<div class=\"elementor-widget-container\">\n\t\t\t<iframe src=\"https:\/\/forestmap.eu\/wp-content\/uploads\/map\/map_es.html\" style=\"width: 100%; height: 560px; margin-bottom: -8px;\"><\/iframe>\t\t<\/div>\n\t\t\t\t<\/div>\n\t\t\t\t\t<\/div>\n\t\t<\/div>\n\t\t\t\t\t\t\t<\/div>\n\t\t<\/section>\n\t\t\t\t<section class=\"elementor-section elementor-top-section elementor-element elementor-element-b0da062 elementor-section-boxed elementor-section-height-default elementor-section-height-default\" data-id=\"b0da062\" data-element_type=\"section\">\n\t\t\t\t\t\t<div class=\"elementor-container elementor-column-gap-default\">\n\t\t\t\t\t<div class=\"elementor-column elementor-col-50 elementor-top-column elementor-element elementor-element-357ec13\" data-id=\"357ec13\" data-element_type=\"column\">\n\t\t\t<div class=\"elementor-widget-wrap\">\n\t\t\t\t\t\t\t\t\t<\/div>\n\t\t<\/div>\n\t\t\t\t<div class=\"elementor-column elementor-col-50 elementor-top-column elementor-element elementor-element-25efadd\" data-id=\"25efadd\" data-element_type=\"column\">\n\t\t\t<div class=\"elementor-widget-wrap elementor-element-populated\">\n\t\t\t\t\t\t\t\t<div class=\"elementor-element elementor-element-6e595de elementor-widget elementor-widget-heading\" data-id=\"6e595de\" data-element_type=\"widget\" data-widget_type=\"heading.default\">\n\t\t\t\t<div class=\"elementor-widget-container\">\n\t\t\t<h3 class=\"elementor-heading-title elementor-size-default\"><span class=\"before-style\">Agresta S. Coop.<\/span><\/h3>\t\t<\/div>\n\t\t\t\t<\/div>\n\t\t\t\t<div class=\"elementor-element elementor-element-a61fd51 elementor-widget__width-initial elementor-widget elementor-widget-text-editor\" data-id=\"a61fd51\" data-element_type=\"widget\" data-widget_type=\"text-editor.default\">\n\t\t\t\t<div class=\"elementor-widget-container\">\n\t\t\t\t\t\t\tAgresta es una cooperativa de servicios tecnol\u00f3gicos forestales ubicada en Espa\u00f1a. Con 20 de a\u00f1os de experiencia, nos especializamos en aplicar tecnolog\u00eda de teledetecci\u00f3n para evaluar y gestionar recursos forestales y territorios rurales.\t\t\t\t\t\t<\/div>\n\t\t\t\t<\/div>\n\t\t\t\t\t<\/div>\n\t\t<\/div>\n\t\t\t\t\t\t\t<\/div>\n\t\t<\/section>\n\t\t\t\t<section class=\"elementor-section elementor-top-section elementor-element elementor-element-107115b elementor-section-full_width elementor-section-height-min-height elementor-section-height-default elementor-section-items-middle\" data-id=\"107115b\" data-element_type=\"section\" data-settings=\"{&quot;background_background&quot;:&quot;classic&quot;}\">\n\t\t\t\t\t\t<div class=\"elementor-container elementor-column-gap-default\">\n\t\t\t\t\t<div class=\"elementor-column elementor-col-100 elementor-top-column elementor-element elementor-element-5b99cd1\" data-id=\"5b99cd1\" data-element_type=\"column\">\n\t\t\t<div class=\"elementor-widget-wrap\">\n\t\t\t\t\t\t\t\t\t<\/div>\n\t\t<\/div>\n\t\t\t\t\t\t\t<\/div>\n\t\t<\/section>\n\t\t\t\t\t\t\t<\/div>\n\t\t","protected":false},"excerpt":{"rendered":"<p>ForestMap Este proyecto ha recibido financiaci\u00f3n del programa de investigaci\u00f3n e innovaci\u00f3n Horizonte 2020 de la Uni\u00f3n Europea bajo el acuerdo de subvenci\u00f3n n\u00ba 858664. La herramienta ha sido galardonada en el Copernicus Master y ya est\u00e1 disponible en varias regiones de Espa\u00f1a. ForestMap Este proyecto ha recibido financiaci\u00f3n del programa de investigaci\u00f3n e innovaci\u00f3n &#8230; <a title=\"Proyecto\" class=\"read-more\" href=\"https:\/\/forestmap.eu\/es\/proyect\/\" aria-label=\"M\u00e1s en Proyecto\">Leer m\u00e1s<\/a><\/p>\n","protected":false},"author":1,"featured_media":0,"parent":0,"menu_order":0,"comment_status":"closed","ping_status":"closed","template":"","meta":{"footnotes":""},"class_list":{"0":"post-9449","1":"page","2":"type-page","3":"status-publish","5":"no-featured-image-padding"},"_links":{"self":[{"href":"https:\/\/forestmap.eu\/es\/wp-json\/wp\/v2\/pages\/9449","targetHints":{"allow":["GET"]}}],"collection":[{"href":"https:\/\/forestmap.eu\/es\/wp-json\/wp\/v2\/pages"}],"about":[{"href":"https:\/\/forestmap.eu\/es\/wp-json\/wp\/v2\/types\/page"}],"author":[{"embeddable":true,"href":"https:\/\/forestmap.eu\/es\/wp-json\/wp\/v2\/users\/1"}],"replies":[{"embeddable":true,"href":"https:\/\/forestmap.eu\/es\/wp-json\/wp\/v2\/comments?post=9449"}],"version-history":[{"count":34,"href":"https:\/\/forestmap.eu\/es\/wp-json\/wp\/v2\/pages\/9449\/revisions"}],"predecessor-version":[{"id":10489,"href":"https:\/\/forestmap.eu\/es\/wp-json\/wp\/v2\/pages\/9449\/revisions\/10489"}],"wp:attachment":[{"href":"https:\/\/forestmap.eu\/es\/wp-json\/wp\/v2\/media?parent=9449"}],"curies":[{"name":"wp","href":"https:\/\/api.w.org\/{rel}","templated":true}]}}