{"id":9718,"date":"2021-07-26T13:11:07","date_gmt":"2021-07-26T13:11:07","guid":{"rendered":"https:\/\/forestmap.eu\/?page_id=9718"},"modified":"2022-07-19T11:18:55","modified_gmt":"2022-07-19T11:18:55","slug":"ota-yhteytta","status":"publish","type":"page","link":"https:\/\/forestmap.eu\/fi\/ota-yhteytta\/","title":{"rendered":"Ota yhteytt\u00e4"},"content":{"rendered":"\n<p>Jos haluat lis\u00e4tietoja tai pyyt\u00e4\u00e4 Forestmapin esittely\u00e4, k\u00e4yt\u00e4 alla olevaa lomaketta:<\/p>\n\n\n\n<div class=\"wpcf7 no-js\" id=\"wpcf7-f9735-o1\" lang=\"en-US\" dir=\"ltr\">\n<div class=\"screen-reader-response\"><p role=\"status\" aria-live=\"polite\" aria-atomic=\"true\"><\/p> <ul><\/ul><\/div>\n<form action=\"\/fi\/wp-json\/wp\/v2\/pages\/9718#wpcf7-f9735-o1\" method=\"post\" class=\"wpcf7-form init\" aria-label=\"Contact form\" novalidate=\"novalidate\" data-status=\"init\">\n<div style=\"display: none;\">\n<input type=\"hidden\" name=\"_wpcf7\" value=\"9735\" \/>\n<input type=\"hidden\" name=\"_wpcf7_version\" value=\"5.7.5.1\" \/>\n<input type=\"hidden\" name=\"_wpcf7_locale\" value=\"en_US\" \/>\n<input type=\"hidden\" name=\"_wpcf7_unit_tag\" value=\"wpcf7-f9735-o1\" \/>\n<input type=\"hidden\" name=\"_wpcf7_container_post\" value=\"0\" \/>\n<input type=\"hidden\" name=\"_wpcf7_posted_data_hash\" value=\"\" \/>\n<input type=\"hidden\" name=\"_wpcf7_recaptcha_response\" value=\"\" \/>\n<\/div>\n<div class=\"cf-container\">\n\t<div class=\"cf-col-1\">\n\t\t<p>Nimi<span style=\"color:red\"> *<span><\/span><\/span>\n\t\t<\/p>\n\t<\/div>\n\t<div class=\"cf-col-2\">\n\t\t<p><span class=\"wpcf7-form-control-wrap\" data-name=\"your-name\"><input size=\"40\" class=\"wpcf7-form-control wpcf7-text wpcf7-validates-as-required\" aria-required=\"true\" aria-invalid=\"false\" value=\"\" type=\"text\" name=\"your-name\" \/><\/span>\n\t\t<\/p>\n\t<\/div>\n\t<div class=\"cf-col-3\">\n\t\t<p>S\u00e4hk\u00f6posti<span style=\"color:red\">*<span><\/span><\/span>\n\t\t<\/p>\n\t<\/div>\n\t<div class=\"cf-col-4\">\n\t\t<p><span class=\"wpcf7-form-control-wrap\" data-name=\"your-email\"><input size=\"40\" class=\"wpcf7-form-control wpcf7-text wpcf7-email wpcf7-validates-as-required wpcf7-validates-as-email\" aria-required=\"true\" aria-invalid=\"false\" value=\"\" type=\"email\" name=\"your-email\" \/><\/span>\n\t\t<\/p>\n\t<\/div>\n\t<div class=\"cf-col-5\">\n\t\t<p>Aihe\n\t\t<\/p>\n\t<\/div>\n\t<div class=\"cf-col-6\">\n\t\t<p><span class=\"wpcf7-form-control-wrap\" data-name=\"your-subject\"><input size=\"40\" class=\"wpcf7-form-control wpcf7-text wpcf7-validates-as-required\" aria-required=\"true\" aria-invalid=\"false\" value=\"\" type=\"text\" name=\"your-subject\" \/><\/span>\n\t\t<\/p>\n\t<\/div>\n\t<div class=\"cf-col-7\">\n\t\t<p>Viesti<span style=\"color:red\">*<span><\/span><\/span>\n\t\t<\/p>\n\t<\/div>\n\t<div class=\"cf-col-8\">\n\t\t<p><span class=\"wpcf7-form-control-wrap\" data-name=\"your-message\"><textarea cols=\"40\" rows=\"10\" class=\"wpcf7-form-control wpcf7-textarea wpcf7-validates-as-required\" aria-required=\"true\" aria-invalid=\"false\" name=\"your-message\"><\/textarea><\/span>\n\t\t<\/p>\n\t<\/div>\n\t<div class=\"cf-col-9\">\n\t\t<p><span class=\"wpcf7-form-control-wrap\" data-name=\"acceptance-501\"><span class=\"wpcf7-form-control wpcf7-acceptance\"><span class=\"wpcf7-list-item\"><input type=\"checkbox\" name=\"acceptance-501\" value=\"1\" aria-invalid=\"false\" \/><\/span><\/span><\/span> Olen lukenut ja hyv\u00e4ksyn <a href=\"https:\/\/forestmap.eu\/fi\/herkkyyspolitiikka\/\" target=\"_blank\" style=\"font-size:19px;color:#597722 !important;\">tietosuojak\u00e4yt\u00e4nt\u00f6<\/a>.\n\t\t<\/p>\n\t<\/div>\n\t<p><button class=\"green-round gr\">L\u00e4het\u00e4<\/button>\n\t<\/p>\n<\/div><div class=\"wpcf7-response-output\" aria-hidden=\"true\"><\/div>\n<\/form>\n<\/div>\n\n\n\n<div id=\"contact-form-rgpd-info\"><p>Agresta S. Coop on vastuussa k\u00e4ytt\u00e4j\u00e4n henkil\u00f6tietojen k\u00e4sittelyst\u00e4 ja ilmoittaa, ett\u00e4 n\u00e4it\u00e4 tietoja k\u00e4sitell\u00e4\u00e4n 27. huhtikuuta 2016 annetun asetuksen (EU) 2016\/679 (yleinen tietosuoja-asetus) ja 5. joulukuuta annetun orgaanisen lain 3\/2018 (LOPDGDD) s\u00e4\u00e4nn\u00f6sten mukaisesti:<\/p><ul><li><strong>K\u00e4sittelyn tavoitteet:<\/strong> K\u00e4sittele tilaukset, pyynn\u00f6t tai mink\u00e4 tahansa tyyppiset pyynn\u00f6t, jotka k\u00e4ytt\u00e4j\u00e4 tekee mink\u00e4 tahansa k\u00e4ytett\u00e4viss\u00e4 olevan yhteydenottolomakkeen kautta.<\/li><li><strong>Lains\u00e4\u00e4d\u00e4nn\u00f6llinen peruste:<\/strong> Vastuuhenkil\u00f6n oikeutettu etu: liikesuhteen yll\u00e4pit\u00e4minen. Asianosaisen suostumuksella: Tuotteita tai palveluja koskevan viestinn\u00e4n l\u00e4hett\u00e4minen.<\/li><li><strong>Tietojen s\u00e4ilytt\u00e4misperusteet:<\/strong> Tietoja s\u00e4ilytet\u00e4\u00e4n niin kauan kuin on yhteisen edun mukaista s\u00e4ilytt\u00e4\u00e4 k\u00e4sittelyn tarkoitus, ja kun niit\u00e4 ei en\u00e4\u00e4 tarvita kyseiseen tarkoitukseen, ne poistetaan asianmukaisin turvatoimin, joilla varmistetaan tietojen pseudonymisointi tai tietojen t\u00e4ydellinen tuhoaminen.<\/li><li><strong>Tietojen v\u00e4litt\u00e4minen:<\/strong> Tietoja ei v\u00e4litet\u00e4 kolmansille osapuolille, ellei siihen ole lakis\u00e4\u00e4teist\u00e4 velvoitetta.<\/li><li><strong>Kansainv\u00e4liset tiedonsiirrot:<\/strong> Niit\u00e4 ei suoriteta.<\/li><li><strong>K\u00e4ytt\u00e4j\u00e4n oikeudet:<\/strong> Oikeus peruuttaa suostumus milloin tahansa. Oikeus tutustua tietoihin, oikaista ne, siirt\u00e4\u00e4 ne muualle ja poistaa ne sek\u00e4 rajoittaa niiden k\u00e4sittely\u00e4 tai vastustaa sit\u00e4. Oikeus tehd\u00e4 valitus valvontaviranomaiselle (aepd.es), jos katsot, ett\u00e4 k\u00e4sittely ei ole voimassa olevien s\u00e4\u00e4nn\u00f6sten mukaista.<\/li><\/ul><p>Yhteystiedot oikeuksien k\u00e4ytt\u00e4mist\u00e4 varten: Agresta S. Coop DUQUE DE FERNAN NU\u00d1EZ, 2 1\u00ba - 28012 MADRID (Madrid). S\u00e4hk\u00f6posti: datos@agresta.org<\/p><\/div>\n","protected":false},"excerpt":{"rendered":"<p>Jos haluat lis\u00e4tietoja tai pyyt\u00e4\u00e4 Forestmapin esittely\u00e4, k\u00e4yt\u00e4 alla olevaa lomaketta:<\/p>\n","protected":false},"author":1,"featured_media":0,"parent":0,"menu_order":0,"comment_status":"closed","ping_status":"closed","template":"","meta":{"footnotes":""},"class_list":{"0":"post-9718","1":"page","2":"type-page","3":"status-publish","5":"no-featured-image-padding"},"_links":{"self":[{"href":"https:\/\/forestmap.eu\/fi\/wp-json\/wp\/v2\/pages\/9718","targetHints":{"allow":["GET"]}}],"collection":[{"href":"https:\/\/forestmap.eu\/fi\/wp-json\/wp\/v2\/pages"}],"about":[{"href":"https:\/\/forestmap.eu\/fi\/wp-json\/wp\/v2\/types\/page"}],"author":[{"embeddable":true,"href":"https:\/\/forestmap.eu\/fi\/wp-json\/wp\/v2\/users\/1"}],"replies":[{"embeddable":true,"href":"https:\/\/forestmap.eu\/fi\/wp-json\/wp\/v2\/comments?post=9718"}],"version-history":[{"count":3,"href":"https:\/\/forestmap.eu\/fi\/wp-json\/wp\/v2\/pages\/9718\/revisions"}],"predecessor-version":[{"id":9739,"href":"https:\/\/forestmap.eu\/fi\/wp-json\/wp\/v2\/pages\/9718\/revisions\/9739"}],"wp:attachment":[{"href":"https:\/\/forestmap.eu\/fi\/wp-json\/wp\/v2\/media?parent=9718"}],"curies":[{"name":"wp","href":"https:\/\/api.w.org\/{rel}","templated":true}]}}