{"id":9745,"date":"2021-07-27T12:16:13","date_gmt":"2021-07-27T12:16:13","guid":{"rendered":"https:\/\/forestmap.eu\/?page_id=9745"},"modified":"2022-07-19T17:59:25","modified_gmt":"2022-07-19T17:59:25","slug":"cookies-policy-evastekaytanto","status":"publish","type":"page","link":"https:\/\/forestmap.eu\/fi\/cookies-policy-evastekaytanto\/","title":{"rendered":"Cookies Policy (ev\u00e4stek\u00e4yt\u00e4nt\u00f6)"},"content":{"rendered":"\n<h2 class=\"wp-block-heading\">COOKIES KOSKEVAT TIEDOT<\/h2>\n\n<p>Kuninkaallisella asetuksella 13\/2012 s\u00e4\u00e4detyn tietoyhteiskunnan palveluja koskevan lain (LSSICE) muutoksen voimaantulon vuoksi on pakollista hankkia k\u00e4ytt\u00e4j\u00e4n nimenomainen suostumus kaikille verkkosivuille, joilla k\u00e4ytet\u00e4\u00e4n cookies, ennen niiden selaamista.<\/p>\n\n<h2 class=\"wp-block-heading\">MIT\u00c4 COOKIES OVAT?<\/h2>\n\n<p>N\u00e4iden laitteiden k\u00e4ytt\u00f6 antaa verkkopalvelimelle mahdollisuuden muistaa joitakin k\u00e4ytt\u00e4j\u00e4\u00e4 koskevia tietoja, kuten mieltymyksesi kyseisen palvelimen sivujen katseluun, nimesi ja salasanasi, sinua eniten kiinnostavat tuotteet jne.<\/p>\n\n<h2 class=\"wp-block-heading\">COOKIES, JOIHIN ASETUS VAIKUTTAA, JA VAPAUTETUT COOKIES<\/h2>\n\n<p>EU:n direktiivin mukaan cookies, jotka edellytt\u00e4v\u00e4t k\u00e4ytt\u00e4j\u00e4n tietoista suostumusta, ovat analyyttiset cookies sek\u00e4 mainos- ja kumppanuusev\u00e4steet, lukuun ottamatta teknisi\u00e4 ev\u00e4steit\u00e4 ja ev\u00e4steit\u00e4, jotka ovat v\u00e4ltt\u00e4m\u00e4tt\u00f6mi\u00e4 verkkosivuston toiminnan tai k\u00e4ytt\u00e4j\u00e4n nimenomaisesti pyyt\u00e4mien palvelujen tarjoamisen kannalta.<\/p>\n\n<h2 class=\"wp-block-heading\">COOKIES-TYYPIT<\/h2>\n\n<h3 class=\"wp-block-heading\">TARKOITUKSEN MUKAAN<\/h3>\n\n<p>Tekniset ja toiminnalliset cookies: ovat ev\u00e4steit\u00e4, joiden avulla k\u00e4ytt\u00e4j\u00e4 voi navigoida verkkosivulla, -alustalla tai -sovelluksessa ja k\u00e4ytt\u00e4\u00e4 siin\u00e4 olevia eri vaihtoehtoja tai palveluja.<\/p>\n\n<p>Analyyttiset Cookies: N\u00e4m\u00e4 ovat ev\u00e4steit\u00e4, joiden avulla niist\u00e4 vastaava henkil\u00f6 voi seurata ja analysoida niiden verkkosivustojen k\u00e4ytt\u00e4jien k\u00e4ytt\u00e4ytymist\u00e4, joihin ne on linkitetty. T\u00e4m\u00e4ntyyppisten cookies avulla ker\u00e4ttyj\u00e4 tietoja k\u00e4ytet\u00e4\u00e4n verkkosivustojen, sovellusten tai alustojen toiminnan mittaamiseen ja n\u00e4iden sivustojen, sovellusten ja alustojen k\u00e4ytt\u00e4jien selausprofiilien laatimiseen, jotta palvelun k\u00e4ytt\u00e4jien k\u00e4ytt\u00f6tietojen analysointiin perustuvia parannuksia voidaan tehd\u00e4.<\/p>\n\n<p>Advertising Cookies: ovat ev\u00e4steit\u00e4, joiden avulla voidaan hallita mahdollisimman tehokkaasti mainospaikkoja, jotka kustantaja on tarvittaessa sis\u00e4llytt\u00e4nyt verkkosivustoon, sovellukseen tai alustaan, josta se tarjoaa pyydetty\u00e4 palvelua, esimerkiksi muokatun sis\u00e4ll\u00f6n tai mainosten n\u00e4ytt\u00e4mistiheyden perusteella.<\/p>\n\n<p>K\u00e4ytt\u00e4ytymiseen perustuvan mainonnan cookies: N\u00e4m\u00e4 ev\u00e4steet ker\u00e4\u00e4v\u00e4t tietoa k\u00e4ytt\u00e4j\u00e4n mieltymyksist\u00e4 ja henkil\u00f6kohtaisista valinnoista (uudelleenkohdentaminen), jotta voidaan hallita mahdollisimman tehokkaasti mainospaikkoja, jotka kustantaja on tarvittaessa sis\u00e4llytt\u00e4nyt verkkosivulle, -sovellukseen tai -alustalle, josta se tarjoaa pyydetty\u00e4 palvelua.<\/p>\n\n<p>Sosiaaliset Cookies: Sosiaalisen median alustat k\u00e4ytt\u00e4v\u00e4t n\u00e4it\u00e4 ev\u00e4steit\u00e4 palveluissa, jotta voit jakaa sis\u00e4lt\u00f6\u00e4 yst\u00e4viesi ja verkostojesi kanssa. Sosiaalisen median alustoilla on mahdollisuus seurata verkkotoimintaasi palveluiden ulkopuolella. T\u00e4m\u00e4 voi vaikuttaa sis\u00e4lt\u00f6\u00f6n ja viesteihin, joita n\u00e4et muissa palveluissa, joissa vierailet.<\/p>\n\n<p>Affiliate-cookies: mahdollistavat sellaisten vierailujen seurannan, jotka tulevat muilta verkkosivustoilta, joiden kanssa verkkosivusto on solminut kumppanuussopimuksen (kumppanuusyritykset).<\/p>\n\n<p>Tietoturvacookies: ne tallentavat salattuja tietoja, jotta niihin tallennetut tiedot eiv\u00e4t ole alttiita kolmansien osapuolten ilkivaltaisille hy\u00f6kk\u00e4yksille.<\/p>\n\n<h3 class=\"wp-block-heading\">OMINAISUUDEN MUKAAN<\/h3>\n\n<p>Omat cookies: ev\u00e4steet, jotka l\u00e4hetet\u00e4\u00e4n k\u00e4ytt\u00e4j\u00e4n p\u00e4\u00e4telaitteelle editorin itsens\u00e4 hallinnoimalta tietokoneelta tai verkkotunnukselta, josta k\u00e4ytt\u00e4j\u00e4n pyyt\u00e4m\u00e4 palvelu tarjotaan.<\/p>\n\n<p>Kolmannen osapuolen cookies: ev\u00e4steet, jotka l\u00e4hetet\u00e4\u00e4n k\u00e4ytt\u00e4j\u00e4n p\u00e4\u00e4telaitteelle tietokoneelta tai verkkotunnuksesta, jota ei hallinnoi toimittaja, vaan toinen taho, joka k\u00e4sittelee ev\u00e4steiden avulla saatuja tietoja.<\/p>\n\n<h3 class=\"wp-block-heading\">KESTON MUKAAN<\/h3>\n\n<p>Session cookies: N\u00e4m\u00e4 ovat ev\u00e4stetyyppej\u00e4, jotka on suunniteltu ker\u00e4\u00e4m\u00e4\u00e4n ja tallentamaan tietoja, kun k\u00e4ytt\u00e4j\u00e4 k\u00e4ytt\u00e4\u00e4 verkkosivua.<\/p>\n\n<p>Pysyv\u00e4t cookies: N\u00e4m\u00e4 ovat ev\u00e4stetyyppej\u00e4, joissa tiedot s\u00e4ilyv\u00e4t p\u00e4\u00e4telaitteessa ja joita voidaan k\u00e4ytt\u00e4\u00e4 ja k\u00e4sitell\u00e4 ev\u00e4steest\u00e4 vastaavan osapuolen m\u00e4\u00e4rittelem\u00e4n ajanjakson ajan, joka voi vaihdella muutamasta minuutista useisiin vuosiin.<\/p>\n\n<h2 class=\"wp-block-heading\">HENKIL\u00d6TIETOJEN K\u00c4SITTELY<\/h2>\n\n<p>Agresta S. Coop on rekister\u00f6idyn henkil\u00f6tietojen rekisterinpit\u00e4j\u00e4 ja ilmoittaa, ett\u00e4 n\u00e4it\u00e4 tietoja k\u00e4sitell\u00e4\u00e4n 27. huhtikuuta 2016 annetun asetuksen (EU) 2016\/679 (yleinen tietosuoja-asetus) s\u00e4\u00e4nn\u00f6sten mukaisesti:<\/p>\n\n<ul class=\"wp-block-list\"><li>K\u00e4sittelytarkoitukset: kuten t\u00e4ll\u00e4 verkkosivustolla k\u00e4ytett\u00e4vi\u00e4 ev\u00e4steit\u00e4 koskevassa osiossa on m\u00e4\u00e4ritelty.<\/li><li>K\u00e4sittelyn oikeutus: rekister\u00f6idyn suostumus (yleisen tietosuoja-asetuksen 6 artiklan 1 kohta).<\/li><li>Tietojen s\u00e4ilytt\u00e4misperusteet: kuten verkkosivustolla k\u00e4ytett\u00e4vi\u00e4 ev\u00e4steit\u00e4 koskevassa osiossa on m\u00e4\u00e4ritelty.<\/li><li>Tietojen v\u00e4litt\u00e4minen: Tietoja ei v\u00e4litet\u00e4 kolmansille osapuolille, lukuun ottamatta kolmansien osapuolten omistamia cookies tai lakis\u00e4\u00e4teisi\u00e4 velvoitteita.<\/li><\/ul>\n\n<p>Rekister\u00f6idyn oikeudet:<\/p>\n\n<ul class=\"wp-block-list\"><li>Oikeus peruuttaa suostumus milloin tahansa.<\/li><li>oikeus tutustua tietoihinsa, oikaista ne, siirt\u00e4\u00e4 ne j\u00e4rjestelm\u00e4st\u00e4 toiseen ja poistaa ne sek\u00e4 rajoittaa niiden k\u00e4sittely\u00e4 tai vastustaa sit\u00e4.<\/li><li>Oikeus tehd\u00e4 valitus valvontaviranomaiselle (www.aepd.es), jos h\u00e4n katsoo, ett\u00e4 k\u00e4sittely ei ole voimassa olevien s\u00e4\u00e4nn\u00f6sten mukaista.<\/li><\/ul>\n\n<p>Yhteystiedot oikeuksien k\u00e4ytt\u00e4mist\u00e4 varten: Agresta S. Coop. DUQUE DE FERNAN NU\u00d1EZ, 2 1\u00ba &#8211; 28012 MADRID (Madrid). S\u00e4hk\u00f6posti: datos@agresta.org.<\/p>\n\n<h2 class=\"wp-block-heading\">FORESTMAP TEKNISET JA TOIMINNALLISET COOKIES<\/h2>\n<figure class=\"wp-block-table\">\r\n   <table>\r\n      <tbody>\r\n         <tr>\r\n            <td><strong>Kiinteist\u00f6<\/strong><\/td>\r\n            <td><strong>Cookie<\/strong><\/td>\r\n            <td><strong>K\u00e4ytt\u00f6tarkoitus<\/strong><\/td>\r\n            <td><strong>Kesto<\/strong><\/td>\r\n         <\/tr>\r\n         <tr>\r\n            <td>sme.agrestaweb.org<\/td>\r\n            <td>localStorage.logged<\/td>\r\n            <td>K\u00e4ytet\u00e4\u00e4n havaitsemaan, onko k\u00e4ytt\u00e4j\u00e4 jo kirjautunut sis\u00e4\u00e4n ForestMap.<\/td>\r\n            <td>Pysyv\u00e4<\/td>\r\n         <\/tr>\r\n         <tr>\r\n            <td>sme.agrestaweb.org<\/td>\r\n            <td>localStorage.ngStorage-lg<\/td>\r\n            <td>K\u00e4ytet\u00e4\u00e4n k\u00e4ytt\u00e4j\u00e4n kieliasetusten tallentamiseen.<\/td>\r\n            <td>Pysyv\u00e4<\/td>\r\n         <\/tr>\r\n         <tr>\r\n            <td>sme.agrestaweb.org<\/td>\r\n            <td>localStorage.currentUser<\/td>\r\n            <td>K\u00e4ytet\u00e4\u00e4n k\u00e4ytt\u00e4j\u00e4asetusten tallentamiseen.<\/td>\r\n            <td>Pysyv\u00e4<\/td>\r\n         <\/tr>\r\n         <tr>\r\n            <td>sme.agrestaweb.org<\/td>\r\n            <td>moove_gdpr_popup<\/td>\r\n            <td>K\u00e4ytet\u00e4\u00e4n k\u00e4ytt\u00e4j\u00e4n ev\u00e4steasetusten tallentamiseen.<\/td>\r\n            <td>1 vuosi<\/td>\r\n         <\/tr>\r\n      <\/tbody>\r\n   <\/table>\r\n<\/figure>","protected":false},"excerpt":{"rendered":"<p>COOKIES KOSKEVAT TIEDOT Kuninkaallisella asetuksella 13\/2012 s\u00e4\u00e4detyn tietoyhteiskunnan palveluja koskevan lain (LSSICE) muutoksen voimaantulon vuoksi on pakollista hankkia k\u00e4ytt\u00e4j\u00e4n nimenomainen suostumus kaikille verkkosivuille, joilla k\u00e4ytet\u00e4\u00e4n cookies, ennen niiden selaamista. MIT\u00c4 COOKIES OVAT? N\u00e4iden laitteiden k\u00e4ytt\u00f6 antaa verkkopalvelimelle mahdollisuuden muistaa joitakin k\u00e4ytt\u00e4j\u00e4\u00e4 koskevia tietoja, kuten mieltymyksesi kyseisen palvelimen sivujen katseluun, nimesi ja salasanasi, sinua eniten kiinnostavat &#8230; <a title=\"Cookies Policy (ev\u00e4stek\u00e4yt\u00e4nt\u00f6)\" class=\"read-more\" href=\"https:\/\/forestmap.eu\/fi\/cookies-policy-evastekaytanto\/\" aria-label=\"Lis\u00e4\u00e4 Cookies Policy (ev\u00e4stek\u00e4yt\u00e4nt\u00f6)\">Lue lis\u00e4\u00e4<\/a><\/p>\n","protected":false},"author":1,"featured_media":0,"parent":0,"menu_order":0,"comment_status":"closed","ping_status":"closed","template":"","meta":{"footnotes":""},"class_list":{"0":"post-9745","1":"page","2":"type-page","3":"status-publish","5":"no-featured-image-padding"},"_links":{"self":[{"href":"https:\/\/forestmap.eu\/fi\/wp-json\/wp\/v2\/pages\/9745","targetHints":{"allow":["GET"]}}],"collection":[{"href":"https:\/\/forestmap.eu\/fi\/wp-json\/wp\/v2\/pages"}],"about":[{"href":"https:\/\/forestmap.eu\/fi\/wp-json\/wp\/v2\/types\/page"}],"author":[{"embeddable":true,"href":"https:\/\/forestmap.eu\/fi\/wp-json\/wp\/v2\/users\/1"}],"replies":[{"embeddable":true,"href":"https:\/\/forestmap.eu\/fi\/wp-json\/wp\/v2\/comments?post=9745"}],"version-history":[{"count":5,"href":"https:\/\/forestmap.eu\/fi\/wp-json\/wp\/v2\/pages\/9745\/revisions"}],"predecessor-version":[{"id":9750,"href":"https:\/\/forestmap.eu\/fi\/wp-json\/wp\/v2\/pages\/9745\/revisions\/9750"}],"wp:attachment":[{"href":"https:\/\/forestmap.eu\/fi\/wp-json\/wp\/v2\/media?parent=9745"}],"curies":[{"name":"wp","href":"https:\/\/api.w.org\/{rel}","templated":true}]}}