{"id":9751,"date":"2021-07-27T12:15:24","date_gmt":"2021-07-27T12:15:24","guid":{"rendered":"https:\/\/forestmap.eu\/?page_id=9751"},"modified":"2022-07-19T18:17:35","modified_gmt":"2022-07-19T18:17:35","slug":"oikeudellinen-huomautus","status":"publish","type":"page","link":"https:\/\/forestmap.eu\/fi\/oikeudellinen-huomautus\/","title":{"rendered":"Oikeudellinen huomautus"},"content":{"rendered":"\n<h2 class=\"wp-block-heading\">TIETOYHTEISKUNNAN PALVELUJA KOSKEVA LAKI (LSSI)<\/h2>\n\n<p>Agresta S. Coop, verkkosivujen vastuuhenkil\u00f6, j\u00e4ljemp\u00e4n\u00e4 &#8217;TOIMITTAJA&#8217;, asettaa t\u00e4m\u00e4n asiakirjan k\u00e4ytt\u00e4jien saataville, jonka tarkoituksena on t\u00e4ytt\u00e4\u00e4 tietoyhteiskunnasta ja s\u00e4hk\u00f6isen kaupank\u00e4ynnin palveluista 11. hein\u00e4kuuta 2002 annetussa laissa 34\/2002 (LSSICE), Espanjan virallinen lehti nro \u00ba 166, s\u00e4\u00e4detyt velvoitteet sek\u00e4 tiedottaa kaikille verkkosivujen k\u00e4ytt\u00e4jille k\u00e4ytt\u00f6ehdoista.<\/p>\n\n<p>Jokainen henkil\u00f6, joka k\u00e4ytt\u00e4\u00e4 t\u00e4t\u00e4 verkkosivustoa, saa k\u00e4ytt\u00e4j\u00e4n aseman ja sitoutuu sellaisenaan noudattamaan ja noudattamaan tiukasti t\u00e4ss\u00e4 esitettyj\u00e4 m\u00e4\u00e4r\u00e4yksi\u00e4 sek\u00e4 kaikkia muita sovellettavia oikeudellisia lausekkeita.<\/p>\n\n<p>Agresta S. Coop pid\u00e4tt\u00e4\u00e4 itsell\u00e4\u00e4n oikeuden muuttaa verkkosivustolla mahdollisesti olevia tietoja, eik\u00e4 se ole velvollinen ilmoittamaan niist\u00e4 etuk\u00e4teen tai ilmoittamaan k\u00e4ytt\u00e4jille t\u00e4llaisista velvoitteista, ja julkaiseminen Agresta S. Coopin verkkosivustolla katsotaan riitt\u00e4v\u00e4ksi.<\/p>\n\n<h2 class=\"wp-block-heading\">1. TUNNISTUSTIEDOT<\/h2>\n\n<ul class=\"wp-block-list\"><li>Verkkotunnus: agresta.org<\/li><li>Kauppanimi: Agresta S. Coop. Mad<\/li><li>Yrityksen nimi: Agresta S. Coop<\/li><li>TIN: F82718131<\/li><li>Rekister\u00f6ity osoite: C\/ Duque de Fern\u00e1n N\u00fa\u00f1ez, 2 1, 28012 MADRID (MADRID).<\/li><li>Puhelin: 913 540 213<\/li><li>S\u00e4hk\u00f6posti: agresta@agresta.org<\/li><li>Madridin alueen osuuskuntarekisteri nro 28\/CM-3337, nide 23, lehti 3373.<\/li><\/ul>\n\n<h2 class=\"wp-block-heading\">2. TEOLLIS- JA TEKIJ\u00c4NOIKEUDET<\/h2>\n\n<p>Verkkosivusto, mukaan lukien mutta ei rajoittuen sen ohjelmointi, muokkaus, koostaminen ja muut sen toiminnan kannalta v\u00e4ltt\u00e4m\u00e4tt\u00f6m\u00e4t elementit, mallit, logot, teksti ja\/tai grafiikka, ovat TOIMEKSIANTAJAN omistuksessa tai tarvittaessa niill\u00e4 on nimenomainen lisenssi tai tekij\u00f6iden nimenomainen lupa. Kaikki verkkosivuston sis\u00e4lt\u00f6 on asianmukaisesti suojattu teollis- ja tekij\u00e4noikeuslains\u00e4\u00e4d\u00e4nn\u00f6ll\u00e4, ja se on rekister\u00f6ity vastaaviin julkisiin rekistereihin. <\/p>\n\n<p>K\u00e4ytt\u00f6tarkoituksesta riippumatta niiden t\u00e4ydellinen tai osittainen j\u00e4ljent\u00e4minen, k\u00e4ytt\u00f6, hy\u00f6dynt\u00e4minen, jakelu ja kaupallistaminen edellytt\u00e4\u00e4 joka tapauksessa TOIMEKSIANTAJAN kirjallista ennakkolupaa. Luvattoman k\u00e4yt\u00f6n katsotaan loukkaavan vakavasti tekij\u00e4n teollis- ja tekij\u00e4noikeuksia.<\/p>\n\n<p>Sivustolla mahdollisesti esiintyv\u00e4t mallit, logot, tekstit ja\/tai grafiikka, jotka eiv\u00e4t kuulu TOIMEKSIANTAJALLE, kuuluvat niiden omistajille, jotka ovat vastuussa mahdollisista niit\u00e4 koskevista riidoista. TOIMEKSIANTAJA antaa kolmansille osapuolille nimenomaisesti luvan ohjata uudelleen verkkosivuston erityissis\u00e4lt\u00f6\u00f6n ja joka tapauksessa ohjata uudelleen agresta.orgin p\u00e4\u00e4sivustolle.<\/p>\n\n<p>TOIMEKSIANTAJA tunnustaa vastaavat teollis- ja tekij\u00e4noikeudet niiden omistajien hyv\u00e4ksi, eik\u00e4 niiden mainitseminen tai esiintyminen verkkosivustolla tarkoita, ett\u00e4 niill\u00e4 olisi mink\u00e4\u00e4nlaisia oikeuksia tai vastuuta niihin, eik\u00e4 se tarkoita verkkosivuston hyv\u00e4ksynt\u00e4\u00e4, sponsorointia tai suositusta. Mahdollisia immateriaalioikeuksien tai teollisoikeuksien loukkauksia sek\u00e4 verkkosivuston sis\u00e4lt\u00f6\u00e4 koskevia huomautuksia voi esitt\u00e4\u00e4 osoitteessa agresta@agresta.org.<\/p>\n\n<h2 class=\"wp-block-heading\">3. VASTUUVAPAUS<\/h2>\n\n<p>TOIMEKSIANTAJA on vapautettu kaikesta vastuusta, joka johtuu sen verkkosivustolla julkaistuista tiedoista, jos kolmas osapuoli, joka ei ole yhteydess\u00e4 TOIMEKSIANTAJAAN, on manipuloinut tai lis\u00e4nnyt n\u00e4it\u00e4 tietoja.<\/p>\n\n<h3 class=\"wp-block-heading\">Cookiesin k\u00e4ytt\u00f6<\/h3>\n\n<p>T\u00e4m\u00e4 verkkosivusto k\u00e4ytt\u00e4\u00e4 teknisi\u00e4 cookies(pieni\u00e4 tiedostoja, joissa on tietoja, jotka palvelin l\u00e4hett\u00e4\u00e4 verkkosivuston k\u00e4ytt\u00e4j\u00e4n tietokoneelle) tiettyjen toimintojen suorittamiseksi, joita pidet\u00e4\u00e4n v\u00e4ltt\u00e4m\u00e4tt\u00f6min\u00e4 verkkosivuston asianmukaisen toiminnan ja esikatselun kannalta. K\u00e4ytetyt ev\u00e4steet ovat joka tapauksessa v\u00e4liaikaisia, ja niiden ainoana tarkoituksena on tehostaa sivustolla liikkumista, ja ne h\u00e4vi\u00e4v\u00e4t k\u00e4ytt\u00e4j\u00e4n istunnon p\u00e4\u00e4tytty\u00e4. N\u00e4m\u00e4 ev\u00e4steet eiv\u00e4t miss\u00e4\u00e4n tapauksessa itsess\u00e4\u00e4n anna henkil\u00f6tietoja, eik\u00e4 niit\u00e4 k\u00e4ytet\u00e4 t\u00e4llaisten tietojen ker\u00e4\u00e4miseen.<\/p>\n\n<p>Cookies avulla on my\u00f6s mahdollista, ett\u00e4 palvelin, jolla verkkosivusto sijaitsee, tunnistaa k\u00e4ytt\u00e4j\u00e4n k\u00e4ytt\u00e4m\u00e4n selaimen navigoinnin helpottamiseksi, jolloin esimerkiksi aiemmin rekister\u00f6ityneet k\u00e4ytt\u00e4j\u00e4t voivat k\u00e4ytt\u00e4\u00e4 yksinomaan heille varattuja alueita, palveluita, kampanjoita tai kilpailuja ilman, ett\u00e4 heid\u00e4n tarvitsee rekister\u00f6ity\u00e4 jokaisella k\u00e4ynnill\u00e4. Niit\u00e4 voidaan k\u00e4ytt\u00e4\u00e4 my\u00f6s yleis\u00f6- tai liikenneparametrien mittaamiseen, kilpailun etenemisen ja osallistumisten m\u00e4\u00e4r\u00e4n seurantaan jne. N\u00e4iss\u00e4 tapauksissa k\u00e4ytetyt ev\u00e4steet eiv\u00e4t ole teknisesti v\u00e4ltt\u00e4m\u00e4tt\u00f6mi\u00e4, mutta ovat k\u00e4ytt\u00e4j\u00e4lle hy\u00f6dyllisi\u00e4. T\u00e4m\u00e4 verkkosivusto ei asenna muita kuin v\u00e4ltt\u00e4m\u00e4tt\u00f6mi\u00e4 ev\u00e4steit\u00e4 ilman k\u00e4ytt\u00e4j\u00e4n suostumusta.<\/p>\n\n<p>K\u00e4ytt\u00e4j\u00e4 voi m\u00e4\u00e4ritt\u00e4\u00e4 selaimensa niin, ett\u00e4 se varoittaa h\u00e4nt\u00e4 ev\u00e4steiden vastaanottamisesta ja est\u00e4\u00e4 niiden asentamisen tietokoneelleen. Lis\u00e4tietoja saat selaimesi ohjeista.<\/p>\n\n<h3 class=\"wp-block-heading\">Linkkipolitiikka<\/h3>\n\n<p>T\u00e4m\u00e4n verkkosivuston k\u00e4ytt\u00e4j\u00e4 saatetaan ohjata kolmansien osapuolten verkkosivustojen sis\u00e4lt\u00f6\u00f6n. Koska HALLINNANVALVOJA ei voi aina valvoa kolmansien osapuolten verkkosivustojen sis\u00e4lt\u00f6\u00e4, se ei ota mink\u00e4\u00e4nlaista vastuuta kyseisest\u00e4 sis\u00e4ll\u00f6st\u00e4. Joka tapauksessa TOIMEKSIANTAJA poistaa v\u00e4litt\u00f6m\u00e4sti kaiken sis\u00e4ll\u00f6n, joka saattaa olla kansallisen tai kansainv\u00e4lisen lains\u00e4\u00e4d\u00e4nn\u00f6n, moraalin tai yleisen j\u00e4rjestyksen vastaista, ja poistaa v\u00e4litt\u00f6m\u00e4sti uudelleenohjauksen t\u00e4lle verkkosivustolle ja ilmoittaa toimivaltaisille viranomaisille kyseisest\u00e4 sis\u00e4ll\u00f6st\u00e4. <\/p>\n\n<p>TOIMEKSIANTAJA ei ole vastuussa tiedoista ja sis\u00e4ll\u00f6st\u00e4, jotka l\u00f6ytyv\u00e4t muun muassa foorumeilta, keskustelupalstoilta, blogigeneraattoreista, kommenteista, sosiaalisista verkostoista tai muista keinoista, joiden avulla kolmannet osapuolet voivat itsen\u00e4isesti julkaista sis\u00e4lt\u00f6\u00e4 TOIMEKSIANTAJAN verkkosivustolla. LSSICE:n lakien 11 ja 16 mukaisesti kolmansien osapuolten sis\u00e4lt\u00f6 on kuitenkin kaikkien k\u00e4ytt\u00e4jien, viranomaisten ja lainvalvontaviranomaisten saatavilla, jotka tekev\u00e4t suoraa yhteisty\u00f6t\u00e4 kaiken sellaisen sis\u00e4ll\u00f6n poistamiseksi tai est\u00e4miseksi, joka voi vaikuttaa kansalliseen tai kansainv\u00e4liseen lains\u00e4\u00e4d\u00e4nt\u00f6\u00f6n, kolmansien osapuolten oikeuksiin tai yleiseen moraaliin ja yleiseen j\u00e4rjestykseen tai rikkoa niit\u00e4. Jos k\u00e4ytt\u00e4j\u00e4 katsoo, ett\u00e4 verkkosivustolla on sellaista sis\u00e4lt\u00f6\u00e4, jota voidaan pit\u00e4\u00e4 t\u00e4llaisena, h\u00e4n ilmoittaa siit\u00e4 v\u00e4litt\u00f6m\u00e4sti verkkosivuston yll\u00e4pit\u00e4j\u00e4lle. <\/p>\n\n<p>T\u00e4m\u00e4 verkkosivusto on tarkistettu ja testattu, jotta se toimisi moitteettomasti. Periaatteessa moitteeton toiminta voidaan taata 365 p\u00e4iv\u00e4\u00e4 vuodessa, 24 tuntia vuorokaudessa. TOIMEKSIANTAJA ei kuitenkaan sulje pois mahdollisuutta, ett\u00e4 ohjelmointivirheit\u00e4 esiintyy tai ett\u00e4 ylivoimainen este, luonnonkatastrofit, lakot tai vastaavat olosuhteet tekev\u00e4t verkkosivuston k\u00e4yt\u00f6n mahdottomaksi.<\/p>\n\n<h3 class=\"wp-block-heading\">IP-osoitteet<\/h3>\n\n<p>Verkkosivuston palvelimet voivat tunnistaa automaattisesti k\u00e4ytt\u00e4j\u00e4n k\u00e4ytt\u00e4m\u00e4n IP-osoitteen ja verkkotunnuksen. IP-osoite on numero, joka annetaan tietokoneelle automaattisesti, kun se on yhteydess\u00e4 Internetiin. Kaikki n\u00e4m\u00e4 tiedot tallennetaan palvelimen j\u00e4rjestelm\u00e4lokiin, jonka avulla tietoja voidaan k\u00e4sitell\u00e4 my\u00f6hemmin, jotta saadaan ainoastaan tilastollisia mittaustuloksia, jotka kertovat sivujen lukum\u00e4\u00e4r\u00e4n, verkkopalvelimilla tehtyjen k\u00e4yntien lukum\u00e4\u00e4r\u00e4n, k\u00e4yntien j\u00e4rjestyksen, yhteyspisteen jne.<\/p>\n\n<h2 class=\"wp-block-heading\">4. SOVELLETTAVA LAKI JA TOIMIVALTA<\/h2>\n\n<p>Espanjan lakia, johon osapuolet nimenomaisesti alistuvat, sovelletaan kaikkiin riitoihin tai kysymyksiin, jotka liittyv\u00e4t t\u00e4h\u00e4n verkkosivustoon tai sen kautta toteutettuihin toimiin, ja MADRIDia l\u00e4hinn\u00e4 olevat tuomioistuimet ovat vastuussa kaikkien sen k\u00e4yt\u00f6st\u00e4 johtuvien tai siihen liittyvien riitojen ratkaisemisesta.<\/p>\n","protected":false},"excerpt":{"rendered":"<p>TIETOYHTEISKUNNAN PALVELUJA KOSKEVA LAKI (LSSI) Agresta S. Coop, verkkosivujen vastuuhenkil\u00f6, j\u00e4ljemp\u00e4n\u00e4 &#8217;TOIMITTAJA&#8217;, asettaa t\u00e4m\u00e4n asiakirjan k\u00e4ytt\u00e4jien saataville, jonka tarkoituksena on t\u00e4ytt\u00e4\u00e4 tietoyhteiskunnasta ja s\u00e4hk\u00f6isen kaupank\u00e4ynnin palveluista 11. hein\u00e4kuuta 2002 annetussa laissa 34\/2002 (LSSICE), Espanjan virallinen lehti nro \u00ba 166, s\u00e4\u00e4detyt velvoitteet sek\u00e4 tiedottaa kaikille verkkosivujen k\u00e4ytt\u00e4jille k\u00e4ytt\u00f6ehdoista. Jokainen henkil\u00f6, joka k\u00e4ytt\u00e4\u00e4 t\u00e4t\u00e4 verkkosivustoa, saa k\u00e4ytt\u00e4j\u00e4n &#8230; <a title=\"Oikeudellinen huomautus\" class=\"read-more\" href=\"https:\/\/forestmap.eu\/fi\/oikeudellinen-huomautus\/\" aria-label=\"Lis\u00e4\u00e4 Oikeudellinen huomautus\">Lue lis\u00e4\u00e4<\/a><\/p>\n","protected":false},"author":1,"featured_media":0,"parent":0,"menu_order":0,"comment_status":"closed","ping_status":"closed","template":"","meta":{"footnotes":""},"class_list":{"0":"post-9751","1":"page","2":"type-page","3":"status-publish","5":"no-featured-image-padding"},"_links":{"self":[{"href":"https:\/\/forestmap.eu\/fi\/wp-json\/wp\/v2\/pages\/9751","targetHints":{"allow":["GET"]}}],"collection":[{"href":"https:\/\/forestmap.eu\/fi\/wp-json\/wp\/v2\/pages"}],"about":[{"href":"https:\/\/forestmap.eu\/fi\/wp-json\/wp\/v2\/types\/page"}],"author":[{"embeddable":true,"href":"https:\/\/forestmap.eu\/fi\/wp-json\/wp\/v2\/users\/1"}],"replies":[{"embeddable":true,"href":"https:\/\/forestmap.eu\/fi\/wp-json\/wp\/v2\/comments?post=9751"}],"version-history":[{"count":1,"href":"https:\/\/forestmap.eu\/fi\/wp-json\/wp\/v2\/pages\/9751\/revisions"}],"predecessor-version":[{"id":9752,"href":"https:\/\/forestmap.eu\/fi\/wp-json\/wp\/v2\/pages\/9751\/revisions\/9752"}],"wp:attachment":[{"href":"https:\/\/forestmap.eu\/fi\/wp-json\/wp\/v2\/media?parent=9751"}],"curies":[{"name":"wp","href":"https:\/\/api.w.org\/{rel}","templated":true}]}}