{"id":9753,"date":"2021-07-27T12:16:43","date_gmt":"2021-07-27T12:16:43","guid":{"rendered":"https:\/\/forestmap.eu\/?page_id=9753"},"modified":"2022-07-19T18:33:19","modified_gmt":"2022-07-19T18:33:19","slug":"herkkyyspolitiikka","status":"publish","type":"page","link":"https:\/\/forestmap.eu\/fi\/herkkyyspolitiikka\/","title":{"rendered":"Herkkyyspolitiikka"},"content":{"rendered":"\n<h2 class=\"wp-block-heading\">1. K\u00c4YTT\u00c4J\u00c4TIEDOT<\/h2>\n\n<h3 class=\"wp-block-heading\">Kuka on henkil\u00f6tietojesi rekisterinpit\u00e4j\u00e4?<\/h3>\n\n<p>Agresta S. Coop on K\u00c4YTT\u00c4J\u00c4N HENKIL\u00d6TIETOJEN K\u00c4SITTELIJ\u00c4 ja ilmoittaa, ett\u00e4 n\u00e4it\u00e4 tietoja k\u00e4sitell\u00e4\u00e4n 27. huhtikuuta 2016 annetun asetuksen (EU) 2016\/679 (yleinen tietosuoja-asetus) ja 5. joulukuuta annetun orgaanisen lain 3\/2018 (LOPDGDD) s\u00e4\u00e4nn\u00f6sten mukaisesti.<\/p>\n\n<h3 class=\"wp-block-heading\">Miksi k\u00e4sittelemme henkil\u00f6tietojasi?<\/h3>\n\n<p>yll\u00e4pit\u00e4\u00e4 kaupallista suhdetta k\u00e4ytt\u00e4j\u00e4\u00e4n. Suunnitellut k\u00e4sittelytoimet ovat:<\/p>\n\n<ul class=\"wp-block-list\"><li>Kaupallisen mainosviestinn\u00e4n l\u00e4hett\u00e4minen s\u00e4hk\u00f6postitse, faksilla, tekstiviestill\u00e4, MMS:ll\u00e4, sosiaalisissa verkostoissa tai muilla nykyisill\u00e4 tai tulevilla s\u00e4hk\u00f6isill\u00e4 tai fyysisill\u00e4 v\u00e4lineill\u00e4, jotka mahdollistavat kaupallisen viestinn\u00e4n. N\u00e4m\u00e4 viestit tekee TOIMEKSIANTAJA, ja ne liittyv\u00e4t sen tuotteisiin ja palveluihin tai niiden kumppaneiden tai toimittajien tuotteisiin ja palveluihin, joiden kanssa se on tehnyt myynninedist\u00e4missopimuksen. T\u00e4ll\u00f6in kolmansilla osapuolilla ei ole koskaan p\u00e4\u00e4sy\u00e4 henkil\u00f6tietoihin. <\/li><li>Markkinatutkimuksen ja tilastoanalyysin tekeminen. <\/li><li>K\u00e4sittelee tilauksia, pyynt\u00f6j\u00e4, vastaa kyselyihin tai mink\u00e4 tahansa tyyppisiin pyynt\u00f6ihin, jotka K\u00c4YTT\u00c4J\u00c4 on esitt\u00e4nyt mink\u00e4 tahansa TOIMEKSIANTAJAN verkkosivustolla saatavilla olevan yhteydenottomenetelm\u00e4n kautta.<\/li><li>L\u00e4het\u00e4 uutisia, tarjouksia ja myynninedist\u00e4mistoimia koskeva online-uutiskirje.<\/li><\/ul>\n\n<h3 class=\"wp-block-heading\">Miksi voimme k\u00e4sitell\u00e4 henkil\u00f6tietojasi?<\/h3>\n\n<p>Koska k\u00e4sittely on oikeutettu yleisen tietosuoja-asetuksen 6 artiklan nojalla seuraavasti:<\/p>\n\n<ul class=\"wp-block-list\"><li>TOIMITTAJAN oikeutetun edun vuoksi: markkinatutkimusten, tilastollisten analyysien jne. tekeminen ja tilausten, pyynt\u00f6jen jne. k\u00e4sittely K\u00c4YTT\u00c4J\u00c4N pyynn\u00f6st\u00e4.<\/li><li>TOIMITTAJAN oikeutetun edun vuoksi: markkinatutkimusten, tilastollisten analyysien jne. tekeminen ja tilausten, pyynt\u00f6jen jne. k\u00e4sittely K\u00c4YTT\u00c4J\u00c4N pyynn\u00f6st\u00e4.<\/li><\/ul>\n\n<h3 class=\"wp-block-heading\">Kuinka kauan s\u00e4ilyt\u00e4mme henkil\u00f6tietojasi?<\/h3>\n\n<p>Tietoja s\u00e4ilytet\u00e4\u00e4n enint\u00e4\u00e4n niin kauan kuin on tarpeen k\u00e4sittelyn tarkoituksen s\u00e4ilytt\u00e4miseksi tai niin kauan kuin on olemassa oikeudellisia m\u00e4\u00e4r\u00e4yksi\u00e4, jotka edellytt\u00e4v\u00e4t niiden s\u00e4ilytt\u00e4mist\u00e4, ja kun kyseinen tarkoitus ei en\u00e4\u00e4 ole tarpeen, tiedot poistetaan asianmukaisin turvatoimin, joilla varmistetaan tietojen anonymisointi tai niiden t\u00e4ydellinen tuhoaminen. <\/p>\n\n<h3 class=\"wp-block-heading\">\u00bf Kenelle luovutamme henkil\u00f6tietojasi?<\/h3>\n\n<p>Henkil\u00f6tietoja ei ole tarkoitus luovuttaa kolmansille osapuolille, paitsi jos se on tarpeen k\u00e4sittelyn tarkoitusten kehitt\u00e4miseksi ja toteuttamiseksi, viestint\u00e4\u00e4n liittyvien palvelujen toimittajillemme, joiden kanssa TOIMEKSIANTAJA on allekirjoittanut voimassa olevien tietosuojas\u00e4\u00e4nn\u00f6sten edellytt\u00e4m\u00e4t salassapito- ja tietojenk\u00e4sittelysopimukset.<\/p>\n\n<h4 class=\"wp-block-heading\">Stripe, Inc.<\/h4>\n\n<p>ForestMap k\u00e4yt\u00e4mme maksujen hallinnointiin Stripe-maksuporttia. Stripe tarjoaa palveluja, joiden avulla alustat ja kauppiaat voivat harjoittaa liiketoimintaa ja suorittaa turvallisia verkkomaksuja. Jos teet maksutilauksen ForestMapin kautta, annetut tiedot siirret\u00e4\u00e4n Stripeen ainoastaan tilauksesi k\u00e4sittely\u00e4 varten. Lis\u00e4tietoja on osoitteessa\u00a0 <a href=\"https:\/\/stripe.com\/en-es\/privacy\">Stripen tietosuojak\u00e4yt\u00e4nt\u00f6.<\/a><\/p>\n\n<h3 class=\"wp-block-heading\">Mitk\u00e4 ovat oikeutesi?<\/h3>\n\n<p>K\u00c4YTT\u00c4J\u00c4N oikeudet ovat:<\/p>\n\n<ul class=\"wp-block-list\"><li>Oikeus peruuttaa suostumus milloin tahansa.<\/li><li>oikeus tutustua tietoihinsa, oikaista ne, siirt\u00e4\u00e4 ne j\u00e4rjestelm\u00e4st\u00e4 toiseen ja poistaa ne sek\u00e4 rajoittaa niiden k\u00e4sittely\u00e4 tai vastustaa sit\u00e4.<\/li><li>Oikeus tehd\u00e4 valitus Espanjan valvontaviranomaiselle (www.aepd.es), jos katsot, ett\u00e4 k\u00e4sittely ei ole voimassa olevan lains\u00e4\u00e4d\u00e4nn\u00f6n mukaista.<\/li><\/ul>\n\n<h3 class=\"wp-block-heading\">Yhteystiedot oikeuksien k\u00e4ytt\u00e4mist\u00e4 varten:<\/h3>\n\n<p>Agresta S. Coop. DUQUE DE FERNAN NU\u00d1EZ, 2 1\u00ba &#8211; 28012 MADRID (Madrid). S\u00e4hk\u00f6posti: datos@agresta.org<\/p>\n\n<h2 class=\"wp-block-heading\">2. K\u00c4YTT\u00c4J\u00c4N ANTAMIEN TIETOJEN PAKOLLISUUS TAI VAPAAEHTOISUUS.<\/h2>\n\n<p>Merkitsem\u00e4ll\u00e4 vastaavat ruudut ja sy\u00f6tt\u00e4m\u00e4ll\u00e4 tiedot yhteystietolomakkeen tai latauslomakkeen t\u00e4hdell\u00e4 (*) merkittyihin kenttiin K\u00c4YTT\u00c4J\u00c4T hyv\u00e4ksyv\u00e4t nimenomaisesti, vapaasti ja yksiselitteisesti, ett\u00e4 heid\u00e4n tietonsa ovat tarpeen toimittajalle heid\u00e4n pyynt\u00f6ns\u00e4 t\u00e4ytt\u00e4miseksi, ja ilmoittavat vapaaehtoisesti tietonsa j\u00e4ljell\u00e4 oleviin kenttiin. K\u00c4YTT\u00c4J\u00c4 varmistaa, ett\u00e4 TOIMITTAJALLE annetut henkil\u00f6tiedot pit\u00e4v\u00e4t paikkansa, ja vastaa siit\u00e4, ett\u00e4 h\u00e4n ilmoittaa niihin mahdollisesti teht\u00e4vist\u00e4 muutoksista.<\/p>\n\n<p>TOIMEKSIANTAJA ilmoittaa, ett\u00e4 kaikki verkkosivuston kautta pyydetyt tiedot ovat pakollisia, koska ne ovat v\u00e4ltt\u00e4m\u00e4tt\u00f6mi\u00e4 optimaalisen palvelun tarjoamiseksi K\u00c4YTT\u00c4J\u00c4LLE. Jos kaikkia tietoja ei anneta, ei ole mit\u00e4\u00e4n takeita siit\u00e4, ett\u00e4 tarjotut tiedot ja palvelut vastaavat t\u00e4ysin K\u00e4ytt\u00e4j\u00e4n tarpeita.<\/p>\n\n<h2 class=\"wp-block-heading\">3. TURVATOIMET<\/h2>\n\n<p>ett\u00e4 voimassa olevien henkil\u00f6tietojen suojaa koskevien s\u00e4\u00e4nn\u00f6sten mukaisesti HALLINNANHALTIJA noudattaa kaikkia tietosuoja-asetuksen ja LOPDGDD-asetusten s\u00e4\u00e4nn\u00f6ksi\u00e4 k\u00e4sitelless\u00e4\u00e4n vastuullaan olevia henkil\u00f6tietoja ja noudattaa selv\u00e4sti tietosuoja-asetuksen 5 artiklassa kuvattuja periaatteita, joiden mukaan tietoja k\u00e4sitell\u00e4\u00e4n laillisella, oikeudenmukaisella ja l\u00e4pin\u00e4kyv\u00e4ll\u00e4 tavalla rekister\u00f6idyn kannalta ja asianmukaisella, merkityksellisell\u00e4 ja tarpeellisuuteen rajoittuvalla tavalla suhteessa tarkoituksiin, joita varten niit\u00e4 k\u00e4sitell\u00e4\u00e4n.<\/p>\n\n<p>Jos haluat lis\u00e4tietoja yksityisyyden suojaa koskevista takeista, voit ottaa yhteytt\u00e4 TOIMITTAJAAN Agresta S. Coop. DUQUE DE FERNAN NU\u00d1EZ, 2 1\u00ba &#8211; 28012 MADRID (Madrid). S\u00e4hk\u00f6posti: datos@agresta.org<\/p>\n","protected":false},"excerpt":{"rendered":"<p>1. K\u00c4YTT\u00c4J\u00c4TIEDOT Kuka on henkil\u00f6tietojesi rekisterinpit\u00e4j\u00e4? Agresta S. Coop on K\u00c4YTT\u00c4J\u00c4N HENKIL\u00d6TIETOJEN K\u00c4SITTELIJ\u00c4 ja ilmoittaa, ett\u00e4 n\u00e4it\u00e4 tietoja k\u00e4sitell\u00e4\u00e4n 27. huhtikuuta 2016 annetun asetuksen (EU) 2016\/679 (yleinen tietosuoja-asetus) ja 5. joulukuuta annetun orgaanisen lain 3\/2018 (LOPDGDD) s\u00e4\u00e4nn\u00f6sten mukaisesti. Miksi k\u00e4sittelemme henkil\u00f6tietojasi? yll\u00e4pit\u00e4\u00e4 kaupallista suhdetta k\u00e4ytt\u00e4j\u00e4\u00e4n. Suunnitellut k\u00e4sittelytoimet ovat: Kaupallisen mainosviestinn\u00e4n l\u00e4hett\u00e4minen s\u00e4hk\u00f6postitse, faksilla, tekstiviestill\u00e4, MMS:ll\u00e4, &#8230; <a title=\"Herkkyyspolitiikka\" class=\"read-more\" href=\"https:\/\/forestmap.eu\/fi\/herkkyyspolitiikka\/\" aria-label=\"Lis\u00e4\u00e4 Herkkyyspolitiikka\">Lue lis\u00e4\u00e4<\/a><\/p>\n","protected":false},"author":1,"featured_media":0,"parent":0,"menu_order":0,"comment_status":"closed","ping_status":"closed","template":"","meta":{"footnotes":""},"class_list":{"0":"post-9753","1":"page","2":"type-page","3":"status-publish","5":"no-featured-image-padding"},"_links":{"self":[{"href":"https:\/\/forestmap.eu\/fi\/wp-json\/wp\/v2\/pages\/9753","targetHints":{"allow":["GET"]}}],"collection":[{"href":"https:\/\/forestmap.eu\/fi\/wp-json\/wp\/v2\/pages"}],"about":[{"href":"https:\/\/forestmap.eu\/fi\/wp-json\/wp\/v2\/types\/page"}],"author":[{"embeddable":true,"href":"https:\/\/forestmap.eu\/fi\/wp-json\/wp\/v2\/users\/1"}],"replies":[{"embeddable":true,"href":"https:\/\/forestmap.eu\/fi\/wp-json\/wp\/v2\/comments?post=9753"}],"version-history":[{"count":1,"href":"https:\/\/forestmap.eu\/fi\/wp-json\/wp\/v2\/pages\/9753\/revisions"}],"predecessor-version":[{"id":9754,"href":"https:\/\/forestmap.eu\/fi\/wp-json\/wp\/v2\/pages\/9753\/revisions\/9754"}],"wp:attachment":[{"href":"https:\/\/forestmap.eu\/fi\/wp-json\/wp\/v2\/media?parent=9753"}],"curies":[{"name":"wp","href":"https:\/\/api.w.org\/{rel}","templated":true}]}}