{"id":9793,"date":"2021-07-27T12:16:13","date_gmt":"2021-07-27T12:16:13","guid":{"rendered":"https:\/\/forestmap.eu\/?page_id=9793"},"modified":"2022-07-20T19:34:45","modified_gmt":"2022-07-20T19:34:45","slug":"politique-en-matiere-de-cookies","status":"publish","type":"page","link":"https:\/\/forestmap.eu\/fr\/politique-en-matiere-de-cookies\/","title":{"rendered":"Politique en mati\u00e8re de cookies"},"content":{"rendered":"\n<h2 class=\"wp-block-heading\">INFORMATIONS SUR LES COOKIES<\/h2>\n\n<p>En raison de l&rsquo;entr\u00e9e en vigueur de la modification de la \u00ab\u00a0Loi des services de la soci\u00e9t\u00e9 de l&rsquo;information\u00a0\u00bb (LSSICE) \u00e9tablie par le d\u00e9cret royal 13\/2012, il est obligatoire d&rsquo;obtenir le consentement expr\u00e8s de l&rsquo;utilisateur de toutes les pages web qui utilisent des cookies dispensables, avant de les parcourir.<\/p>\n\n<h2 class=\"wp-block-heading\">QUE SONT LES COOKIES ?<\/h2>\n\n<p>L&rsquo;utilisation de ces dispositifs permet au serveur Web de se souvenir de certaines donn\u00e9es concernant l&rsquo;utilisateur, telles que vos pr\u00e9f\u00e9rences pour la consultation des pages de ce serveur, votre nom et votre mot de passe, les produits qui vous int\u00e9ressent le plus, etc.<\/p>\n\n<h2 class=\"wp-block-heading\">LES COOKIES CONCERN\u00c9S PAR LE R\u00c8GLEMENT ET LES COOKIES EXCEPT\u00c9S.<\/h2>\n\n<p>Selon la directive europ\u00e9enne, les cookies qui n\u00e9cessitent le consentement \u00e9clair\u00e9 de l&rsquo;utilisateur sont les cookies analytiques et les cookies de publicit\u00e9 et d&rsquo;affiliation, \u00e0 l&rsquo;exception des cookies techniques et de ceux n\u00e9cessaires au fonctionnement du site web ou \u00e0 la fourniture de services express\u00e9ment demand\u00e9s par l&rsquo;utilisateur.<\/p>\n\n<h2 class=\"wp-block-heading\">TYPES DE COOKIES<\/h2>\n\n<h3 class=\"wp-block-heading\">SELON LE BUT RECHERCH\u00c9<\/h3>\n\n<p>Cookies techniques et fonctionnels : sont ceux qui permettent \u00e0 l&rsquo;utilisateur de naviguer sur une page web, une plateforme ou une application et l&rsquo;utilisation des diff\u00e9rentes options ou services qui y existent.<\/p>\n\n<p>Cookies analytiques : ce sont ceux qui permettent \u00e0 leur responsable de suivre et d&rsquo;analyser le comportement des utilisateurs des sites web auxquels ils sont li\u00e9s. Les informations recueillies par ce type de cookies sont utilis\u00e9es pour mesurer l&rsquo;activit\u00e9 des sites web, de l&rsquo;application ou de la plateforme et pour l&rsquo;\u00e9laboration de profils de navigation des utilisateurs de ces sites, applications et plateformes, afin d&rsquo;introduire des am\u00e9liorations bas\u00e9es sur l&rsquo;analyse des donn\u00e9es d&rsquo;utilisation des utilisateurs du service.<\/p>\n\n<p>Cookies publicitaires : sont ceux qui permettent de g\u00e9rer, de la mani\u00e8re la plus efficace possible, les espaces publicitaires que, le cas \u00e9ch\u00e9ant, l&rsquo;\u00e9diteur a inclus sur un site web, une application ou une plateforme \u00e0 partir de laquelle il fournit le service demand\u00e9, en fonction de crit\u00e8res tels que le contenu \u00e9dit\u00e9 ou la fr\u00e9quence d&rsquo;affichage des annonces.<\/p>\n\n<p>Cookies de publicit\u00e9 comportementale : ils recueillent des informations sur les pr\u00e9f\u00e9rences et les choix personnels de l&rsquo;utilisateur (reciblage) pour permettre la gestion, de la mani\u00e8re la plus efficace possible, des espaces publicitaires que, le cas \u00e9ch\u00e9ant, l&rsquo;\u00e9diteur a inclus sur une page web, une application ou une plateforme \u00e0 partir de laquelle il fournit le service demand\u00e9.<\/p>\n\n<p>Cookies sociaux : ils sont d\u00e9finis par les plateformes de m\u00e9dias sociaux dans les services pour vous permettre de partager du contenu avec vos amis et vos r\u00e9seaux. Les plateformes de m\u00e9dias sociaux ont la possibilit\u00e9 de suivre votre activit\u00e9 en ligne en dehors des services. Cela peut affecter le contenu et les messages que vous voyez sur les autres services que vous visitez.<\/p>\n\n<p>Cookies d&rsquo;affiliation : permettent de suivre les visites provenant d&rsquo;autres sites web, avec lesquels le site web \u00e9tablit un contrat d&rsquo;affiliation (soci\u00e9t\u00e9s affili\u00e9es).<\/p>\n\n<p>Cookies de s\u00e9curit\u00e9 : ils stockent des informations crypt\u00e9es pour \u00e9viter que les donn\u00e9es qui y sont stock\u00e9es ne soient vuln\u00e9rables aux attaques malveillantes de tiers.<\/p>\n\n<h3 class=\"wp-block-heading\">SELON LA PROPRI\u00c9T\u00c9<\/h3>\n\n<p>Cookies propres : ceux qui sont envoy\u00e9s \u00e0 l&rsquo;\u00e9quipement terminal de l&rsquo;utilisateur depuis un ordinateur ou un domaine g\u00e9r\u00e9 par l&rsquo;\u00e9diteur lui-m\u00eame et \u00e0 partir duquel le service demand\u00e9 par l&rsquo;utilisateur est fourni.<\/p>\n\n<p>Cookies tiers : ceux qui sont envoy\u00e9s \u00e0 l&rsquo;\u00e9quipement terminal de l&rsquo;utilisateur depuis un ordinateur ou un domaine qui n&rsquo;est pas g\u00e9r\u00e9 par l&rsquo;\u00e9diteur, mais par une autre entit\u00e9 qui traite les donn\u00e9es obtenues par le biais des cookies.<\/p>\n\n<h3 class=\"wp-block-heading\">EN FONCTION DE LA DUR\u00c9E<\/h3>\n\n<p>Cookies de session : il s&rsquo;agit d&rsquo;un type de cookie con\u00e7u pour collecter et stocker des donn\u00e9es pendant que l&rsquo;utilisateur acc\u00e8de \u00e0 une page web.<\/p>\n\n<p>Cookies persistants : il s&rsquo;agit d&rsquo;un type de cookie dans lequel les donn\u00e9es restent stock\u00e9es dans le terminal et peuvent \u00eatre consult\u00e9es et trait\u00e9es pendant une p\u00e9riode d\u00e9finie par la partie responsable du cookie, qui peut aller de quelques minutes \u00e0 plusieurs ann\u00e9es.<\/p>\n\n<h2 class=\"wp-block-heading\">LE TRAITEMENT DES DONN\u00c9ES PERSONNELLES<\/h2>\n\n<p>Agresta S. Coop est le contr\u00f4leur des donn\u00e9es personnelles de la personne concern\u00e9e et vous informe que ces donn\u00e9es seront trait\u00e9es conform\u00e9ment aux dispositions du r\u00e8glement (UE) 2016\/679 du 27 avril 2016 (GDPR), pour lequel les informations de traitement suivantes vous sont fournies :<\/p>\n\n<ul class=\"wp-block-list\"><li>Finalit\u00e9s du traitement : comme sp\u00e9cifi\u00e9 dans la section sur les cookies utilis\u00e9s sur ce site web.<\/li><li>L\u00e9gitimation du traitement : par le consentement de la personne concern\u00e9e (art. 6.1 GDPR).<\/li><li>Crit\u00e8res de conservation des donn\u00e9es : comme sp\u00e9cifi\u00e9 dans la section sur les cookies utilis\u00e9s sur le site web.<\/li><li>Communication des donn\u00e9es : les donn\u00e9es ne seront pas communiqu\u00e9es \u00e0 des tiers, sauf dans le cadre de cookies appartenant \u00e0 des tiers ou par obligation l\u00e9gale.<\/li><\/ul>\n\n<p>Droits de la personne concern\u00e9e :<\/p>\n\n<ul class=\"wp-block-list\"><li>Droit de retirer le consentement \u00e0 tout moment.<\/li><li>Droit d&rsquo;acc\u00e8s, de rectification, de portabilit\u00e9 et d&rsquo;effacement de leurs donn\u00e9es, et de limitation ou d&rsquo;opposition \u00e0 leur traitement.<\/li><li>Droit de d\u00e9poser une plainte aupr\u00e8s de l&rsquo;autorit\u00e9 de surveillance (www.aepd.es) s&rsquo;il estime que le traitement n&rsquo;est pas conforme \u00e0 la r\u00e9glementation en vigueur.<\/li><\/ul>\n\n<p>Coordonn\u00e9es pour l&rsquo;exercice de vos droits : Agresta S. Coop. DUQUE DE FERNAN NU\u00d1EZ, 2 1\u00ba &#8211; 28012 MADRID (Madrid). Courrier \u00e9lectronique : datos@agresta.org.<\/p>\n\n<h2 class=\"wp-block-heading\">COOKIES TECHNIQUES ET FONCTIONNELS UTILIS\u00c9S DANS FORESTMAP<\/h2>\n<figure class=\"wp-block-table\">\r\n   <table>\r\n      <tbody>\r\n         <tr>\r\n            <td><strong>Propri\u00e9t\u00e9<\/strong><\/td>\r\n            <td><strong>Cookie<\/strong><\/td>\r\n            <td><strong>Objectif<\/strong><\/td>\r\n            <td><strong>Dur\u00e9e<\/strong><\/td>\r\n         <\/tr>\r\n         <tr>\r\n            <td>sme.agrestaweb.org<\/td>\r\n            <td>localStorage.logged<\/td>\r\n            <td>Utilis\u00e9 pour d\u00e9tecter si l&rsquo;utilisateur s&rsquo;est d\u00e9j\u00e0 connect\u00e9 \u00e0 ForestMap.<\/td>\r\n            <td>Persistant<\/td>\r\n         <\/tr>\r\n         <tr>\r\n            <td>sme.agrestaweb.org<\/td>\r\n            <td>localStorage.ngStorage-lg<\/td>\r\n            <td>Utilis\u00e9 pour stocker les param\u00e8tres de la langue de l&rsquo;utilisateur.<\/td>\r\n            <td>Persistant<\/td>\r\n         <\/tr>\r\n         <tr>\r\n            <td>sme.agrestaweb.org<\/td>\r\n            <td>localStorage.currentUser<\/td>\r\n            <td>Utilis\u00e9 pour stocker les param\u00e8tres de l&rsquo;utilisateur.<\/td>\r\n            <td>Persistant<\/td>\r\n         <\/tr>\r\n         <tr>\r\n            <td>sme.agrestaweb.org<\/td>\r\n            <td>moove_gdpr_popup<\/td>\r\n            <td>Utilis\u00e9 pour stocker les pr\u00e9f\u00e9rences de l&rsquo;utilisateur en mati\u00e8re de cookies.<\/td>\r\n            <td>1 an<\/td>\r\n         <\/tr>\r\n      <\/tbody>\r\n   <\/table>\r\n<\/figure>","protected":false},"excerpt":{"rendered":"<p>INFORMATIONS SUR LES COOKIES En raison de l&rsquo;entr\u00e9e en vigueur de la modification de la \u00ab\u00a0Loi des services de la soci\u00e9t\u00e9 de l&rsquo;information\u00a0\u00bb (LSSICE) \u00e9tablie par le d\u00e9cret royal 13\/2012, il est obligatoire d&rsquo;obtenir le consentement expr\u00e8s de l&rsquo;utilisateur de toutes les pages web qui utilisent des cookies dispensables, avant de les parcourir. QUE SONT &#8230; <a title=\"Politique en mati\u00e8re de cookies\" class=\"read-more\" href=\"https:\/\/forestmap.eu\/fr\/politique-en-matiere-de-cookies\/\" aria-label=\"Plus sur Politique en mati\u00e8re de cookies\">Lire plus<\/a><\/p>\n","protected":false},"author":1,"featured_media":0,"parent":0,"menu_order":0,"comment_status":"closed","ping_status":"closed","template":"","meta":{"footnotes":""},"class_list":{"0":"post-9793","1":"page","2":"type-page","3":"status-publish","5":"no-featured-image-padding"},"_links":{"self":[{"href":"https:\/\/forestmap.eu\/fr\/wp-json\/wp\/v2\/pages\/9793","targetHints":{"allow":["GET"]}}],"collection":[{"href":"https:\/\/forestmap.eu\/fr\/wp-json\/wp\/v2\/pages"}],"about":[{"href":"https:\/\/forestmap.eu\/fr\/wp-json\/wp\/v2\/types\/page"}],"author":[{"embeddable":true,"href":"https:\/\/forestmap.eu\/fr\/wp-json\/wp\/v2\/users\/1"}],"replies":[{"embeddable":true,"href":"https:\/\/forestmap.eu\/fr\/wp-json\/wp\/v2\/comments?post=9793"}],"version-history":[{"count":1,"href":"https:\/\/forestmap.eu\/fr\/wp-json\/wp\/v2\/pages\/9793\/revisions"}],"predecessor-version":[{"id":9794,"href":"https:\/\/forestmap.eu\/fr\/wp-json\/wp\/v2\/pages\/9793\/revisions\/9794"}],"wp:attachment":[{"href":"https:\/\/forestmap.eu\/fr\/wp-json\/wp\/v2\/media?parent=9793"}],"curies":[{"name":"wp","href":"https:\/\/api.w.org\/{rel}","templated":true}]}}