{"id":9795,"date":"2021-07-27T12:16:43","date_gmt":"2021-07-27T12:16:43","guid":{"rendered":"https:\/\/forestmap.eu\/?page_id=9795"},"modified":"2022-07-25T12:15:11","modified_gmt":"2022-07-25T12:15:11","slug":"politique-de-confidentialite","status":"publish","type":"page","link":"https:\/\/forestmap.eu\/fr\/politique-de-confidentialite\/","title":{"rendered":"politique de confidentialit\u00e9"},"content":{"rendered":"\n<h2 class=\"wp-block-heading\">1. INFORMATION DE L&rsquo;UTILISATEUR<\/h2>\n\n<h3 class=\"wp-block-heading\">Qui est le responsable du traitement de vos donn\u00e9es personnelles ?<\/h3>\n\n<p>Agresta S. Coop est le CONTR\u00d4LEUR des donn\u00e9es personnelles de l&rsquo;UTILISATEUR et l&rsquo;informe que ces donn\u00e9es seront trait\u00e9es conform\u00e9ment aux dispositions du r\u00e8glement (UE) 2016\/679 du 27 avril (GDPR) et de la loi organique 3\/2018 du 5 d\u00e9cembre (LOPDGDD).<\/p>\n\n<h3 class=\"wp-block-heading\">Pourquoi traite-t-on vos donn\u00e9es personnelles ?<\/h3>\n\n<p>Maintenir une relation commerciale avec l&rsquo;utilisateur. Les op\u00e9rations de traitement pr\u00e9vues sont :<\/p>\n\n<ul class=\"wp-block-list\"><li>L&rsquo;envoi de communications publicitaires commerciales par courrier \u00e9lectronique, fax, SMS, MMS, r\u00e9seaux sociaux ou par tout autre moyen \u00e9lectronique ou physique, pr\u00e9sent ou futur, qui permet de r\u00e9aliser des communications commerciales. Ces communications seront effectu\u00e9es par le CONTR\u00d4LEUR et seront li\u00e9es \u00e0 leurs produits et services, ou \u00e0 ceux de leurs partenaires ou fournisseurs avec lesquels ils ont conclu un accord de promotion. Dans ce cas, les tiers n&rsquo;auront jamais acc\u00e8s aux donn\u00e9es personnelles. <\/li><li>R\u00e9aliser des \u00e9tudes de march\u00e9 et des analyses statistiques.<\/li><li>Traiter les commandes, les demandes, r\u00e9pondre aux questions ou \u00e0 tout type de demande faite par l&rsquo;UTILISATEUR par le biais de l&rsquo;une des m\u00e9thodes de contact disponibles sur le site web du CONTROLEUR.<\/li><li>Envoyer la newsletter en ligne sur les nouvelles, les offres et les promotions de notre activit\u00e9.<\/li><\/ul>\n\n<h3 class=\"wp-block-heading\">Pourquoi pouvons-nous traiter vos donn\u00e9es personnelles ?<\/h3>\n\n<p>Parce que le traitement est l\u00e9gitim\u00e9 par l&rsquo;article 6 du GDPR comme suit :<\/p>\n\n<ul class=\"wp-block-list\"><li>Dans l&rsquo;int\u00e9r\u00eat l\u00e9gitime du CONTR\u00d4LEUR : r\u00e9aliser des \u00e9tudes de march\u00e9, des analyses statistiques, etc. et traiter les commandes, les demandes, etc. \u00e0 la demande de l&rsquo;UTILISATEUR.<\/li><li>Dans l&rsquo;int\u00e9r\u00eat l\u00e9gitime du CONTR\u00d4LEUR : r\u00e9aliser des \u00e9tudes de march\u00e9, des analyses statistiques, etc. et traiter les commandes, les demandes, etc. \u00e0 la demande de l&rsquo;UTILISATEUR.<\/li><\/ul>\n\n<h3 class=\"wp-block-heading\">Pendant combien de temps conserverons-nous vos donn\u00e9es personnelles ?<\/h3>\n\n<p>Les donn\u00e9es sont conserv\u00e9es pendant une dur\u00e9e n&rsquo;exc\u00e9dant pas celle n\u00e9cessaire \u00e0 la r\u00e9alisation de la finalit\u00e9 du traitement ou pendant la dur\u00e9e des prescriptions l\u00e9gales imposant leur conservation. Lorsque cette finalit\u00e9 n&rsquo;est plus n\u00e9cessaire, les donn\u00e9es sont effac\u00e9es avec des mesures de s\u00e9curit\u00e9 appropri\u00e9es pour garantir l&rsquo;anonymat des donn\u00e9es ou leur destruction compl\u00e8te. <\/p>\n\n<h3 class=\"wp-block-heading\">\u00c0 qui divulguons-nous vos donn\u00e9es personnelles ?<\/h3>\n\n<p>Aucune communication de donn\u00e9es personnelles \u00e0 des tiers n&rsquo;est pr\u00e9vue, sauf, si cela est n\u00e9cessaire pour le d\u00e9veloppement et l&rsquo;ex\u00e9cution des finalit\u00e9s du traitement, \u00e0 nos fournisseurs de services li\u00e9s aux communications, avec lesquels le COMMANDANT a sign\u00e9 les contrats de confidentialit\u00e9 et de traitement des donn\u00e9es requis par la r\u00e9glementation en vigueur en mati\u00e8re de confidentialit\u00e9.<\/p>\n\n<h4 class=\"wp-block-heading\">Stripe, Inc.<\/h4>\n\n<p>Chez ForestMap, nous utilisons la passerelle de paiement Stripe pour la gestion des paiements. Stripe offre des services qui permettent aux plateformes et aux marchands d&rsquo;exploiter des entreprises et d&rsquo;effectuer des transactions de paiement en ligne s\u00e9curis\u00e9es. Dans le cas de la passation d&rsquo;un ordre de paiement par ForestMap, les donn\u00e9es fournies seront transf\u00e9r\u00e9es \u00e0 Stripe dans le seul but de traiter votre commande. Vous pouvez trouver plus d&rsquo;informations dans <a href=\"https:\/\/stripe.com\/en-es\/privacy\">la politique de confidentialit\u00e9 de Stripe.<\/a><\/p>\n\n<h3 class=\"wp-block-heading\">Quels sont vos droits ?<\/h3>\n\n<p>Les droits de l&rsquo;UTILISATEUR sont :<\/p>\n\n<ul class=\"wp-block-list\"><li>Droit de retirer le consentement \u00e0 tout moment.<\/li><li>Droit d&rsquo;acc\u00e8s, de rectification, de portabilit\u00e9 et d&rsquo;effacement de leurs donn\u00e9es, et de limitation ou d&rsquo;opposition \u00e0 leur traitement.<\/li><li>Le droit d&rsquo;introduire une r\u00e9clamation aupr\u00e8s de l&rsquo;autorit\u00e9 de surveillance espagnole (www.aepd.es) si vous estimez que le traitement n&rsquo;est pas conforme \u00e0 la l\u00e9gislation en vigueur.<\/li><\/ul>\n\n<h3 class=\"wp-block-heading\">Coordonn\u00e9es pour l&rsquo;exercice des droits :<\/h3>\n\n<p>Agresta S. Coop. DUQUE DE FERNAN NU\u00d1EZ, 2 1\u00ba &#8211; 28012 MADRID (Madrid). Courriel : datos@agresta.org<\/p>\n\n<h2 class=\"wp-block-heading\">2. LE CARACT\u00c8RE OBLIGATOIRE OU FACULTATIF DES INFORMATIONS FOURNIES PAR L&rsquo;UTILISATEUR<\/h2>\n\n<p>Les UTILISATEURS, en cochant les cases correspondantes et en saisissant les donn\u00e9es dans les champs, marqu\u00e9s d&rsquo;un ast\u00e9risque (*) dans le formulaire de contact ou les formulaires de t\u00e9l\u00e9chargement, acceptent express\u00e9ment et de mani\u00e8re libre et non \u00e9quivoque que leurs donn\u00e9es soient n\u00e9cessaires au fournisseur pour r\u00e9pondre \u00e0 leur demande, en fournissant volontairement leurs donn\u00e9es dans les champs restants. L&rsquo;UTILISATEUR garantit que les donn\u00e9es personnelles fournies au CONTR\u00d4LEUR sont v\u00e9ridiques et est responsable de la communication de toute modification de celles-ci.<\/p>\n\n<p>Le CONTR\u00d4LEUR informe que toutes les donn\u00e9es demand\u00e9es \u00e0 travers le site web sont obligatoires, car elles sont n\u00e9cessaires \u00e0 la fourniture d&rsquo;un service optimal \u00e0 l&rsquo;UTILISATEUR. Dans le cas o\u00f9 toutes les donn\u00e9es ne seraient pas fournies, il n&rsquo;y a aucune garantie que les informations et les services fournis soient compl\u00e8tement adapt\u00e9s aux besoins de l&rsquo;Utilisateur.<\/p>\n\n<h2 class=\"wp-block-heading\">3. LES MESURES DE S\u00c9CURIT\u00c9<\/h2>\n\n<p>Que, conform\u00e9ment aux dispositions de la r\u00e9glementation en vigueur en mati\u00e8re de protection des donn\u00e9es personnelles, le CONTR\u00d4LEUR respecte toutes les dispositions du GDPR et de la r\u00e9glementation LOPDGDD pour le traitement des donn\u00e9es personnelles dont ils sont responsables, et respecte manifestement les principes d\u00e9crits \u00e0 l&rsquo;article 5 du GDPR, par lesquels elles sont trait\u00e9es de mani\u00e8re licite, loyale et transparente par rapport \u00e0 la personne concern\u00e9e et appropri\u00e9e, pertinente et limit\u00e9e \u00e0 ce qui est n\u00e9cessaire par rapport aux finalit\u00e9s pour lesquelles elles sont trait\u00e9es.<\/p>\n\n<p>Pour plus d&rsquo;informations sur les garanties de confidentialit\u00e9, vous pouvez contacter le CONTR\u00d4LEUR \u00e0 travers Agresta S. Coop. DUQUE DE FERNAN NU\u00d1EZ,, 2 1\u00ba &#8211; 28012 MADRID (Madrid). E-mail : datos@agresta.org<\/p>\n","protected":false},"excerpt":{"rendered":"<p>1. INFORMATION DE L&rsquo;UTILISATEUR Qui est le responsable du traitement de vos donn\u00e9es personnelles ? Agresta S. Coop est le CONTR\u00d4LEUR des donn\u00e9es personnelles de l&rsquo;UTILISATEUR et l&rsquo;informe que ces donn\u00e9es seront trait\u00e9es conform\u00e9ment aux dispositions du r\u00e8glement (UE) 2016\/679 du 27 avril (GDPR) et de la loi organique 3\/2018 du 5 d\u00e9cembre (LOPDGDD). Pourquoi &#8230; <a title=\"politique de confidentialit\u00e9\" class=\"read-more\" href=\"https:\/\/forestmap.eu\/fr\/politique-de-confidentialite\/\" aria-label=\"Plus sur politique de confidentialit\u00e9\">Lire plus<\/a><\/p>\n","protected":false},"author":1,"featured_media":0,"parent":0,"menu_order":0,"comment_status":"closed","ping_status":"closed","template":"","meta":{"footnotes":""},"class_list":{"0":"post-9795","1":"page","2":"type-page","3":"status-publish","5":"no-featured-image-padding"},"_links":{"self":[{"href":"https:\/\/forestmap.eu\/fr\/wp-json\/wp\/v2\/pages\/9795","targetHints":{"allow":["GET"]}}],"collection":[{"href":"https:\/\/forestmap.eu\/fr\/wp-json\/wp\/v2\/pages"}],"about":[{"href":"https:\/\/forestmap.eu\/fr\/wp-json\/wp\/v2\/types\/page"}],"author":[{"embeddable":true,"href":"https:\/\/forestmap.eu\/fr\/wp-json\/wp\/v2\/users\/1"}],"replies":[{"embeddable":true,"href":"https:\/\/forestmap.eu\/fr\/wp-json\/wp\/v2\/comments?post=9795"}],"version-history":[{"count":3,"href":"https:\/\/forestmap.eu\/fr\/wp-json\/wp\/v2\/pages\/9795\/revisions"}],"predecessor-version":[{"id":9970,"href":"https:\/\/forestmap.eu\/fr\/wp-json\/wp\/v2\/pages\/9795\/revisions\/9970"}],"wp:attachment":[{"href":"https:\/\/forestmap.eu\/fr\/wp-json\/wp\/v2\/media?parent=9795"}],"curies":[{"name":"wp","href":"https:\/\/api.w.org\/{rel}","templated":true}]}}