{"id":9861,"date":"2021-07-26T13:11:07","date_gmt":"2021-07-26T13:11:07","guid":{"rendered":"https:\/\/forestmap.eu\/?page_id=9861"},"modified":"2022-07-21T19:05:06","modified_gmt":"2022-07-21T19:05:06","slug":"contattaci","status":"publish","type":"page","link":"https:\/\/forestmap.eu\/it\/contattaci\/","title":{"rendered":"Contattaci"},"content":{"rendered":"\n<p>Per ulteriori informazioni o per richiedere una demo di Forestmap, utilizzate il modulo sottostante:<\/p>\n\n\n\n<div class=\"wpcf7 no-js\" id=\"wpcf7-f9860-o1\" lang=\"en-US\" dir=\"ltr\">\n<div class=\"screen-reader-response\"><p role=\"status\" aria-live=\"polite\" aria-atomic=\"true\"><\/p> <ul><\/ul><\/div>\n<form action=\"\/it\/wp-json\/wp\/v2\/pages\/9861#wpcf7-f9860-o1\" method=\"post\" class=\"wpcf7-form init\" aria-label=\"Contact form\" novalidate=\"novalidate\" data-status=\"init\">\n<div style=\"display: none;\">\n<input type=\"hidden\" name=\"_wpcf7\" value=\"9860\" \/>\n<input type=\"hidden\" name=\"_wpcf7_version\" value=\"5.7.5.1\" \/>\n<input type=\"hidden\" name=\"_wpcf7_locale\" value=\"en_US\" \/>\n<input type=\"hidden\" name=\"_wpcf7_unit_tag\" value=\"wpcf7-f9860-o1\" \/>\n<input type=\"hidden\" name=\"_wpcf7_container_post\" value=\"0\" \/>\n<input type=\"hidden\" name=\"_wpcf7_posted_data_hash\" value=\"\" \/>\n<input type=\"hidden\" name=\"_wpcf7_recaptcha_response\" value=\"\" \/>\n<\/div>\n<div class=\"cf-container\">\n\t<div class=\"cf-col-1\">\n\t\t<p>Nome<span style=\"color:red\"> *<span><\/span><\/span>\n\t\t<\/p>\n\t<\/div>\n\t<div class=\"cf-col-2\">\n\t\t<p><span class=\"wpcf7-form-control-wrap\" data-name=\"your-name\"><input size=\"40\" class=\"wpcf7-form-control wpcf7-text wpcf7-validates-as-required\" aria-required=\"true\" aria-invalid=\"false\" value=\"\" type=\"text\" name=\"your-name\" \/><\/span>\n\t\t<\/p>\n\t<\/div>\n\t<div class=\"cf-col-3\">\n\t\t<p>Email <span style=\"color:red\">*<span><\/span><\/span>\n\t\t<\/p>\n\t<\/div>\n\t<div class=\"cf-col-4\">\n\t\t<p><span class=\"wpcf7-form-control-wrap\" data-name=\"your-email\"><input size=\"40\" class=\"wpcf7-form-control wpcf7-text wpcf7-email wpcf7-validates-as-required wpcf7-validates-as-email\" aria-required=\"true\" aria-invalid=\"false\" value=\"\" type=\"email\" name=\"your-email\" \/><\/span>\n\t\t<\/p>\n\t<\/div>\n\t<div class=\"cf-col-5\">\n\t\t<p>Oggetto\n\t\t<\/p>\n\t<\/div>\n\t<div class=\"cf-col-6\">\n\t\t<p><span class=\"wpcf7-form-control-wrap\" data-name=\"your-subject\"><input size=\"40\" class=\"wpcf7-form-control wpcf7-text wpcf7-validates-as-required\" aria-required=\"true\" aria-invalid=\"false\" value=\"\" type=\"text\" name=\"your-subject\" \/><\/span>\n\t\t<\/p>\n\t<\/div>\n\t<div class=\"cf-col-7\">\n\t\t<p>Messaggio<span style=\"color:red\">*<span><\/span><\/span>\n\t\t<\/p>\n\t<\/div>\n\t<div class=\"cf-col-8\">\n\t\t<p><span class=\"wpcf7-form-control-wrap\" data-name=\"your-message\"><textarea cols=\"40\" rows=\"10\" class=\"wpcf7-form-control wpcf7-textarea wpcf7-validates-as-required\" aria-required=\"true\" aria-invalid=\"false\" name=\"your-message\"><\/textarea><\/span>\n\t\t<\/p>\n\t<\/div>\n\t<div class=\"cf-col-9\">\n\t\t<p><span class=\"wpcf7-form-control-wrap\" data-name=\"acceptance-501\"><span class=\"wpcf7-form-control wpcf7-acceptance\"><span class=\"wpcf7-list-item\"><input type=\"checkbox\" name=\"acceptance-501\" value=\"1\" aria-invalid=\"false\" \/><\/span><\/span><\/span> Ho letto e accetto il <a href=\"https:\/\/forestmap.eu\/it\/politica-sulla-privacy\/\" target=\"_blank\" style=\"font-size:19px;color:#597722 !important;\">Informativa sulla privacy<\/a>.\n\t\t<\/p>\n\t<\/div>\n\t<p><button class=\"green-round gr\">Invia<\/button>\n\t<\/p>\n<\/div><div class=\"wpcf7-response-output\" aria-hidden=\"true\"><\/div>\n<\/form>\n<\/div>\n\n\n\n<div id=\"contact-form-rgpd-info\"><p>Agresta S. Coop \u00e8 responsabile del trattamento dei dati personali dell'utente e informa che tali dati saranno trattati in conformit\u00e0 alle disposizioni del Regolamento (UE) 2016\/679 del 27 aprile 2016 (GDPR) e della Legge Organica 3\/2018 del 5 dicembre (LOPDGDD), per cui si forniscono le seguenti informazioni sul trattamento:<\/p><ul><li><strong>Base giuridica:<\/strong> Per legittimo interesse del responsabile: mantenere un rapporto commerciale. Per consenso dell'interessato: invio di comunicazioni di prodotti o servizi.<\/li><li><strong>Base giuridica:<\/strong> Per legittimo interesse del responsabile: mantenere un rapporto commerciale. Per consenso dell'interessato: invio di comunicazioni di prodotti o servizi.<\/li><li><strong>Criteri di conservazione dei dati:<\/strong> Saranno conservati per tutto il tempo in cui sussiste un interesse reciproco al mantenimento della finalit\u00e0 del trattamento e, quando non saranno pi\u00f9 necessari per tale finalit\u00e0, saranno cancellati con adeguate misure di sicurezza per garantire la pseudonimizzazione dei dati o la totale distruzione dei dati.<\/li><li><strong>Comunicazione dei dati:<\/strong> I dati non saranno comunicati a terzi, salvo obblighi di legge.<\/li><li><strong>Trasferimenti internazionali di dati:<\/strong> Non vengono eseguiti.<\/li><li><strong>Diritti dell'utente:<\/strong> Diritto di revocare il consenso in qualsiasi momento. Diritto di accesso, rettifica, portabilit\u00e0 e cancellazione dei propri dati e di limitare o opporsi al loro trattamento. Diritto di presentare un reclamo all'autorit\u00e0 di controllo (aepd.es) se si ritiene che il trattamento non sia conforme alla normativa vigente<\/li><\/ul><p>Dati di contatto per esercitare i propri diritti: Agresta S. Coop DUQUE DE FERNAN NU\u00d1EZ, 2 1\u00ba - 28012 MADRID (Madrid). E-mail: datos@agresta.org<\/p><\/div>\n","protected":false},"excerpt":{"rendered":"<p>Per ulteriori informazioni o per richiedere una demo di Forestmap, utilizzate il modulo sottostante:<\/p>\n","protected":false},"author":1,"featured_media":0,"parent":0,"menu_order":0,"comment_status":"closed","ping_status":"closed","template":"","meta":{"footnotes":""},"class_list":{"0":"post-9861","1":"page","2":"type-page","3":"status-publish","5":"no-featured-image-padding"},"_links":{"self":[{"href":"https:\/\/forestmap.eu\/it\/wp-json\/wp\/v2\/pages\/9861","targetHints":{"allow":["GET"]}}],"collection":[{"href":"https:\/\/forestmap.eu\/it\/wp-json\/wp\/v2\/pages"}],"about":[{"href":"https:\/\/forestmap.eu\/it\/wp-json\/wp\/v2\/types\/page"}],"author":[{"embeddable":true,"href":"https:\/\/forestmap.eu\/it\/wp-json\/wp\/v2\/users\/1"}],"replies":[{"embeddable":true,"href":"https:\/\/forestmap.eu\/it\/wp-json\/wp\/v2\/comments?post=9861"}],"version-history":[{"count":2,"href":"https:\/\/forestmap.eu\/it\/wp-json\/wp\/v2\/pages\/9861\/revisions"}],"predecessor-version":[{"id":9863,"href":"https:\/\/forestmap.eu\/it\/wp-json\/wp\/v2\/pages\/9861\/revisions\/9863"}],"wp:attachment":[{"href":"https:\/\/forestmap.eu\/it\/wp-json\/wp\/v2\/media?parent=9861"}],"curies":[{"name":"wp","href":"https:\/\/api.w.org\/{rel}","templated":true}]}}