{"id":9869,"date":"2021-07-27T12:16:13","date_gmt":"2021-07-27T12:16:13","guid":{"rendered":"https:\/\/forestmap.eu\/?page_id=9869"},"modified":"2022-07-21T22:35:05","modified_gmt":"2022-07-21T22:35:05","slug":"politica-sui-cookie","status":"publish","type":"page","link":"https:\/\/forestmap.eu\/it\/politica-sui-cookie\/","title":{"rendered":"Politica sui cookie"},"content":{"rendered":"\n<h2 class=\"wp-block-heading\">INFORMAZIONI SUI COOKIE<\/h2>\n\n<p>A causa dell&#8217;entrata in vigore della modifica della &#8220;Legge sui Servizi della Societ\u00e0 dell&#8217;Informazione&#8221; (LSSICE) stabilita dal Regio Decreto 13\/2012, \u00e8 obbligatorio ottenere il consenso esplicito dell&#8217;utente di tutte le pagine web che utilizzano cookie dispensabili, prima di navigarle.<\/p>\n\n<h2 class=\"wp-block-heading\">COSA SONO I BISCOTTI?<\/h2>\n\n<p>L&#8217;uso di questi dispositivi consente al server Web di ricordare alcuni dati relativi all&#8217;utente, come ad esempio le preferenze di visualizzazione delle pagine del server, il nome e la password, i prodotti di maggiore interesse, ecc.<\/p>\n\n<h2 class=\"wp-block-heading\">COOKIE INTERESSATI DAL REGOLAMENTO E COOKIE ESCLUSI<\/h2>\n\n<p>Secondo la direttiva UE, i cookie che richiedono il consenso informato dell&#8217;utente sono i cookie analitici e i cookie pubblicitari e di affiliazione, ad eccezione dei cookie tecnici e di quelli necessari al funzionamento del sito web o alla fornitura di servizi espressamente richiesti dall&#8217;utente.<\/p>\n\n<h2 class=\"wp-block-heading\">TIPI DI COOKIE<\/h2>\n\n<h3 class=\"wp-block-heading\">SECONDO LO SCOPO<\/h3>\n\n<p>Cookie tecnici e funzionali: sono quelli che permettono all&#8217;utente di navigare attraverso una pagina web, una piattaforma o un&#8217;applicazione e l&#8217;utilizzo delle diverse opzioni o servizi presenti in essa.<\/p>\n\n<p>Cookie analitici: sono quelli che consentono al responsabile di monitorare e analizzare il comportamento degli utenti dei siti web a cui sono collegati. Le informazioni raccolte attraverso questo tipo di cookie vengono utilizzate per misurare l&#8217;attivit\u00e0 dei siti web, delle applicazioni o delle piattaforme e per l&#8217;elaborazione di profili di navigazione degli utenti di tali siti, applicazioni e piattaforme, al fine di introdurre miglioramenti basati sull&#8217;analisi dei dati di utilizzo degli utenti del servizio.<\/p>\n\n<p>Cookie pubblicitari: sono quelli che consentono di gestire nel modo pi\u00f9 efficace possibile gli spazi pubblicitari che, se del caso, l&#8217;editore ha inserito in un sito web, un&#8217;applicazione o una piattaforma da cui fornisce il servizio richiesto in base a criteri quali il contenuto modificato o la frequenza di visualizzazione degli annunci.<\/p>\n\n<p>Cookie di pubblicit\u00e0 comportamentale: raccolgono informazioni sulle preferenze e sulle scelte personali dell&#8217;utente (retargeting) per consentire la gestione, nel modo pi\u00f9 efficace possibile, degli spazi pubblicitari che, eventualmente, l&#8217;editore ha inserito in una pagina web, un&#8217;applicazione o una piattaforma da cui fornisce il servizio richiesto.<\/p>\n\n<p>Cookie sociali: sono impostati dalle piattaforme di social media nei servizi per consentire all&#8217;utente di condividere contenuti con i propri amici e reti. Le piattaforme di social media hanno la possibilit\u00e0 di tracciare la vostra attivit\u00e0 online al di fuori dei Servizi. Ci\u00f2 pu\u00f2 influire sui contenuti e sui messaggi che l&#8217;utente vede su altri servizi che visita.<\/p>\n\n<p>Cookie di affiliazione: consentono di tracciare le visite provenienti da altri siti web, con i quali il sito stabilisce un contratto di affiliazione (societ\u00e0 affiliate).<\/p>\n\n<p>Cookie di sicurezza: memorizzano informazioni criptate per evitare che i dati in essi memorizzati siano vulnerabili ad attacchi malevoli da parte di terzi.<\/p>\n\n<h3 class=\"wp-block-heading\">SECONDO LA PROPRIET\u00c0<\/h3>\n\n<p>Cookie propri: quelli che vengono inviati al terminale dell&#8217;utente da un computer o da un dominio gestito dall&#8217;editore stesso e dal quale viene fornito il servizio richiesto dall&#8217;utente.<\/p>\n\n<p>Cookie di terze parti: quelli che vengono inviati al terminale dell&#8217;utente da un computer o da un dominio non gestito dall&#8217;editore, ma da un&#8217;altra entit\u00e0 che elabora i dati ottenuti tramite i cookie.<\/p>\n\n<h3 class=\"wp-block-heading\">IN BASE ALLA DURATA<\/h3>\n\n<p>Cookie di sessione: si tratta di un tipo di cookie progettato per raccogliere e memorizzare dati durante l&#8217;accesso dell&#8217;utente a una pagina web.<\/p>\n\n<p>Cookie persistenti: si tratta di un tipo di cookie in cui i dati rimangono memorizzati nel terminale e possono essere consultati ed elaborati per un periodo definito dal responsabile del cookie, che pu\u00f2 variare da pochi minuti a diversi anni.<\/p>\n\n<h2 class=\"wp-block-heading\">TRATTAMENTO DEI DATI PERSONALI<\/h2>\n\n<p>Agresta S. Coop \u00e8 il Titolare del trattamento dei dati personali dell&#8217;Interessato e La informa che tali dati saranno trattati in conformit\u00e0 alle disposizioni del Regolamento (UE) 2016\/679 del 27 aprile 2016 (GDPR), per cui Le vengono fornite le seguenti informazioni sul trattamento:<\/p>\n\n<ul class=\"wp-block-list\"><li>Finalit\u00e0 del trattamento: come specificato nella sezione relativa ai cookie utilizzati in questo sito web.<\/li><li>Legittimazione del trattamento: con il consenso dell&#8217;interessato (art. 6.1 GDPR).<\/li><li>Criteri di conservazione dei dati: come specificato nella sezione relativa ai cookie utilizzati sul sito web.<\/li><li>Comunicazione dei dati: i dati non saranno comunicati a terzi, salvo che per i cookie di propriet\u00e0 di terzi o per obbligo di legge.<\/li><\/ul>\n\n<p>Diritti dell&#8217;interessato:<\/p>\n\n<ul class=\"wp-block-list\"><li>Diritto di ritirare il consenso in qualsiasi momento.<\/li><li>Diritto di accesso, rettifica, portabilit\u00e0 e cancellazione dei propri dati, nonch\u00e9 di limitare o opporsi al loro trattamento.<\/li><li>Diritto di proporre reclamo all&#8217;Autorit\u00e0 di controllo (www.aepd.es) qualora ritenga che il trattamento non sia conforme alla normativa vigente.<\/li><\/ul>\n\n<p>Contatti per l&#8217;esercizio dei diritti: Agresta S. Coop. DUQUE DE FERNAN NU\u00d1EZ, 2 1\u00ba &#8211; 28012 MADRID (Madrid). E-mail: datos@agresta.org.<\/p>\n\n<h2 class=\"wp-block-heading\">COOKIE TECNICI E FUNZIONALI UTILIZZATI IN FORESTMAP<\/h2>\n<figure class=\"wp-block-table\">\r\n   <table>\r\n      <tbody>\r\n         <tr>\r\n            <td><strong>Propriet\u00e0<\/strong><\/td>\r\n            <td><strong>Cookie<\/strong><\/td>\r\n            <td><strong>Scopo<\/strong><\/td>\r\n            <td><strong>Durata<\/strong><\/td>\r\n         <\/tr>\r\n         <tr>\r\n            <td>sme.agrestaweb.org<\/td>\r\n            <td>localStorage.logged<\/td>\r\n            <td>Utilizzato per rilevare se l&#8217;utente ha gi\u00e0 effettuato l&#8217;accesso a ForestMap.<\/td>\r\n            <td>Persistente<\/td>\r\n         <\/tr>\r\n         <tr>\r\n            <td>sme.agrestaweb.org<\/td>\r\n            <td>localStorage.ngStorage-lg<\/td>\r\n            <td>Utilizzato per memorizzare le impostazioni della lingua dell&#8217;utente.<\/td>\r\n            <td>Persistente<\/td>\r\n         <\/tr>\r\n         <tr>\r\n            <td>sme.agrestaweb.org<\/td>\r\n            <td>localStorage.currentUser<\/td>\r\n            <td>Utilizzato per memorizzare le impostazioni dell&#8217;utente.<\/td>\r\n            <td>Persistente<\/td>\r\n         <\/tr>\r\n         <tr>\r\n            <td>sme.agrestaweb.org<\/td>\r\n            <td>moove_gdpr_popup<\/td>\r\n            <td>Utilizzato per memorizzare le preferenze dell&#8217;utente in materia di cookie.<\/td>\r\n            <td>1 anno<\/td>\r\n         <\/tr>\r\n      <\/tbody>\r\n   <\/table>\r\n<\/figure>","protected":false},"excerpt":{"rendered":"<p>INFORMAZIONI SUI COOKIE A causa dell&#8217;entrata in vigore della modifica della &#8220;Legge sui Servizi della Societ\u00e0 dell&#8217;Informazione&#8221; (LSSICE) stabilita dal Regio Decreto 13\/2012, \u00e8 obbligatorio ottenere il consenso esplicito dell&#8217;utente di tutte le pagine web che utilizzano cookie dispensabili, prima di navigarle. COSA SONO I BISCOTTI? L&#8217;uso di questi dispositivi consente al server Web di &#8230; <a title=\"Politica sui cookie\" class=\"read-more\" href=\"https:\/\/forestmap.eu\/it\/politica-sui-cookie\/\" aria-label=\"More on Politica sui cookie\">Leggi tutto<\/a><\/p>\n","protected":false},"author":1,"featured_media":0,"parent":0,"menu_order":0,"comment_status":"closed","ping_status":"closed","template":"","meta":{"footnotes":""},"class_list":{"0":"post-9869","1":"page","2":"type-page","3":"status-publish","5":"no-featured-image-padding"},"_links":{"self":[{"href":"https:\/\/forestmap.eu\/it\/wp-json\/wp\/v2\/pages\/9869","targetHints":{"allow":["GET"]}}],"collection":[{"href":"https:\/\/forestmap.eu\/it\/wp-json\/wp\/v2\/pages"}],"about":[{"href":"https:\/\/forestmap.eu\/it\/wp-json\/wp\/v2\/types\/page"}],"author":[{"embeddable":true,"href":"https:\/\/forestmap.eu\/it\/wp-json\/wp\/v2\/users\/1"}],"replies":[{"embeddable":true,"href":"https:\/\/forestmap.eu\/it\/wp-json\/wp\/v2\/comments?post=9869"}],"version-history":[{"count":1,"href":"https:\/\/forestmap.eu\/it\/wp-json\/wp\/v2\/pages\/9869\/revisions"}],"predecessor-version":[{"id":9870,"href":"https:\/\/forestmap.eu\/it\/wp-json\/wp\/v2\/pages\/9869\/revisions\/9870"}],"wp:attachment":[{"href":"https:\/\/forestmap.eu\/it\/wp-json\/wp\/v2\/media?parent=9869"}],"curies":[{"name":"wp","href":"https:\/\/api.w.org\/{rel}","templated":true}]}}