{"id":9871,"date":"2021-07-27T12:15:24","date_gmt":"2021-07-27T12:15:24","guid":{"rendered":"https:\/\/forestmap.eu\/?page_id=9871"},"modified":"2022-07-21T22:34:41","modified_gmt":"2022-07-21T22:34:41","slug":"avviso-legale","status":"publish","type":"page","link":"https:\/\/forestmap.eu\/it\/avviso-legale\/","title":{"rendered":"Avviso legale"},"content":{"rendered":"\n<h2 class=\"wp-block-heading\">LEGGE SUI SERVIZI DELLA SOCIET\u00c0 DELL&#8217;INFORMAZIONE (LSSI<\/h2>\n\n<p>Agresta S. Coop, responsabile del sito web, di seguito il FORNITORE, mette a disposizione degli utenti il presente documento, che ha lo scopo di adempiere agli obblighi previsti dalla Legge 34\/2002 dell&#8217;11 luglio, sui servizi della societ\u00e0 dell&#8217;informazione e del commercio elettronico (LSSICE), Gazzetta Ufficiale dello Stato spagnolo n. 166, nonch\u00e9 di informare tutti gli utenti del sito web sulle condizioni di utilizzo.<\/p>\n\n<p>Chiunque acceda a questo sito web acquisisce lo status di utente e, in quanto tale, si impegna a osservare e rispettare rigorosamente le disposizioni qui previste, nonch\u00e9 qualsiasi altra clausola legale applicabile.<\/p>\n\n<p>Agresta S. Coop si riserva il diritto di modificare qualsiasi tipo di informazione che possa apparire sul sito web, e non \u00e8 tenuta a darne preavviso o a informare gli utenti di tali obblighi, intendendosi sufficiente la pubblicazione sul sito web di Agresta S. Coop.<\/p>\n\n<h2 class=\"wp-block-heading\"> 1. DATI DI IDENTIFICAZIONE<\/h2>\n\n<ul class=\"wp-block-list\"><li>Nome di dominio: agresta.org<\/li><li>Nome commerciale: Agresta S. Coop. Pazzo<\/li><li>Nome dell&#8217;azienda: Agresta S. Coop<\/li><li>TIN: F82718131<\/li><li>Sede legale: C\/ Duque de Fern\u00e1n N\u00fa\u00f1ez, 2 1, 28012 MADRID (MADRID)<\/li><li>Telefono: 913 540 213<\/li><li>E-mail: agresta@agresta.org<\/li><li>Registro delle Cooperative della Comunit\u00e0 di Madrid al n. 28\/CM-3337, volume 23, foglio 3373.<\/li><\/ul>\n\n<h2 class=\"wp-block-heading\">2. DIRITTI DI PROPRIET\u00c0 INTELLETTUALE E INDUSTRIALE<\/h2>\n\n<p>Il sito web, compresi, a titolo esemplificativo e non esaustivo, la programmazione, la redazione, la compilazione e gli altri elementi necessari al suo funzionamento, i disegni, i loghi, i testi e\/o la grafica, sono di propriet\u00e0 del FORNITORE o, se del caso, sono espressamente titolari di una licenza o di un&#8217;espressa autorizzazione da parte degli autori. Tutti i contenuti del sito web sono debitamente protetti dalle leggi sulla propriet\u00e0 intellettuale e industriale e sono registrati nei corrispondenti registri pubblici.<\/p>\n\n<p>Indipendentemente dalla loro destinazione, la riproduzione totale o parziale, l&#8217;uso, lo sfruttamento, la distribuzione e la commercializzazione richiedono in ogni caso la preventiva autorizzazione scritta del TITOLARE. Qualsiasi uso non autorizzato \u00e8 considerato una grave violazione dei diritti di propriet\u00e0 intellettuale o industriale dell&#8217;autore.<\/p>\n\n<p>I disegni, i loghi, i testi e\/o gli elementi grafici che non appartengono al FORNITORE e che possono comparire sul sito web appartengono ai rispettivi proprietari, i quali sono responsabili di ogni eventuale controversia che possa sorgere in merito. Il FORNITORE autorizza espressamente i terzi a reindirizzare ai contenuti specifici del sito web, e in ogni caso a reindirizzare al sito principale di agresta.org.<\/p>\n\n<p>Il FORNITORE riconosce i corrispondenti diritti di propriet\u00e0 intellettuale e industriale a favore dei rispettivi proprietari e qualsiasi menzione o apparizione sul sito web non implica l&#8217;esistenza di diritti o responsabilit\u00e0 di alcun tipo su di essi, n\u00e9 implica alcun avallo, sponsorizzazione o raccomandazione da parte del sito web. Eventuali commenti su eventuali violazioni dei diritti di propriet\u00e0 intellettuale o industriale, nonch\u00e9 sui contenuti del sito web, possono essere inviati contattando agresta@agresta.org.<\/p>\n\n<h2 class=\"wp-block-heading\">3. ESENZIONE DI RESPONSABILIT\u00c0<\/h2>\n\n<p>Il FORNITORE \u00e8 esonerato da qualsiasi tipo di responsabilit\u00e0 derivante dalle informazioni pubblicate sul proprio sito web qualora queste siano state manipolate o introdotte da terzi non collegati al FORNITORE.<\/p>\n\n<h3 class=\"wp-block-heading\">Utilizzo dei cookie<\/h3>\n\n<p>Questo sito utilizza cookie tecnici (piccoli file contenenti informazioni che il server invia al computer dell&#8217;utente del sito) per svolgere alcune funzioni ritenute necessarie per il corretto funzionamento e l&#8217;anteprima del sito. In ogni caso, i cookie utilizzati sono temporanei, al solo scopo di rendere pi\u00f9 efficiente la navigazione del sito, e scompaiono al termine della sessione dell&#8217;utente. In nessun caso questi cookie forniscono essi stessi dati personali e non saranno utilizzati per la raccolta di tali dati.<\/p>\n\n<p>Attraverso l&#8217;utilizzo dei cookie \u00e8 inoltre possibile per il server in cui si trova il sito riconoscere il browser utilizzato dall&#8217;utente per facilitarne la navigazione, consentendo, ad esempio, agli utenti che si sono precedentemente registrati di accedere alle aree, ai servizi, alle promozioni o ai concorsi riservati esclusivamente a loro senza doversi registrare a ogni visita. Possono anche essere utilizzati per misurare l&#8217;audience o i parametri di traffico, monitorare l&#8217;andamento e il numero di iscrizioni, ecc. In questi casi, i cookie utilizzati sono tecnicamente non essenziali ma vantaggiosi per l&#8217;utente. Questo sito web non installer\u00e0 cookie non essenziali senza il previo consenso dell&#8217;utente.<\/p>\n\n<p>Il browser pu\u00f2 essere configurato dall&#8217;utente per avvisarlo della ricezione dei cookie e per impedirne l&#8217;installazione sul suo computer. Per ulteriori informazioni, consultare le istruzioni del proprio browser.<\/p>\n\n<h3 class=\"wp-block-heading\">Politica dei link<\/h3>\n\n<p>L&#8217;utente di questo sito web pu\u00f2 essere reindirizzato a contenuti di siti web di terzi. Poich\u00e9 il FORNITORE non pu\u00f2 sempre controllare i contenuti dei siti web di terzi, non si assume alcun tipo di responsabilit\u00e0 in merito a tali contenuti. In ogni caso, il FORNITORE rimuover\u00e0 immediatamente qualsiasi contenuto che possa violare le leggi nazionali o internazionali, la morale o l&#8217;ordine pubblico, e rimuover\u00e0 immediatamente il reindirizzamento a questo sito web, informando le autorit\u00e0 competenti del contenuto in questione.<\/p>\n\n<p>Il FORNITORE non sar\u00e0 responsabile delle informazioni e dei contenuti presenti, a titolo esemplificativo e non esaustivo, nei forum, nelle chat, nei blog, nei commenti, nei social network o in qualsiasi altro mezzo che consenta a terzi di pubblicare contenuti in modo indipendente sul sito web del FORNITORE. Tuttavia, in conformit\u00e0 con gli Atti 11 e 16 della LSSICE, i contenuti di terzi sono messi a disposizione di tutti gli utenti, delle autorit\u00e0 e degli organi preposti all&#8217;applicazione della legge che collaborano direttamente al ritiro o al blocco di tutti i contenuti che possono pregiudicare o violare la legge nazionale o internazionale, i diritti di terzi o la morale pubblica e l&#8217;ordine pubblico. Nel caso in cui l&#8217;utente ritenga che sul sito web siano presenti contenuti che possano essere considerati tali, \u00e8 pregato di comunicarlo immediatamente all&#8217;amministratore del sito.<\/p>\n\n<p>Questo sito web \u00e8 stato rivisto e testato per consentirne il corretto funzionamento. In linea di principio, il corretto funzionamento pu\u00f2 essere garantito 365 giorni all&#8217;anno, 24 ore su 24. Tuttavia, il TITOLARE non esclude la possibilit\u00e0 che si verifichino alcuni errori di programmazione o che si verifichino cause di forza maggiore, catastrofi naturali, scioperi o circostanze simili che rendano impossibile l&#8217;accesso al sito web.<\/p>\n\n<h3 class=\"wp-block-heading\">Indirizzi IP<\/h3>\n\n<p>I server dei siti web sono in grado di rilevare automaticamente l&#8217;indirizzo IP e il nome di dominio utilizzati dall&#8217;utente. L&#8217;indirizzo IP \u00e8 un numero assegnato automaticamente a un computer quando si collega a Internet. Tutte queste informazioni vengono registrate in un registro di sistema sul server che consente la successiva elaborazione dei dati al fine di ottenere solo misurazioni statistiche che ci mostrano il numero di accessi alle pagine, il numero di visite effettuate ai server web, l&#8217;ordine delle visite, il punto di accesso, ecc.<\/p>\n\n<h2 class=\"wp-block-heading\">4. LEGGE APPLICABILE E GIURISDIZIONE<\/h2>\n\n<p>La legge spagnola, alla quale le parti si sottomettono espressamente, si applicher\u00e0 a tutte le controversie o questioni relative a questo sito web o alle attivit\u00e0 svolte su di esso, e le Corti e i Tribunali pi\u00f9 vicini a MADRID saranno responsabili della risoluzione di tutti i conflitti derivanti da o relativi al suo utilizzo.<\/p>\n","protected":false},"excerpt":{"rendered":"<p>LEGGE SUI SERVIZI DELLA SOCIET\u00c0 DELL&#8217;INFORMAZIONE (LSSI Agresta S. Coop, responsabile del sito web, di seguito il FORNITORE, mette a disposizione degli utenti il presente documento, che ha lo scopo di adempiere agli obblighi previsti dalla Legge 34\/2002 dell&#8217;11 luglio, sui servizi della societ\u00e0 dell&#8217;informazione e del commercio elettronico (LSSICE), Gazzetta Ufficiale dello Stato spagnolo &#8230; <a title=\"Avviso legale\" class=\"read-more\" href=\"https:\/\/forestmap.eu\/it\/avviso-legale\/\" aria-label=\"More on Avviso legale\">Leggi tutto<\/a><\/p>\n","protected":false},"author":1,"featured_media":0,"parent":0,"menu_order":0,"comment_status":"closed","ping_status":"closed","template":"","meta":{"footnotes":""},"class_list":{"0":"post-9871","1":"page","2":"type-page","3":"status-publish","5":"no-featured-image-padding"},"_links":{"self":[{"href":"https:\/\/forestmap.eu\/it\/wp-json\/wp\/v2\/pages\/9871","targetHints":{"allow":["GET"]}}],"collection":[{"href":"https:\/\/forestmap.eu\/it\/wp-json\/wp\/v2\/pages"}],"about":[{"href":"https:\/\/forestmap.eu\/it\/wp-json\/wp\/v2\/types\/page"}],"author":[{"embeddable":true,"href":"https:\/\/forestmap.eu\/it\/wp-json\/wp\/v2\/users\/1"}],"replies":[{"embeddable":true,"href":"https:\/\/forestmap.eu\/it\/wp-json\/wp\/v2\/comments?post=9871"}],"version-history":[{"count":1,"href":"https:\/\/forestmap.eu\/it\/wp-json\/wp\/v2\/pages\/9871\/revisions"}],"predecessor-version":[{"id":9872,"href":"https:\/\/forestmap.eu\/it\/wp-json\/wp\/v2\/pages\/9871\/revisions\/9872"}],"wp:attachment":[{"href":"https:\/\/forestmap.eu\/it\/wp-json\/wp\/v2\/media?parent=9871"}],"curies":[{"name":"wp","href":"https:\/\/api.w.org\/{rel}","templated":true}]}}