{"id":9873,"date":"2021-07-27T12:16:43","date_gmt":"2021-07-27T12:16:43","guid":{"rendered":"https:\/\/forestmap.eu\/?page_id=9873"},"modified":"2022-07-21T22:35:29","modified_gmt":"2022-07-21T22:35:29","slug":"politica-sulla-privacy","status":"publish","type":"page","link":"https:\/\/forestmap.eu\/it\/politica-sulla-privacy\/","title":{"rendered":"Politica sulla privacy"},"content":{"rendered":"\n<h2 class=\"wp-block-heading\">1. INFORMAZIONI PER L&#8217;UTENTE<\/h2>\n\n<h3 class=\"wp-block-heading\">Chi \u00e8 il responsabile del trattamento dei vostri dati personali?<\/h3>\n\n<p>Agresta S. Coop \u00e8 il TITOLARE dei dati personali dell&#8217;UTENTE e lo informa che tali dati saranno trattati in conformit\u00e0 alle disposizioni del Regolamento (UE) 2016\/679 del 27 aprile (GDPR) e della Legge Organica 3\/2018 del 5 dicembre (LOPDGDD).<\/p>\n\n<h3 class=\"wp-block-heading\">Perch\u00e9 trattiamo i vostri dati personali?<\/h3>\n\n<p>Mantenere un rapporto commerciale con l&#8217;utente. Le operazioni di trattamento previste sono:<\/p>\n\n<ul class=\"wp-block-list\"><li>Invio di comunicazioni commerciali pubblicitarie tramite e-mail, fax, SMS, MMS, reti sociali o qualsiasi altro mezzo elettronico o fisico, presente o futuro, che consenta di effettuare comunicazioni commerciali. Tali comunicazioni saranno effettuate dal TITOLARE e saranno relative ai suoi prodotti e servizi, o a quelli dei suoi partner o fornitori con cui ha raggiunto un accordo di promozione. In questo caso, le terze parti non avranno mai accesso ai dati personali.<\/li><li>Condurre ricerche di mercato e analisi statistiche.<\/li><li>Elaborare ordini, richieste, rispondere a domande o a qualsiasi tipo di richiesta fatta dall&#8217;UTENTE attraverso uno qualsiasi dei metodi di contatto disponibili sul sito web del FORNITORE. <\/li><li>Inviare la newsletter online sulle novit\u00e0, le offerte e le promozioni della nostra attivit\u00e0.<\/li><\/ul>\n\n<h3 class=\"wp-block-heading\">Perch\u00e9 possiamo trattare i vostri dati personali?<\/h3>\n\n<p>Perch\u00e9 il trattamento \u00e8 legittimato dall&#8217;articolo 6 del GDPR come segue:<\/p>\n\n<ul class=\"wp-block-list\"><li>Nel legittimo interesse del TITOLARE: condurre ricerche di mercato, analisi statistiche, ecc. ed elaborare ordini, richieste, ecc. su richiesta dell&#8217;UTENTE.<\/li><li>Nel legittimo interesse del TITOLARE: condurre ricerche di mercato, analisi statistiche, ecc. ed elaborare ordini, richieste, ecc. su richiesta dell&#8217;UTENTE.<\/li><\/ul>\n\n<h3 class=\"wp-block-heading\">Per quanto tempo conserveremo i vostri dati personali?<\/h3>\n\n<p>I dati saranno conservati per un periodo di tempo non superiore a quello necessario per il mantenimento delle finalit\u00e0 del trattamento o per tutto il tempo in cui vi siano prescrizioni legali che ne impongano la custodia; quando tali finalit\u00e0 non sono pi\u00f9 necessarie, i dati saranno cancellati con misure di sicurezza adeguate a garantire l&#8217;anonimizzazione dei dati o la loro completa distruzione. <\/p>\n\n<h3 class=\"wp-block-heading\">A chi comunichiamo i vostri dati personali?<\/h3>\n\n<p>Non \u00e8 prevista la comunicazione di dati personali a terzi ad eccezione, se necessario per lo sviluppo e l&#8217;esecuzione delle finalit\u00e0 del trattamento, dei nostri fornitori di servizi relativi alle comunicazioni, con i quali il TITOLARE ha sottoscritto i contratti di riservatezza e di responsabile del trattamento richiesti dalla vigente normativa sulla privacy.<\/p>\n\n<h4 class=\"wp-block-heading\">Stripe, Inc.<\/h4>\n\n<p>ForestMap utilizza il gateway di pagamento Stripe per la gestione dei pagamenti. Stripe offre servizi che consentono alle piattaforme e agli esercenti di gestire attivit\u00e0 commerciali e di effettuare transazioni di pagamento online sicure. In caso di ordine di pagamento tramite ForestMap, i dati forniti saranno trasferiti a Stripe al solo scopo di elaborare l&#8217;ordine. Per ulteriori informazioni, consultare l&#8217;informativa sulla <a href=\"https:\/\/stripe.com\/en-es\/privacy\">privacy di Stripe<\/a>.<\/p>\n\n<h3 class=\"wp-block-heading\">Quali sono i vostri diritti?<\/h3>\n\n<p>I diritti dell&#8217;UTENTE sono:<\/p>\n\n<ul class=\"wp-block-list\"><li>Diritto di ritirare il consenso in qualsiasi momento.<\/li><li>Diritto di accesso, rettifica, portabilit\u00e0 e cancellazione dei propri dati, nonch\u00e9 di limitare o opporsi al loro trattamento.<\/li><li>Il diritto di presentare un reclamo all&#8217;Autorit\u00e0 di vigilanza spagnola (www.aepd.es) se si ritiene che il trattamento non sia conforme alla legislazione vigente.<\/li><\/ul>\n\n<h3 class=\"wp-block-heading\">Informazioni di contatto per l&#8217;esercizio dei diritti:<\/h3>\n\n<p>Agresta S. Coop. DUQUE DE FERNAN NU\u00d1EZ,, 2 1\u00ba &#8211; 28012 MADRID (Madrid). E-mail: datos@agresta.org<\/p>\n\n<h2 class=\"wp-block-heading\">2. NATURA OBBLIGATORIA O FACOLTATIVA DELLE INFORMAZIONI FORNITE DALL&#8217;UTENTE<\/h2>\n\n<p>L&#8217;UTENTE, contrassegnando le caselle corrispondenti e inserendo i dati nei campi contrassegnati da un asterisco (*) nel modulo di contatto o nei moduli di download, accetta espressamente e in modo libero e inequivocabile che i suoi dati siano necessari al fornitore per soddisfare la sua richiesta, fornendo volontariamente i propri dati nei campi rimanenti. L&#8217;UTENTE garantisce la veridicit\u00e0 dei dati personali forniti al FORNITORE ed \u00e8 responsabile della comunicazione di eventuali modifiche degli stessi.<\/p>\n\n<p>Il FORNITORE informa che tutti i dati richiesti attraverso il sito web sono obbligatori, in quanto necessari per la fornitura di un servizio ottimale all&#8217;UTENTE. Nel caso in cui non vengano forniti tutti i dati, non si garantisce che le informazioni e i servizi forniti siano completamente adeguati alle esigenze dell&#8217;Utente.<\/p>\n\n<h2 class=\"wp-block-heading\">3. MISURE DI SICUREZZA<\/h2>\n\n<p>Che in conformit\u00e0 alle disposizioni della normativa vigente in materia di protezione dei dati personali, il TITOLARE rispetta tutte le disposizioni del GDPR e della normativa LOPDGDD per il trattamento dei dati personali di cui \u00e8 responsabile, e rispetta manifestamente i principi descritti nell&#8217;articolo 5 del GDPR, in base ai quali essi sono trattati in modo lecito, equo e trasparente nei confronti dell&#8217;interessato e appropriato, pertinente e limitato a quanto necessario in relazione alle finalit\u00e0 per cui sono trattati.<\/p>\n\n<p>Per ulteriori informazioni sulle garanzie di privacy, \u00e8 possibile contattare il TITOLARE tramite Agresta S. Coop. DUQUE DE FERNAN NU\u00d1EZ, 2 1\u00ba &#8211; 28012 MADRID (Madrid). E-mail: datos@agresta.org<\/p>\n","protected":false},"excerpt":{"rendered":"<p>1. INFORMAZIONI PER L&#8217;UTENTE Chi \u00e8 il responsabile del trattamento dei vostri dati personali? Agresta S. Coop \u00e8 il TITOLARE dei dati personali dell&#8217;UTENTE e lo informa che tali dati saranno trattati in conformit\u00e0 alle disposizioni del Regolamento (UE) 2016\/679 del 27 aprile (GDPR) e della Legge Organica 3\/2018 del 5 dicembre (LOPDGDD). Perch\u00e9 trattiamo &#8230; <a title=\"Politica sulla privacy\" class=\"read-more\" href=\"https:\/\/forestmap.eu\/it\/politica-sulla-privacy\/\" aria-label=\"More on Politica sulla privacy\">Leggi tutto<\/a><\/p>\n","protected":false},"author":1,"featured_media":0,"parent":0,"menu_order":0,"comment_status":"closed","ping_status":"closed","template":"","meta":{"footnotes":""},"class_list":{"0":"post-9873","1":"page","2":"type-page","3":"status-publish","5":"no-featured-image-padding"},"_links":{"self":[{"href":"https:\/\/forestmap.eu\/it\/wp-json\/wp\/v2\/pages\/9873","targetHints":{"allow":["GET"]}}],"collection":[{"href":"https:\/\/forestmap.eu\/it\/wp-json\/wp\/v2\/pages"}],"about":[{"href":"https:\/\/forestmap.eu\/it\/wp-json\/wp\/v2\/types\/page"}],"author":[{"embeddable":true,"href":"https:\/\/forestmap.eu\/it\/wp-json\/wp\/v2\/users\/1"}],"replies":[{"embeddable":true,"href":"https:\/\/forestmap.eu\/it\/wp-json\/wp\/v2\/comments?post=9873"}],"version-history":[{"count":1,"href":"https:\/\/forestmap.eu\/it\/wp-json\/wp\/v2\/pages\/9873\/revisions"}],"predecessor-version":[{"id":9874,"href":"https:\/\/forestmap.eu\/it\/wp-json\/wp\/v2\/pages\/9873\/revisions\/9874"}],"wp:attachment":[{"href":"https:\/\/forestmap.eu\/it\/wp-json\/wp\/v2\/media?parent=9873"}],"curies":[{"name":"wp","href":"https:\/\/api.w.org\/{rel}","templated":true}]}}