{"id":9898,"date":"2021-07-26T13:11:07","date_gmt":"2021-07-26T13:11:07","guid":{"rendered":"https:\/\/forestmap.eu\/?page_id=9898"},"modified":"2022-07-22T18:20:51","modified_gmt":"2022-07-22T18:20:51","slug":"contacte-nos","status":"publish","type":"page","link":"https:\/\/forestmap.eu\/pt-pt\/contacte-nos\/","title":{"rendered":"Contacte-nos"},"content":{"rendered":"\n<p>Para mais informa\u00e7\u00f5es ou para solicitar uma demonstra\u00e7\u00e3o do Forestmap, por favor utilize o formul\u00e1rio abaixo:<\/p>\n\n\n\n<div class=\"wpcf7 no-js\" id=\"wpcf7-f9900-o1\" lang=\"en-US\" dir=\"ltr\">\n<div class=\"screen-reader-response\"><p role=\"status\" aria-live=\"polite\" aria-atomic=\"true\"><\/p> <ul><\/ul><\/div>\n<form action=\"\/pt-pt\/wp-json\/wp\/v2\/pages\/9898#wpcf7-f9900-o1\" method=\"post\" class=\"wpcf7-form init\" aria-label=\"Contact form\" novalidate=\"novalidate\" data-status=\"init\">\n<div style=\"display: none;\">\n<input type=\"hidden\" name=\"_wpcf7\" value=\"9900\" \/>\n<input type=\"hidden\" name=\"_wpcf7_version\" value=\"5.7.5.1\" \/>\n<input type=\"hidden\" name=\"_wpcf7_locale\" value=\"en_US\" \/>\n<input type=\"hidden\" name=\"_wpcf7_unit_tag\" value=\"wpcf7-f9900-o1\" \/>\n<input type=\"hidden\" name=\"_wpcf7_container_post\" value=\"0\" \/>\n<input type=\"hidden\" name=\"_wpcf7_posted_data_hash\" value=\"\" \/>\n<input type=\"hidden\" name=\"_wpcf7_recaptcha_response\" value=\"\" \/>\n<\/div>\n<div class=\"cf-container\">\n\t<div class=\"cf-col-1\">\n\t\t<p>Nome<span style=\"color:red\"> *<span><\/span><\/span>\n\t\t<\/p>\n\t<\/div>\n\t<div class=\"cf-col-2\">\n\t\t<p><span class=\"wpcf7-form-control-wrap\" data-name=\"your-name\"><input size=\"40\" class=\"wpcf7-form-control wpcf7-text wpcf7-validates-as-required\" aria-required=\"true\" aria-invalid=\"false\" value=\"\" type=\"text\" name=\"your-name\" \/><\/span>\n\t\t<\/p>\n\t<\/div>\n\t<div class=\"cf-col-3\">\n\t\t<p>Email <span style=\"color:red\">*<span><\/span><\/span>\n\t\t<\/p>\n\t<\/div>\n\t<div class=\"cf-col-4\">\n\t\t<p><span class=\"wpcf7-form-control-wrap\" data-name=\"your-email\"><input size=\"40\" class=\"wpcf7-form-control wpcf7-text wpcf7-email wpcf7-validates-as-required wpcf7-validates-as-email\" aria-required=\"true\" aria-invalid=\"false\" value=\"\" type=\"email\" name=\"your-email\" \/><\/span>\n\t\t<\/p>\n\t<\/div>\n\t<div class=\"cf-col-5\">\n\t\t<p>Assunto\n\t\t<\/p>\n\t<\/div>\n\t<div class=\"cf-col-6\">\n\t\t<p><span class=\"wpcf7-form-control-wrap\" data-name=\"your-subject\"><input size=\"40\" class=\"wpcf7-form-control wpcf7-text wpcf7-validates-as-required\" aria-required=\"true\" aria-invalid=\"false\" value=\"\" type=\"text\" name=\"your-subject\" \/><\/span>\n\t\t<\/p>\n\t<\/div>\n\t<div class=\"cf-col-7\">\n\t\t<p>Mensagem<span style=\"color:red\">*<span><\/span><\/span>\n\t\t<\/p>\n\t<\/div>\n\t<div class=\"cf-col-8\">\n\t\t<p><span class=\"wpcf7-form-control-wrap\" data-name=\"your-message\"><textarea cols=\"40\" rows=\"10\" class=\"wpcf7-form-control wpcf7-textarea wpcf7-validates-as-required\" aria-required=\"true\" aria-invalid=\"false\" name=\"your-message\"><\/textarea><\/span>\n\t\t<\/p>\n\t<\/div>\n\t<div class=\"cf-col-9\">\n\t\t<p><span class=\"wpcf7-form-control-wrap\" data-name=\"acceptance-501\"><span class=\"wpcf7-form-control wpcf7-acceptance\"><span class=\"wpcf7-list-item\"><input type=\"checkbox\" name=\"acceptance-501\" value=\"1\" aria-invalid=\"false\" \/><\/span><\/span><\/span> Eu li e aceito o <a href=\"https:\/\/forestmap.eu\/pt-pt\/politica-de-privacidade\/\" target=\"_blank\" style=\"font-size:19px;color:#597722 !important;\">pol\u00edtica de privacidade<\/a>.\n\t\t<\/p>\n\t<\/div>\n\t<p><button class=\"green-round gr\">Submeter<\/button>\n\t<\/p>\n<\/div><div class=\"wpcf7-response-output\" aria-hidden=\"true\"><\/div>\n<\/form>\n<\/div>\n\n\n\n<div id=\"contact-form-rgpd-info\"><p>Agresta S. Coop \u00e9 respons\u00e1vel pelo tratamento dos dados pessoais do utilizador e informa-o que estes dados ser\u00e3o tratados de acordo com as disposi\u00e7\u00f5es do Regulamento (UE) 2016\/679 de 27 de Abril de 2016 (GDPR) e da Lei Org\u00e2nica 3\/2018 de 5 de Dezembro (LOPDGDD), para o qual lhe s\u00e3o fornecidas as seguintes informa\u00e7\u00f5es de tratamento:<\/p><ul><li><strong>objectivos de tratamento:<\/strong> Processar ordens, pedidos ou qualquer tipo de pedido que seja feito pelo utilizador atrav\u00e9s de qualquer uma das formas de contacto que s\u00e3o disponibilizadas.<\/li><li><strong>Base jur\u00eddica:<\/strong> Para interesse leg\u00edtimo do respons\u00e1vel: manter uma rela\u00e7\u00e3o comercial. Por consentimento da parte interessada: envio de comunica\u00e7\u00f5es de produtos ou servi\u00e7os.<\/li><li><strong> Crit\u00e9rios de reten\u00e7\u00e3o de dados:<\/strong> Ser\u00e3o mantidos enquanto houver interesse m\u00fatuo em manter a finalidade do tratamento e, quando deixarem de ser necess\u00e1rios para esse fim, ser\u00e3o apagados com medidas de seguran\u00e7a adequadas para assegurar a pseudon\u00edmia dos dados ou a destrui\u00e7\u00e3o total dos dados.<\/li><li><strong>Comunica\u00e7\u00e3o de dados:<\/strong> Os dados n\u00e3o ser\u00e3o comunicados a terceiros, a menos que legalmente obrigados a faz\u00ea-lo.<\/li><li><strong>Transfer\u00eancias de dados internacionais:<\/strong> N\u00e3o s\u00e3o realizadas.<\/li><li><strong>Direitos do utilizador:<\/strong> Direito de retirar o consentimento em qualquer altura. Direito de acesso, rectifica\u00e7\u00e3o, portabilidade e elimina\u00e7\u00e3o dos seus dados e de limitar ou opor-se ao seu processamento. Direito de apresentar uma queixa \u00e0 autoridade de controlo (aepd.es) se considerar que o tratamento n\u00e3o cumpre os regulamentos em vigor.<\/li><\/ul><p>Detalhes de contacto para exercer os seus direitos: Agresta S. Coop DUQUE DE FERNAN NU\u00d1EZ, 2 1\u00ba - 28012 MADRID (Madrid). E-mail: datos@agresta.org<\/p><\/div>\n","protected":false},"excerpt":{"rendered":"<p>Para mais informa\u00e7\u00f5es ou para solicitar uma demonstra\u00e7\u00e3o do Forestmap, por favor utilize o formul\u00e1rio abaixo:<\/p>\n","protected":false},"author":1,"featured_media":0,"parent":0,"menu_order":0,"comment_status":"closed","ping_status":"closed","template":"","meta":{"footnotes":""},"class_list":{"0":"post-9898","1":"page","2":"type-page","3":"status-publish","5":"no-featured-image-padding"},"_links":{"self":[{"href":"https:\/\/forestmap.eu\/pt-pt\/wp-json\/wp\/v2\/pages\/9898","targetHints":{"allow":["GET"]}}],"collection":[{"href":"https:\/\/forestmap.eu\/pt-pt\/wp-json\/wp\/v2\/pages"}],"about":[{"href":"https:\/\/forestmap.eu\/pt-pt\/wp-json\/wp\/v2\/types\/page"}],"author":[{"embeddable":true,"href":"https:\/\/forestmap.eu\/pt-pt\/wp-json\/wp\/v2\/users\/1"}],"replies":[{"embeddable":true,"href":"https:\/\/forestmap.eu\/pt-pt\/wp-json\/wp\/v2\/comments?post=9898"}],"version-history":[{"count":2,"href":"https:\/\/forestmap.eu\/pt-pt\/wp-json\/wp\/v2\/pages\/9898\/revisions"}],"predecessor-version":[{"id":9901,"href":"https:\/\/forestmap.eu\/pt-pt\/wp-json\/wp\/v2\/pages\/9898\/revisions\/9901"}],"wp:attachment":[{"href":"https:\/\/forestmap.eu\/pt-pt\/wp-json\/wp\/v2\/media?parent=9898"}],"curies":[{"name":"wp","href":"https:\/\/api.w.org\/{rel}","templated":true}]}}