{"id":9906,"date":"2021-07-27T12:16:13","date_gmt":"2021-07-27T12:16:13","guid":{"rendered":"https:\/\/forestmap.eu\/?page_id=9906"},"modified":"2022-07-25T09:57:24","modified_gmt":"2022-07-25T09:57:24","slug":"politica-de-cookies","status":"publish","type":"page","link":"https:\/\/forestmap.eu\/pt-pt\/politica-de-cookies\/","title":{"rendered":"Pol\u00edtica de Cookies"},"content":{"rendered":"\n<h2 class=\"wp-block-heading\">INFORMA\u00c7\u00c3O SOBRE COOKIES<\/h2>\n\n<p>Devido \u00e0 entrada em vigor da altera\u00e7\u00e3o da &#8220;Lei dos Servi\u00e7os da Sociedade da Informa\u00e7\u00e3o&#8221; (LSSICE) estabelecida pelo Decreto Real 13\/2012, \u00e9 obrigat\u00f3rio obter o consentimento expresso do utilizador de todas as p\u00e1ginas web que utilizam cookies dispens\u00e1veis, antes de navegar nelas.<\/p>\n\n<h2 class=\"wp-block-heading\">O QUE S\u00c3O COOKIES?<\/h2>\n\n<p>A utiliza\u00e7\u00e3o destes dispositivos permite ao servidor Web recordar alguns dados relativos ao utilizador, tais como as suas prefer\u00eancias para ver as p\u00e1ginas desse servidor, nome e palavra-chave, produtos que mais lhe interessam, etc.<\/p>\n\n<h2 class=\"wp-block-heading\">COOKIES AFECTADOS PELO REGULAMENTO E EXCEPTO COOKIES<\/h2>\n\n<p>De acordo com a directiva da UE, os cookies que requerem o consentimento informado do utilizador s\u00e3o cookies anal\u00edticos e cookies publicit\u00e1rios e de afilia\u00e7\u00e3o, com excep\u00e7\u00e3o dos cookies t\u00e9cnicos e dos necess\u00e1rios para o funcionamento do website ou para a presta\u00e7\u00e3o de servi\u00e7os expressamente solicitados pelo utilizador.<\/p>\n\n<h2 class=\"wp-block-heading\">TIPOS DE COOKIES<\/h2>\n\n<h3 class=\"wp-block-heading\">DE ACORDO COM O OBJECTIVO<\/h3>\n\n<p>Cookies t\u00e9cnicos e funcionais: s\u00e3o aqueles que permitem ao utilizador navegar por uma p\u00e1gina web, plataforma ou aplica\u00e7\u00e3o e a utiliza\u00e7\u00e3o das diferentes op\u00e7\u00f5es ou servi\u00e7os que nela existem.<\/p>\n\n<p>Cookies anal\u00edticos: s\u00e3o aqueles que permitem \u00e0 pessoa respons\u00e1vel por eles monitorizar e analisar o comportamento dos utilizadores dos websites a que est\u00e3o ligados. As informa\u00e7\u00f5es recolhidas atrav\u00e9s deste tipo de cookies s\u00e3o utilizadas para medir a actividade dos s\u00edtios, aplica\u00e7\u00e3o ou plataforma e para a elabora\u00e7\u00e3o de perfis de navega\u00e7\u00e3o dos utilizadores destes s\u00edtios, aplica\u00e7\u00f5es e plataformas, a fim de introduzir melhorias baseadas na an\u00e1lise dos dados de utiliza\u00e7\u00e3o dos utilizadores do servi\u00e7o.<\/p>\n\n<p>Cookies publicit\u00e1rios: s\u00e3o aqueles que permitem a gest\u00e3o, da forma mais eficaz poss\u00edvel, dos espa\u00e7os publicit\u00e1rios que, quando apropriado, a editora incluiu num website, aplica\u00e7\u00e3o ou plataforma a partir da qual fornece o servi\u00e7o solicitado com base em crit\u00e9rios tais como o conte\u00fado editado ou a frequ\u00eancia com que os an\u00fancios s\u00e3o exibidos.<\/p>\n\n<p>Cookies de publicidade comportamental: estes recolhem informa\u00e7\u00f5es sobre as prefer\u00eancias do utilizador e escolhas pessoais (redireccionamento) para permitir a gest\u00e3o, da forma mais eficaz poss\u00edvel, dos espa\u00e7os publicit\u00e1rios que, quando apropriado, a editora incluiu numa p\u00e1gina web, aplica\u00e7\u00e3o ou plataforma a partir da qual fornece o servi\u00e7o solicitado.<\/p>\n\n<p>Cookies sociais: estes s\u00e3o definidos por plataformas de redes sociais nos servi\u00e7os para lhe permitir partilhar conte\u00fados com os seus amigos e redes. As plataformas de redes sociais t\u00eam a capacidade de rastrear a sua actividade online fora dos Servi\u00e7os. Isto pode afectar o conte\u00fado e as mensagens que v\u00ea noutros servi\u00e7os que visita.<\/p>\n\n<p>Cookies de afilia\u00e7\u00e3o: permitem o rastreio das visitas provenientes de outros s\u00edtios web, com os quais o s\u00edtio web estabelece um contrato de afilia\u00e7\u00e3o (empresas afiliadas).<\/p>\n\n<p>Cookies de seguran\u00e7a: armazenam informa\u00e7\u00e3o codificada para evitar que os dados neles armazenados sejam vulner\u00e1veis a ataques maliciosos de terceiros.<\/p>\n\n<h3 class=\"wp-block-heading\">DE ACORDO COM A PROPRIEDADE<\/h3>\n\n<p>Cookies pr\u00f3prios: aqueles que s\u00e3o enviados para o equipamento terminal do utilizador a partir de um computador ou dom\u00ednio gerido pelo pr\u00f3prio editor e a partir do qual \u00e9 prestado o servi\u00e7o solicitado pelo utilizador.<\/p>\n\n<p>Cookies de terceiros: aqueles que s\u00e3o enviados para o equipamento terminal do utilizador a partir de um computador ou dom\u00ednio que n\u00e3o \u00e9 gerido pelo editor, mas por outra entidade que processa os dados obtidos atrav\u00e9s de cookies.<\/p>\n\n<h3 class=\"wp-block-heading\">DE ACORDO COM A DURA\u00c7\u00c3O<\/h3>\n\n<p>Cookies de sess\u00e3o: s\u00e3o um tipo de cookie concebido para recolher e armazenar dados enquanto o utilizador acede a uma p\u00e1gina web.<\/p>\n\n<p>Cookies persistentes: s\u00e3o um tipo de cookie em que os dados permanecem armazenados no terminal e podem ser acedidos e processados durante um per\u00edodo definido pelo respons\u00e1vel pelo cookie, que pode variar de alguns minutos a v\u00e1rios anos.<\/p>\n\n<h2 class=\"wp-block-heading\">TRATAMENTO DE DADOS PESSOAIS<\/h2>\n\n<p>Agresta S. Coop \u00e9 o respons\u00e1vel pelo tratamento dos dados pessoais do Titular dos dados e informa-o que estes dados ser\u00e3o tratados de acordo com as disposi\u00e7\u00f5es do Regulamento (UE) 2016\/679 de 27 de Abril de 2016 (GDPR), para o qual lhe s\u00e3o fornecidas as seguintes informa\u00e7\u00f5es de tratamento:<\/p>\n\n<ul class=\"wp-block-list\"><li>Fins do processamento: como especificado na sec\u00e7\u00e3o sobre cookies utilizados neste s\u00edtio web.<\/li><li>Legitima\u00e7\u00e3o do tratamento: por consentimento da pessoa em causa (art. 6.1 GDPR).<\/li><li>Crit\u00e9rios de reten\u00e7\u00e3o de dados: como especificado na sec\u00e7\u00e3o sobre cookies utilizados no s\u00edtio web.<\/li><li>Comunica\u00e7\u00e3o de dados: os dados n\u00e3o ser\u00e3o comunicados a terceiros, excepto nos cookies propriedade de terceiros ou por obriga\u00e7\u00e3o legal.<\/li><\/ul>\n\n<p>Direitos da pessoa a quem os dados dizem respeito:<\/p>\n\n<ul class=\"wp-block-list\"><li>Direito de retirar o consentimento em qualquer momento.<\/li><li>Direito de acesso, rectifica\u00e7\u00e3o, portabilidade e elimina\u00e7\u00e3o dos seus dados, e de limitar ou opor-se ao seu tratamento.<\/li><li>Direito de apresentar uma queixa \u00e0 Autoridade Supervisora (www.aepd.es) se considerar que o tratamento n\u00e3o est\u00e1 em conformidade com os regulamentos em vigor.<\/li><\/ul>\n\n<p>Detalhes de contacto para exercer os seus direitos: Agresta S. Coop. DUQUE DE FERNAN NU\u00d1EZ, 2 1\u00ba &#8211; 28012 MADRID (Madrid). E-mail: datos@agresta.org.<\/p>\n\n<h2 class=\"wp-block-heading\">COOKIES T\u00c9CNICOS E FUNCIONAIS UTILIZADOS NO FORESTMAP<\/h2>\n<figure class=\"wp-block-table\">\r\n   <table>\r\n      <tbody>\r\n         <tr>\r\n            <td><strong>Propriedade<\/strong><\/td>\r\n            <td><strong>Cookie<\/strong><\/td>\r\n            <td><strong>Finalidade<\/strong><\/td>\r\n            <td><strong>Dura\u00e7\u00e3o<\/strong><\/td>\r\n         <\/tr>\r\n         <tr>\r\n            <td>sme.agrestaweb.org<\/td>\r\n            <td>localStorage.logged<\/td>\r\n            <td>Utilizado para detectar se o utilizador j\u00e1 iniciou sess\u00e3o no ForestMap.<\/td>\r\n            <td>Persistente<\/td>\r\n         <\/tr>\r\n         <tr>\r\n            <td>sme.agrestaweb.org<\/td>\r\n            <td>localStorage.ngStorage-lg<\/td>\r\n            <td>Utilizado para armazenar defini\u00e7\u00f5es de idioma do utilizador.<\/td>\r\n            <td>Persistente<\/td>\r\n         <\/tr>\r\n         <tr>\r\n            <td>sme.agrestaweb.org<\/td>\r\n            <td>localStorage.currentUser<\/td>\r\n            <td>Utilizado para armazenar configura\u00e7\u00f5es do utilizador.<\/td>\r\n            <td>Persistente<\/td>\r\n         <\/tr>\r\n         <tr>\r\n            <td>sme.agrestaweb.org<\/td>\r\n            <td>moove_gdpr_popup<\/td>\r\n            <td>Utilizado para armazenar as prefer\u00eancias de cookies dos utilizadores.<\/td>\r\n            <td>1 ano<\/td>\r\n         <\/tr>\r\n      <\/tbody>\r\n   <\/table>\r\n<\/figure>","protected":false},"excerpt":{"rendered":"<p>INFORMA\u00c7\u00c3O SOBRE COOKIES Devido \u00e0 entrada em vigor da altera\u00e7\u00e3o da &#8220;Lei dos Servi\u00e7os da Sociedade da Informa\u00e7\u00e3o&#8221; (LSSICE) estabelecida pelo Decreto Real 13\/2012, \u00e9 obrigat\u00f3rio obter o consentimento expresso do utilizador de todas as p\u00e1ginas web que utilizam cookies dispens\u00e1veis, antes de navegar nelas. O QUE S\u00c3O COOKIES? A utiliza\u00e7\u00e3o destes dispositivos permite ao &#8230; <a title=\"Pol\u00edtica de Cookies\" class=\"read-more\" href=\"https:\/\/forestmap.eu\/pt-pt\/politica-de-cookies\/\" aria-label=\"Mais em Pol\u00edtica de Cookies\">Ler mais<\/a><\/p>\n","protected":false},"author":1,"featured_media":0,"parent":0,"menu_order":0,"comment_status":"closed","ping_status":"closed","template":"","meta":{"footnotes":""},"class_list":{"0":"post-9906","1":"page","2":"type-page","3":"status-publish","5":"no-featured-image-padding"},"_links":{"self":[{"href":"https:\/\/forestmap.eu\/pt-pt\/wp-json\/wp\/v2\/pages\/9906","targetHints":{"allow":["GET"]}}],"collection":[{"href":"https:\/\/forestmap.eu\/pt-pt\/wp-json\/wp\/v2\/pages"}],"about":[{"href":"https:\/\/forestmap.eu\/pt-pt\/wp-json\/wp\/v2\/types\/page"}],"author":[{"embeddable":true,"href":"https:\/\/forestmap.eu\/pt-pt\/wp-json\/wp\/v2\/users\/1"}],"replies":[{"embeddable":true,"href":"https:\/\/forestmap.eu\/pt-pt\/wp-json\/wp\/v2\/comments?post=9906"}],"version-history":[{"count":1,"href":"https:\/\/forestmap.eu\/pt-pt\/wp-json\/wp\/v2\/pages\/9906\/revisions"}],"predecessor-version":[{"id":9907,"href":"https:\/\/forestmap.eu\/pt-pt\/wp-json\/wp\/v2\/pages\/9906\/revisions\/9907"}],"wp:attachment":[{"href":"https:\/\/forestmap.eu\/pt-pt\/wp-json\/wp\/v2\/media?parent=9906"}],"curies":[{"name":"wp","href":"https:\/\/api.w.org\/{rel}","templated":true}]}}