{"id":9910,"date":"2021-07-27T12:16:43","date_gmt":"2021-07-27T12:16:43","guid":{"rendered":"https:\/\/forestmap.eu\/?page_id=9910"},"modified":"2022-07-25T12:12:58","modified_gmt":"2022-07-25T12:12:58","slug":"politica-de-privacidade","status":"publish","type":"page","link":"https:\/\/forestmap.eu\/pt-pt\/politica-de-privacidade\/","title":{"rendered":"Pol\u00edtica de privacidade"},"content":{"rendered":"\n<h2 class=\"wp-block-heading\">1. INFORMA\u00c7\u00c3O DO UTILIZADOR<\/h2>\n\n<h3 class=\"wp-block-heading\">Quem \u00e9 o respons\u00e1vel pelo tratamento dos seus dados pessoais?<\/h3>\n\n<p>Agresta S. Coop \u00e9 a CONTROLADORA dos dados pessoais do USU\u00c1RIO e informa-o que estes dados ser\u00e3o tratados de acordo com as disposi\u00e7\u00f5es do Regulamento (UE) 2016\/679 de 27 de Abril (GDPR) e da Lei Org\u00e2nica 3\/2018 de 5 de Dezembro (LOPDGDD).<\/p>\n\n<h3 class=\"wp-block-heading\">Porqu\u00ea processar os seus dados pessoais?<\/h3>\n\n<p>Para manter uma rela\u00e7\u00e3o comercial com o utilizador. As opera\u00e7\u00f5es de processamento planeadas s\u00e3o:<\/p>\n\n<ul class=\"wp-block-list\"><li>Envio de comunica\u00e7\u00f5es publicit\u00e1rias comerciais por e-mail, fax, SMS, MMS, redes sociais ou por qualquer outro meio electr\u00f3nico ou f\u00edsico, presente ou futuro, que possibilitem a realiza\u00e7\u00e3o de comunica\u00e7\u00f5es comerciais. Estas comunica\u00e7\u00f5es ser\u00e3o feitas pela CONTROLLER e estar\u00e3o relacionadas com os seus produtos e servi\u00e7os, ou com os dos seus parceiros ou fornecedores com os quais tenham chegado a um acordo de promo\u00e7\u00e3o. Neste caso, os terceiros nunca ter\u00e3o acesso aos dados pessoais. <\/li><li>Conduzir estudos de mercado e an\u00e1lises estat\u00edsticas.<\/li><li>Processamento de encomendas, pedidos, resposta a consultas ou qualquer tipo de pedido feito pelo USU\u00c1RIO atrav\u00e9s de qualquer um dos m\u00e9todos de contacto dispon\u00edveis no website da CONTROLLER.<\/li><li>Enviar o boletim informativo online sobre not\u00edcias, ofertas e promo\u00e7\u00f5es na nossa actividade.<\/li><\/ul>\n\n<h3 class=\"wp-block-heading\">Porque \u00e9 que podemos processar os seus dados pessoais?<\/h3>\n\n<p>Porque o processamento \u00e9 legitimado pelo artigo 6 do GDPR como se segue:<\/p>\n\n<ul class=\"wp-block-list\"><li>No leg\u00edtimo interesse da CONTROLLER: realizar estudos de mercado, an\u00e1lises estat\u00edsticas, etc. e processar encomendas, pedidos, etc. a pedido do USU\u00c1RIO.<\/li><li>No leg\u00edtimo interesse da CONTROLLER: realizar estudos de mercado, an\u00e1lises estat\u00edsticas, etc. e processar encomendas, pedidos, etc. a pedido do USU\u00c1RIO.<\/li><\/ul>\n\n<h3 class=\"wp-block-heading\">Durante quanto tempo vamos manter os seus dados pessoais?<\/h3>\n\n<p>Os dados n\u00e3o ser\u00e3o conservados por mais tempo do que o necess\u00e1rio para manter a finalidade do tratamento ou enquanto houver prescri\u00e7\u00f5es legais que ditam a sua cust\u00f3dia, e quando tal finalidade j\u00e1 n\u00e3o for necess\u00e1ria, os dados ser\u00e3o apagados com medidas de seguran\u00e7a adequadas para assegurar a anonimiza\u00e7\u00e3o dos dados ou a sua destrui\u00e7\u00e3o completa. <\/p>\n\n<h3 class=\"wp-block-heading\">\u00bfA quem revelamos os seus dados pessoais?<\/h3>\n\n<p>N\u00e3o est\u00e1 prevista a comunica\u00e7\u00e3o de dados pessoais a terceiros excepto, se necess\u00e1rio para o desenvolvimento e execu\u00e7\u00e3o dos fins do tratamento, aos nossos fornecedores de servi\u00e7os relacionados com as comunica\u00e7\u00f5es, com os quais a CONTROLLER assinou os contratos de confidencialidade e processamento de dados exigidos pelos regulamentos de privacidade em vigor.<\/p>\n\n<h4 class=\"wp-block-heading\">Stripe, Inc.<\/h4>\n\n<p>No ForestMap utilizamos o Stripe payment gateway para a gest\u00e3o de pagamentos. A Stripe oferece servi\u00e7os que permitem a plataformas e comerciantes operar neg\u00f3cios e realizar transac\u00e7\u00f5es seguras de pagamento em linha. No caso de colocar uma ordem de pagamento atrav\u00e9s de ForestMap, os dados fornecidos ser\u00e3o transferidos para Stripe com a \u00fanica finalidade de processar a sua encomenda. Pode encontrar mais informa\u00e7\u00f5es na <a href=\"https:\/\/stripe.com\/en-es\/privacy\">pol\u00edtica de privacidade da Stripe<\/a>.<\/p>\n\n<h3 class=\"wp-block-heading\">Quais s\u00e3o os seus direitos?<\/h3>\n\n<p>Os direitos do USER s\u00e3o:<\/p>\n\n<ul class=\"wp-block-list\"><li>Direito de retirar o consentimento em qualquer momento.<\/li><li>Direito de acesso, rectifica\u00e7\u00e3o, portabilidade e elimina\u00e7\u00e3o dos seus dados, e de limitar ou opor-se ao seu tratamento.<\/li><li>O direito de apresentar uma reclama\u00e7\u00e3o junto da Autoridade de Supervis\u00e3o Espanhola (www.aepd.es) se considerar que o processamento n\u00e3o cumpre a legisla\u00e7\u00e3o actual.<\/li><\/ul>\n\n<h3 class=\"wp-block-heading\">Informa\u00e7\u00f5es de contacto para o exerc\u00edcio dos direitos:<\/h3>\n\n<p>Agresta S. Coop. DUQUE DE FERNAN NU\u00d1EZ,, 2 1\u00ba &#8211; 28012 MADRID (Madrid). E-mail: datos@agresta.org<\/p>\n\n<h2 class=\"wp-block-heading\">2. NATUREZA OBRIGAT\u00d3RIA OU FACULTATIVA DAS INFORMA\u00c7\u00d5ES FORNECIDAS PELO UTILIZADOR<\/h2>\n\n<p>Os USU\u00c1RIOS, marcando as caixas correspondentes e introduzindo os dados nos campos, marcados com um asterisco (*) no formul\u00e1rio de contacto ou nos formul\u00e1rios de download, aceitam expressamente e de forma gratuita e inequ\u00edvoca que os seus dados s\u00e3o necess\u00e1rios para que o fornecedor possa satisfazer o seu pedido, fornecendo voluntariamente os seus dados nos restantes campos. O USU\u00c1RIO garante que os dados pessoais fornecidos \u00e0 CONTROLLER s\u00e3o verdadeiros e \u00e9 respons\u00e1vel pela comunica\u00e7\u00e3o de quaisquer altera\u00e7\u00f5es aos mesmos.<\/p>\n\n<p>A CONTROLLER informa que todos os dados solicitados atrav\u00e9s do website s\u00e3o obrigat\u00f3rios, uma vez que s\u00e3o necess\u00e1rios para a presta\u00e7\u00e3o de um servi\u00e7o \u00f3ptimo ao USU\u00c1RIO. Caso n\u00e3o sejam fornecidos todos os dados, n\u00e3o h\u00e1 garantia de que as informa\u00e7\u00f5es e servi\u00e7os fornecidos sejam completamente adaptados \u00e0s necessidades do Utilizador.<\/p>\n\n<h2 class=\"wp-block-heading\">3. MEDIDAS DE SEGURAN\u00c7A<\/h2>\n\n<p>Que, em conformidade com as disposi\u00e7\u00f5es da regulamenta\u00e7\u00e3o em vigor sobre a protec\u00e7\u00e3o de dados pessoais, a CONTROLLER cumpre todas as disposi\u00e7\u00f5es da GDPR e da LOPDGDD para o tratamento dos dados pessoais pelos quais s\u00e3o respons\u00e1veis, e est\u00e1 a cumprir manifestamente os princ\u00edpios descritos no artigo 5\u00ba da GDPR, pelos quais s\u00e3o tratados de forma l\u00edcita, justa e transparente em rela\u00e7\u00e3o \u00e0 pessoa em causa e adequada, relevante e limitada ao necess\u00e1rio em rela\u00e7\u00e3o \u00e0s finalidades para as quais s\u00e3o tratados.<\/p>\n\n<p>Para mais informa\u00e7\u00f5es sobre as garantias de privacidade, pode contactar a CONTROLLER atrav\u00e9s da Agresta S. Coop. DUQUE DE FERNAN NU\u00d1EZ, 2 1\u00ba &#8211; 28012 MADRID (Madrid). E-mail: datos@agresta.org<\/p>\n","protected":false},"excerpt":{"rendered":"<p>1. INFORMA\u00c7\u00c3O DO UTILIZADOR Quem \u00e9 o respons\u00e1vel pelo tratamento dos seus dados pessoais? Agresta S. Coop \u00e9 a CONTROLADORA dos dados pessoais do USU\u00c1RIO e informa-o que estes dados ser\u00e3o tratados de acordo com as disposi\u00e7\u00f5es do Regulamento (UE) 2016\/679 de 27 de Abril (GDPR) e da Lei Org\u00e2nica 3\/2018 de 5 de Dezembro &#8230; <a title=\"Pol\u00edtica de privacidade\" class=\"read-more\" href=\"https:\/\/forestmap.eu\/pt-pt\/politica-de-privacidade\/\" aria-label=\"Mais em Pol\u00edtica de privacidade\">Ler mais<\/a><\/p>\n","protected":false},"author":1,"featured_media":0,"parent":0,"menu_order":0,"comment_status":"closed","ping_status":"closed","template":"","meta":{"footnotes":""},"class_list":{"0":"post-9910","1":"page","2":"type-page","3":"status-publish","5":"no-featured-image-padding"},"_links":{"self":[{"href":"https:\/\/forestmap.eu\/pt-pt\/wp-json\/wp\/v2\/pages\/9910","targetHints":{"allow":["GET"]}}],"collection":[{"href":"https:\/\/forestmap.eu\/pt-pt\/wp-json\/wp\/v2\/pages"}],"about":[{"href":"https:\/\/forestmap.eu\/pt-pt\/wp-json\/wp\/v2\/types\/page"}],"author":[{"embeddable":true,"href":"https:\/\/forestmap.eu\/pt-pt\/wp-json\/wp\/v2\/users\/1"}],"replies":[{"embeddable":true,"href":"https:\/\/forestmap.eu\/pt-pt\/wp-json\/wp\/v2\/comments?post=9910"}],"version-history":[{"count":2,"href":"https:\/\/forestmap.eu\/pt-pt\/wp-json\/wp\/v2\/pages\/9910\/revisions"}],"predecessor-version":[{"id":9969,"href":"https:\/\/forestmap.eu\/pt-pt\/wp-json\/wp\/v2\/pages\/9910\/revisions\/9969"}],"wp:attachment":[{"href":"https:\/\/forestmap.eu\/pt-pt\/wp-json\/wp\/v2\/media?parent=9910"}],"curies":[{"name":"wp","href":"https:\/\/api.w.org\/{rel}","templated":true}]}}