{"id":9932,"date":"2021-07-26T13:11:07","date_gmt":"2021-07-26T13:11:07","guid":{"rendered":"https:\/\/forestmap.eu\/?page_id=9932"},"modified":"2022-07-23T16:21:07","modified_gmt":"2022-07-23T16:21:07","slug":"stopite-v-stik-z-nami","status":"publish","type":"page","link":"https:\/\/forestmap.eu\/sl\/stopite-v-stik-z-nami\/","title":{"rendered":"Stopite v stik z nami"},"content":{"rendered":"\n<p>\u010ce \u017eelite ve\u010d informacij ali zahtevati predstavitev programa Forestmap, uporabite spodnji obrazec:<\/p>\n\n\n\n<div class=\"wpcf7 no-js\" id=\"wpcf7-f9934-o1\" lang=\"es-ES\" dir=\"ltr\">\n<div class=\"screen-reader-response\"><p role=\"status\" aria-live=\"polite\" aria-atomic=\"true\"><\/p> <ul><\/ul><\/div>\n<form action=\"\/sl\/wp-json\/wp\/v2\/pages\/9932#wpcf7-f9934-o1\" method=\"post\" class=\"wpcf7-form init\" aria-label=\"Formulario de contacto\" novalidate=\"novalidate\" data-status=\"init\">\n<div style=\"display: none;\">\n<input type=\"hidden\" name=\"_wpcf7\" value=\"9934\" \/>\n<input type=\"hidden\" name=\"_wpcf7_version\" value=\"5.7.5.1\" \/>\n<input type=\"hidden\" name=\"_wpcf7_locale\" value=\"es_ES\" \/>\n<input type=\"hidden\" name=\"_wpcf7_unit_tag\" value=\"wpcf7-f9934-o1\" \/>\n<input type=\"hidden\" name=\"_wpcf7_container_post\" value=\"0\" \/>\n<input type=\"hidden\" name=\"_wpcf7_posted_data_hash\" value=\"\" \/>\n<input type=\"hidden\" name=\"_wpcf7_recaptcha_response\" value=\"\" \/>\n<\/div>\n<div class=\"cf-container\">\n\t<div class=\"cf-col-1\">\n\t\t<p>Ime<span style=\"color:red\"> *<span><\/span><\/span>\n\t\t<\/p>\n\t<\/div>\n\t<div class=\"cf-col-2\">\n\t\t<p><span class=\"wpcf7-form-control-wrap\" data-name=\"your-name\"><input size=\"40\" class=\"wpcf7-form-control wpcf7-text wpcf7-validates-as-required\" aria-required=\"true\" aria-invalid=\"false\" value=\"\" type=\"text\" name=\"your-name\" \/><\/span>\n\t\t<\/p>\n\t<\/div>\n\t<div class=\"cf-col-3\">\n\t\t<p>E-po\u0161tni naslov <span style=\"color:red\">*<span><\/span><\/span>\n\t\t<\/p>\n\t<\/div>\n\t<div class=\"cf-col-4\">\n\t\t<p><span class=\"wpcf7-form-control-wrap\" data-name=\"your-email\"><input size=\"40\" class=\"wpcf7-form-control wpcf7-text wpcf7-email wpcf7-validates-as-required wpcf7-validates-as-email\" aria-required=\"true\" aria-invalid=\"false\" value=\"\" type=\"email\" name=\"your-email\" \/><\/span>\n\t\t<\/p>\n\t<\/div>\n\t<div class=\"cf-col-5\">\n\t\t<p>Zadeva\n\t\t<\/p>\n\t<\/div>\n\t<div class=\"cf-col-6\">\n\t\t<p><span class=\"wpcf7-form-control-wrap\" data-name=\"your-subject\"><input size=\"40\" class=\"wpcf7-form-control wpcf7-text wpcf7-validates-as-required\" aria-required=\"true\" aria-invalid=\"false\" value=\"\" type=\"text\" name=\"your-subject\" \/><\/span>\n\t\t<\/p>\n\t<\/div>\n\t<div class=\"cf-col-7\">\n\t\t<p>Sporo\u010dilo<span style=\"color:red\">*<span><\/span><\/span>\n\t\t<\/p>\n\t<\/div>\n\t<div class=\"cf-col-8\">\n\t\t<p><span class=\"wpcf7-form-control-wrap\" data-name=\"your-message\"><textarea cols=\"40\" rows=\"10\" class=\"wpcf7-form-control wpcf7-textarea wpcf7-validates-as-required\" aria-required=\"true\" aria-invalid=\"false\" name=\"your-message\"><\/textarea><\/span>\n\t\t<\/p>\n\t<\/div>\n\t<div class=\"cf-col-9\">\n\t\t<p><span class=\"wpcf7-form-control-wrap\" data-name=\"acceptance-501\"><span class=\"wpcf7-form-control wpcf7-acceptance\"><span class=\"wpcf7-list-item\"><input type=\"checkbox\" name=\"acceptance-501\" value=\"1\" aria-invalid=\"false\" \/><\/span><\/span><\/span> Sprejemam <a href=\"https:\/\/forestmap.eu\/sl\/politika-prijaznosti\/\" target=\"_blank\" style=\"font-size:19px;color:#597722 !important;\">politika zasebnosti<\/a>.\n\t\t<\/p>\n\t<\/div>\n\t<p><button class=\"green-round gr\">Po\u0161lji<\/button>\n\t<\/p>\n<\/div><div class=\"wpcf7-response-output\" aria-hidden=\"true\"><\/div>\n<\/form>\n<\/div>\n\n\n\n<div id=\"contact-form-rgpd-info\"><p>Agresta S. Coop je odgovorna za obdelavo osebnih podatkov uporabnika in vas obve\u0161\u010da, da bodo ti podatki obdelani v skladu z dolo\u010dbami Uredbe (EU) 2016\/679 z dne 27. aprila 2016 (GDPR) in organskega zakona 3\/2018 z dne 5. decembra (LOPDGDD), za kar so vam na voljo naslednje informacije o obdelavi:<\/p><ul><li><strong>Cilji obdelave:<\/strong> Obdelava naro\u010dil, zahtevkov ali katere koli vrste zahtevkov, ki jih uporabnik odda prek katere koli oblike stika, ki je na voljo.<\/li><li><strong>Pravna podlaga:<\/strong> Za legitimni interes odgovorne osebe: vzdr\u017eevanje poslovnega odnosa. S soglasjem zainteresirane osebe: po\u0161iljanje sporo\u010dil o izdelkih ali storitvah.<\/li><li><strong>Merila za hrambo podatkov:<\/strong> Podatki se bodo hranili, dokler bo obstajal obojestranski interes za ohranitev namena obdelave, in ko za ta namen ne bodo ve\u010d potrebni, bodo izbrisani z ustreznimi varnostnimi ukrepi za zagotovitev psevdonimizacije podatkov ali popolnega uni\u010denja podatkov.<\/li><li><strong>Posredovanje podatkov:<\/strong> Podatki ne bodo posredovani tretjim osebam, razen \u010de je to zakonsko obvezno.<\/li><li><strong>Mednarodni prenosi podatkov:<\/strong> Ne izvajajo se.<\/li><li><strong>Pravice uporabnika:<\/strong> Pravica do preklica privolitve kadar koli. Pravica do dostopa, popravka, prenosljivosti in izbrisa podatkov ter do omejitve ali nasprotovanja obdelavi podatkov. Pravica do vlo\u017eitve prito\u017ebe pri nadzornem organu (aepd.es), \u010de menite, da obdelava ni v skladu z veljavnimi predpisi.<\/li><\/ul><p>Kontaktni podatki za uveljavljanje va\u0161ih pravic: FERNAN NU\u00d1EZ, 2 1\u00ba - 28012 MADRID (Madrid). E-naslov: datos@agresta.org<\/p><\/div>\n","protected":false},"excerpt":{"rendered":"<p>\u010ce \u017eelite ve\u010d informacij ali zahtevati predstavitev programa Forestmap, uporabite spodnji obrazec:<\/p>\n","protected":false},"author":1,"featured_media":0,"parent":0,"menu_order":0,"comment_status":"closed","ping_status":"closed","template":"","meta":{"footnotes":""},"class_list":{"0":"post-9932","1":"page","2":"type-page","3":"status-publish","5":"no-featured-image-padding"},"_links":{"self":[{"href":"https:\/\/forestmap.eu\/sl\/wp-json\/wp\/v2\/pages\/9932","targetHints":{"allow":["GET"]}}],"collection":[{"href":"https:\/\/forestmap.eu\/sl\/wp-json\/wp\/v2\/pages"}],"about":[{"href":"https:\/\/forestmap.eu\/sl\/wp-json\/wp\/v2\/types\/page"}],"author":[{"embeddable":true,"href":"https:\/\/forestmap.eu\/sl\/wp-json\/wp\/v2\/users\/1"}],"replies":[{"embeddable":true,"href":"https:\/\/forestmap.eu\/sl\/wp-json\/wp\/v2\/comments?post=9932"}],"version-history":[{"count":2,"href":"https:\/\/forestmap.eu\/sl\/wp-json\/wp\/v2\/pages\/9932\/revisions"}],"predecessor-version":[{"id":9935,"href":"https:\/\/forestmap.eu\/sl\/wp-json\/wp\/v2\/pages\/9932\/revisions\/9935"}],"wp:attachment":[{"href":"https:\/\/forestmap.eu\/sl\/wp-json\/wp\/v2\/media?parent=9932"}],"curies":[{"name":"wp","href":"https:\/\/api.w.org\/{rel}","templated":true}]}}