{"id":9936,"date":"2021-07-27T12:16:13","date_gmt":"2021-07-27T12:16:13","guid":{"rendered":"https:\/\/forestmap.eu\/?page_id=9936"},"modified":"2022-07-25T10:00:30","modified_gmt":"2022-07-25T10:00:30","slug":"pravilnik-o-piskotkih","status":"publish","type":"page","link":"https:\/\/forestmap.eu\/sl\/pravilnik-o-piskotkih\/","title":{"rendered":"Pravilnik o pi\u0161kotkih"},"content":{"rendered":"\n<h2 class=\"wp-block-heading\">Pravilnik o pi\u0161kotkih<\/h2>\n\n<p>Zaradi za\u010detka veljavnosti spremembe &#8220;Zakona o storitvah informacijske dru\u017ebe&#8221; (LSSICE), ki je bil sprejet s kraljevim odlokom 13\/2012, je treba pred brskanjem po vseh spletnih straneh, na katerih se uporabljajo pi\u0161kotki, pridobiti izrecno soglasje uporabnika.<\/p>\n\n<h2 class=\"wp-block-heading\">KAJ SO PI\u0160KOTKI?<\/h2>\n\n<p>Uporaba teh naprav omogo\u010da spletnemu stre\u017eniku, da si zapomni nekatere podatke o uporabniku, kot so va\u0161e nastavitve za ogled strani tega stre\u017enika, ime in geslo, izdelki, ki vas najbolj zanimajo, itd.<\/p>\n\n<h2 class=\"wp-block-heading\">PI\u0160KOTKI, NA KATERE VPLIVA UREDBA, IN IZVZETI PI\u0160KOTKI<\/h2>\n\n<p>V skladu z direktivo EU so pi\u0161kotki, za katere je potrebna informirana privolitev uporabnika, analiti\u010dni pi\u0161kotki ter ogla\u0161evalski in povezovalni pi\u0161kotki, razen tehni\u010dnih pi\u0161kotkov in pi\u0161kotkov, ki so potrebni za delovanje spletnega mesta ali zagotavljanje storitev, ki jih uporabnik izrecno zahteva.<\/p>\n\n<h2 class=\"wp-block-heading\">VRSTE PI\u0160KOTKOV<\/h2>\n\n<h3 class=\"wp-block-heading\">V SKLADU Z NAMENOM<\/h3>\n\n<p>Tehni\u010dni in funkcionalni pi\u0161kotki: so tisti, ki uporabniku omogo\u010dajo navigacijo po spletni strani, platformi ali aplikaciji in uporabo razli\u010dnih mo\u017enosti ali storitev, ki so na njej na voljo.<\/p>\n\n<p>Analiti\u010dni pi\u0161kotki: to so pi\u0161kotki, ki odgovorni osebi omogo\u010dajo spremljanje in analizo vedenja uporabnikov spletnih mest, s katerimi so povezani. Informacije, zbrane s to vrsto pi\u0161kotkov, se uporabljajo za merjenje dejavnosti spletnih mest, aplikacij ali platform ter za izdelavo profilov brskanja uporabnikov teh spletnih mest, aplikacij in platform, da bi uvedli izbolj\u0161ave na podlagi analize podatkov o uporabi uporabnikov storitve.<\/p>\n\n<p>Ogla\u0161evalski pi\u0161kotki: so pi\u0161kotki, ki omogo\u010dajo naju\u010dinkovitej\u0161e upravljanje oglasnih prostorov, ki jih je zalo\u017enik po potrebi vklju\u010dil na spletno mesto, aplikacijo ali platformo, s katere zagotavlja zahtevano storitev, na podlagi meril, kot so urejena vsebina ali pogostost prikazovanja oglasov.<\/p>\n\n<p>Vedenjski ogla\u0161evalski pi\u0161kotki: ti pi\u0161kotki zbirajo informacije o uporabnikovih \u017eeljah in osebnih izbirah (retargeting), da bi omogo\u010dili \u010dim bolj u\u010dinkovito upravljanje oglasnih povr\u0161in, ki jih je zalo\u017enik po potrebi vklju\u010dil na spletno stran, aplikacijo ali platformo, s katere zagotavlja zahtevano storitev.<\/p>\n\n<p>Pi\u0161kotki dru\u017eabnih omre\u017eij: te pi\u0161kotke namestijo platforme dru\u017eabnih omre\u017eij v storitvah, da vam omogo\u010dijo deljenje vsebine z va\u0161imi prijatelji in omre\u017eji. Platforme dru\u017ebenih medijev lahko sledijo va\u0161i spletni dejavnosti zunaj storitev. To lahko vpliva na vsebino in sporo\u010dila, ki jih vidite v drugih storitvah, ki jih obi\u0161\u010dete.<\/p>\n\n<p>Partnerski pi\u0161kotki: omogo\u010dajo sledenje obiskom z drugih spletnih mest, s katerimi ima spletno mesto sklenjeno pogodbo o sodelovanju (partnerska podjetja).<\/p>\n\n<p>Varnostni pi\u0161kotki: shranjujejo \u0161ifrirane informacije, ki prepre\u010dujejo, da bi bili v njih shranjeni podatki izpostavljeni zlonamernim napadom tretjih oseb.<\/p>\n\n<h3 class=\"wp-block-heading\">GLEDE NA LASTNOST<\/h3>\n\n<p>Lastni pi\u0161kotki: pi\u0161kotki, ki so poslani na uporabnikovo terminalsko opremo iz ra\u010dunalnika ali domene, ki jo upravlja urednik sam in iz katere se izvaja storitev, ki jo je zahteval uporabnik.<\/p>\n\n<p>Pi\u0161kotki tretjih oseb: pi\u0161kotki, ki so poslani na uporabnikovo terminalsko opremo iz ra\u010dunalnika ali domene, ki je ne upravlja urednik, temve\u010d drug subjekt, ki obdeluje podatke, pridobljene s pi\u0161kotki.<\/p>\n\n<h3 class=\"wp-block-heading\">GLEDE NA TRAJANJE<\/h3>\n\n<p>Sejni pi\u0161kotki: gre za vrsto pi\u0161kotkov, ki so namenjeni zbiranju in shranjevanju podatkov, medtem ko uporabnik dostopa do spletne strani.<\/p>\n\n<p>Trajni pi\u0161kotki: gre za vrsto pi\u0161kotkov, pri katerih podatki ostanejo shranjeni v terminalu ter so dostopni in obdelani za obdobje, ki ga dolo\u010di stranka, odgovorna za pi\u0161kotek, in ki lahko traja od nekaj minut do ve\u010d let.<\/p>\n\n<h2 class=\"wp-block-heading\">OBDELAVA OSEBNIH PODATKOV<\/h2>\n\n<p>Agresta S. Coop je upravljavec osebnih podatkov posameznika, na katerega se nana\u0161ajo osebni podatki, in vas obve\u0161\u010da, da bodo ti podatki obdelani v skladu z dolo\u010dbami Uredbe (EU) 2016\/679 z dne 27. aprila 2016 (GDPR), za kar so vam na voljo naslednje informacije o obdelavi:<\/p>\n\n<ul class=\"wp-block-list\"><li>Nameni obdelave: kot je dolo\u010deno v razdelku o pi\u0161kotkih, ki se uporabljajo na tem spletnem mestu.<\/li><li>Zakonitost obdelave: s privolitvijo posameznika, na katerega se nana\u0161ajo osebni podatki (\u010dlen 6.1 GDPR).<\/li><li>Merila za hrambo podatkov: kot je dolo\u010deno v razdelku o pi\u0161kotkih, ki se uporabljajo na spletnem mestu.<\/li><li>Sporo\u010danje podatkov: podatki ne bodo posredovani tretjim osebam, razen v pi\u0161kotkih, ki so v lasti tretjih oseb, ali na podlagi zakonske obveznosti.<\/li><\/ul>\n\n<p>Pravice posameznika, na katerega se nana\u0161ajo osebni podatki:<\/p>\n\n<ul class=\"wp-block-list\"><li>Pravica do preklica privolitve kadar koli.<\/li><li>Pravica do dostopa, popravka, prenosljivosti in izbrisa svojih podatkov ter do omejitve ali nasprotovanja njihovi obdelavi.<\/li><li>Pravica do vlo\u017eitve prito\u017ebe pri nadzornem organu (www.aepd.es), \u010de meni, da obdelava ni v skladu z veljavnimi predpisi.<\/li><\/ul>\n\n<p>Kontaktni podatki za uveljavljanje va\u0161ih pravic: Agresta S. Coop. DUQUE DE FERNAN NU\u00d1EZ, 2 1\u00ba &#8211; 28012 MADRID (Madrid). E-naslov: datos@agresta.org.<\/p>\n\n<h2 class=\"wp-block-heading\">TEHNI\u010cNI IN FUNKCIONALNI PI\u0160KOTKI, KI SE UPORABLJAJO V STORITVI FORESTMAP<\/h2>\n<figure class=\"wp-block-table\">\r\n   <table>\r\n      <tbody>\r\n         <tr>\r\n            <td><strong>Lastnina<\/strong><\/td>\r\n            <td><strong>Pi\u0161kotki<\/strong><\/td>\r\n            <td><strong>Namen<\/strong><\/td>\r\n            <td><strong>Trajanje<\/strong><\/td>\r\n         <\/tr>\r\n         <tr>\r\n            <td>sme.agrestaweb.org<\/td>\r\n            <td>localStorage.logged<\/td>\r\n            <td>Uporablja se za ugotavljanje, ali je uporabnik \u017ee prijavljen v ForestMap.<\/td>\r\n            <td>Trajni<\/td>\r\n         <\/tr>\r\n         <tr>\r\n            <td>sme.agrestaweb.org<\/td>\r\n            <td>localStorage.ngStorage-lg<\/td>\r\n            <td>Used to store user language settings.<\/td>\r\n            <td>Trajni<\/td>\r\n         <\/tr>\r\n         <tr>\r\n            <td>sme.agrestaweb.org<\/td>\r\n            <td>localStorage.currentUser<\/td>\r\n            <td>Uporablja se za shranjevanje uporabni\u0161kih nastavitev.<\/td>\r\n            <td>Trajni<\/td>\r\n         <\/tr>\r\n         <tr>\r\n            <td>sme.agrestaweb.org<\/td>\r\n            <td>moove_gdpr_popup<\/td>\r\n            <td>Uporablja se za shranjevanje uporabnikovih nastavitev pi\u0161kotkov.<\/td>\r\n            <td>1 leto<\/td>\r\n         <\/tr>\r\n      <\/tbody>\r\n   <\/table>\r\n<\/figure>","protected":false},"excerpt":{"rendered":"<p>Pravilnik o pi\u0161kotkih Zaradi za\u010detka veljavnosti spremembe &#8220;Zakona o storitvah informacijske dru\u017ebe&#8221; (LSSICE), ki je bil sprejet s kraljevim odlokom 13\/2012, je treba pred brskanjem po vseh spletnih straneh, na katerih se uporabljajo pi\u0161kotki, pridobiti izrecno soglasje uporabnika. KAJ SO PI\u0160KOTKI? Uporaba teh naprav omogo\u010da spletnemu stre\u017eniku, da si zapomni nekatere podatke o uporabniku, kot &#8230; <a title=\"Pravilnik o pi\u0161kotkih\" class=\"read-more\" href=\"https:\/\/forestmap.eu\/sl\/pravilnik-o-piskotkih\/\" aria-label=\"More on Pravilnik o pi\u0161kotkih\">Read more<\/a><\/p>\n","protected":false},"author":1,"featured_media":0,"parent":0,"menu_order":0,"comment_status":"closed","ping_status":"closed","template":"","meta":{"footnotes":""},"class_list":{"0":"post-9936","1":"page","2":"type-page","3":"status-publish","5":"no-featured-image-padding"},"_links":{"self":[{"href":"https:\/\/forestmap.eu\/sl\/wp-json\/wp\/v2\/pages\/9936","targetHints":{"allow":["GET"]}}],"collection":[{"href":"https:\/\/forestmap.eu\/sl\/wp-json\/wp\/v2\/pages"}],"about":[{"href":"https:\/\/forestmap.eu\/sl\/wp-json\/wp\/v2\/types\/page"}],"author":[{"embeddable":true,"href":"https:\/\/forestmap.eu\/sl\/wp-json\/wp\/v2\/users\/1"}],"replies":[{"embeddable":true,"href":"https:\/\/forestmap.eu\/sl\/wp-json\/wp\/v2\/comments?post=9936"}],"version-history":[{"count":1,"href":"https:\/\/forestmap.eu\/sl\/wp-json\/wp\/v2\/pages\/9936\/revisions"}],"predecessor-version":[{"id":9937,"href":"https:\/\/forestmap.eu\/sl\/wp-json\/wp\/v2\/pages\/9936\/revisions\/9937"}],"wp:attachment":[{"href":"https:\/\/forestmap.eu\/sl\/wp-json\/wp\/v2\/media?parent=9936"}],"curies":[{"name":"wp","href":"https:\/\/api.w.org\/{rel}","templated":true}]}}