{"id":9938,"date":"2021-07-27T12:15:24","date_gmt":"2021-07-27T12:15:24","guid":{"rendered":"https:\/\/forestmap.eu\/?page_id=9938"},"modified":"2022-07-25T10:00:53","modified_gmt":"2022-07-25T10:00:53","slug":"pravno-obvestilo","status":"publish","type":"page","link":"https:\/\/forestmap.eu\/sl\/pravno-obvestilo\/","title":{"rendered":"Pravno obvestilo"},"content":{"rendered":"\n<h2 class=\"wp-block-heading\"> ZAKON O STORITVAH INFORMACIJSKE DRU\u017dBE (LSSI)<\/h2>\n\n<p>Agresta S. Coop, oseba, odgovorna za spletno stran, v nadaljevanju UPRAVLJAVEC, daje uporabnikom na voljo ta dokument, ki je namenjen izpolnjevanju obveznosti, dolo\u010denih v Zakonu 34\/2002 z dne 11. julija o informacijski dru\u017ebi in storitvah elektronskega trgovanja (LSSICE), Uradni list \u0161t. 166, ter obve\u0161\u010danju vseh uporabnikov spletne strani o pogojih uporabe.<\/p>\n\n<p>Vsaka oseba, ki dostopa do tega spletnega mesta, pridobi status uporabnika in se kot taka zave\u017ee, da bo dosledno spo\u0161tovala in upo\u0161tevala tukaj navedene dolo\u010dbe, pa tudi vse druge veljavne pravne dolo\u010dbe. <\/p>\n\n<p>Agresta S. Coop si pridr\u017euje pravico do spremembe katere koli vrste informacij, ki se lahko pojavijo na spletnem mestu, in ni dol\u017ena predhodno obvestiti ali obvestiti uporabnikov o teh obveznostih, pri \u010demer se objava na spletnem mestu Agresta S. Coop razume kot zadostna.<\/p>\n\n<h2 class=\"wp-block-heading\"> 1. IDENTIFIKACIJSKI PODATKI<\/h2>\n\n<ul class=\"wp-block-list\"><li>Ime domene: agresta.org<\/li><li>Poslovno ime: Agresta S. Coop. Mad<\/li><li>Ime podjetja: Agresta S. Coop<\/li><li>TIN: F82718131<\/li><li>Naslov sede\u017ea: C\/ Duque de Fern\u00e1n N\u00fa\u00f1ez, 2 1, 28012 MADRID (MADRID)<\/li><li>Telefon: 913 540 213<\/li><li>E-naslov: agresta@agresta.org<\/li><li>Register zadrug skupnosti Madrid pod \u0161t. 28\/CM-3337, zvezek 23, folio 3373.<\/li><\/ul>\n\n<h2 class=\"wp-block-heading\">2. PRAVICE INTELEKTUALNE IN INDUSTRIJSKE LASTNINE<\/h2>\n\n<p>Spletno mesto, vklju\u010dno z njegovim programiranjem, urejanjem, sestavljanjem in drugimi elementi, potrebnimi za njegovo delovanje, dizajni, logotipi, besedilom in\/ali grafiko, je v lasti UPORABNIKA ali, \u010de je primerno, ima izrecno licenco ali izrecno pooblastilo avtorjev. Vse vsebine spletnega mesta so ustrezno za\u0161\u010ditene z zakoni o intelektualni in industrijski lastnini in so vpisane v ustrezne javne registre. <\/p>\n\n<p>Ne glede na namen je za celotno ali delno razmno\u017eevanje, uporabo, izkori\u0161\u010danje, distribucijo in komercializacijo v vsakem primeru potrebno predhodno pisno dovoljenje IZVAJALCA. Vsaka nepoobla\u0161\u010dena uporaba se \u0161teje za resno kr\u0161itev avtorjevih pravic intelektualne ali industrijske lastnine.<\/p>\n\n<p>Modeli, logotipi, besedila in\/ali grafike, ki niso v lasti IZVAJALCA in se lahko pojavijo na spletnem mestu, so v lasti njihovih lastnikov, ki so odgovorni za vse morebitne spore, ki bi lahko nastali v zvezi z njimi. UPORABNIK izrecno dovoljuje tretjim osebam, da preusmerijo na dolo\u010deno vsebino spletnega mesta in v vsakem primeru preusmerijo na glavno spletno mesto agresta.org. <\/p>\n\n<p>UPORABNIK priznava ustrezne pravice intelektualne in industrijske lastnine v korist njihovih lastnikov in vsaka omemba ali pojavitev na spletni strani ne pomeni, da ima nad njimi kakr\u0161ne koli pravice ali odgovornost, niti ne pomeni, da jih spletna stran podpira, sponzorira ali priporo\u010da. Pripombe v zvezi z morebitnimi kr\u0161itvami pravic intelektualne ali industrijske lastnine ter v zvezi z vsebino spletnega mesta lahko po\u0161ljete na naslov agresta@agresta.org.<\/p>\n\n<h2 class=\"wp-block-heading\">3. OPROSTITEV ODGOVORNOSTI<\/h2>\n\n<p>IZVAJALEC je opro\u0161\u010den vseh vrst odgovornosti, ki izhajajo iz informacij, objavljenih na njegovi spletni strani, \u010de je te informacije priredila ali vnesla tretja oseba, ki ni povezana z IZVAJALCEM.<\/p>\n\n<h3 class=\"wp-block-heading\">Uporaba pi\u0161kotkov<\/h3>\n\n<p>To spletno mesto uporablja tehni\u010dne pi\u0161kotke (majhne datoteke z informacijami, ki jih stre\u017enik po\u0161lje v ra\u010dunalnik uporabnika spletnega mesta) za izvajanje nekaterih funkcij, ki so potrebne za pravilno delovanje in predogled spletnega mesta. V vsakem primeru so uporabljeni pi\u0161kotki za\u010dasni, namenjeni izklju\u010dno u\u010dinkovitej\u0161i navigaciji po spletnem mestu, in izginejo ob koncu uporabnikove seje. V nobenem primeru ti pi\u0161kotki sami po sebi ne zagotavljajo osebnih podatkov in se ne bodo uporabljali za zbiranje takih podatkov.<\/p>\n\n<p>Z uporabo pi\u0161kotkov lahko stre\u017enik, na katerem se nahaja spletna stran, prepozna tudi brskalnik, ki ga uporablja uporabnik, da bi olaj\u0161al navigacijo in na primer uporabnikom, ki so se predhodno registrirali, omogo\u010dil dostop do obmo\u010dij, storitev, promocij ali nate\u010dajev, ki so namenjeni izklju\u010dno njim, ne da bi se jim bilo treba registrirati ob vsakem obisku. Uporabljajo se lahko tudi za merjenje ob\u010dinstva ali parametrov prometa, spremljanje napredka in \u0161tevila prijav itd. V teh primerih so uporabljeni pi\u0161kotki tehni\u010dno nebistveni, vendar koristni za uporabnika. To spletno mesto ne bo namestilo nebistvenih pi\u0161kotkov brez predhodnega soglasja uporabnika.<\/p>\n\n<p>Uporabnik lahko brskalnik nastavi tako, da ga opozori na prejemanje pi\u0161kotkov in prepre\u010di njihovo namestitev v svoj ra\u010dunalnik. Za dodatne informacije se obrnite na navodila svojega brskalnika.<\/p>\n\n<h3 class=\"wp-block-heading\">Politika povezav<\/h3>\n\n<p>Uporabnik tega spletnega mesta je lahko preusmerjen na vsebino spletnih mest tretjih oseb. Ker UPRAVLJAVEC ne more vedno nadzorovati vsebine spletnih strani tretjih oseb, ne prevzema nobene odgovornosti v zvezi z navedeno vsebino. V vsakem primeru bo PRENOVITELJ nemudoma odstranil vse vsebine, ki bi lahko pomenile kr\u0161itev nacionalne ali mednarodne zakonodaje, morale ali javnega reda, in nemudoma odstranil preusmeritev na to spletno mesto ter o zadevni vsebini obvestil pristojne organe. <\/p>\n\n<p>IZVAJALEC ne odgovarja za informacije in vsebine, ki se nahajajo, med drugim na forumih, v klepetalnicah, blogih, komentarjih, dru\u017eabnih omre\u017ejih ali na kakr\u0161en koli drug na\u010din, ki tretjim osebam omogo\u010da neodvisno objavljanje vsebin na spletnem mestu IZVAJALCA. Kljub temu in v skladu z 11. in 16. zakonom ZSPJS so vsebine tretjih oseb na voljo vsem uporabnikom, organom in organom pregona, ki neposredno sodelujejo pri umiku ali blokiranju vseh vsebin, ki bi lahko vplivale na nacionalno ali mednarodno pravo, pravice tretjih oseb ali javno moralo in javni red ali jih kr\u0161ijo. \u010ce uporabnik meni, da je na spletnem mestu kakr\u0161na koli vsebina, ki bi jo lahko \u0161teli za tak\u0161no, o tem nemudoma obvesti skrbnika spletnega mesta.<\/p>\n\n<p>To spletno mesto je bilo pregledano in preizku\u0161eno za pravilno delovanje. Na\u010deloma je pravilno delovanje mogo\u010de zagotoviti 365 dni na leto, 24 ur na dan. Vendar pa PRENOVITELJ ne izklju\u010duje mo\u017enosti, da pride do dolo\u010denih programskih napak ali da pride do vi\u0161je sile, naravnih nesre\u010d, stavk ali podobnih okoli\u0161\u010din, ki onemogo\u010dajo dostop do spletnega mesta.<\/p>\n\n<h3 class=\"wp-block-heading\">Naslovi IP<\/h3>\n\n<p>Spletni stre\u017eniki lahko samodejno zaznajo naslov IP in ime domene, ki ju uporablja uporabnik. Naslov IP je \u0161tevilka, ki je ra\u010dunalniku samodejno dodeljena, ko je povezan z internetom. Vse te informacije se zabele\u017eijo v sistemski dnevnik na stre\u017eniku, ki omogo\u010da nadaljnjo obdelavo podatkov, da bi dobili le statisti\u010dne meritve, ki nam ka\u017eejo \u0161tevilo ogledov strani, \u0161tevilo obiskov spletnih stre\u017enikov, vrstni red obiskov, to\u010dko dostopa itd.<\/p>\n\n<h2 class=\"wp-block-heading\">4. VELJAVNO PRAVO IN PRISTOJNOST<\/h2>\n\n<p>Za vse spore ali vpra\u0161anja v zvezi s tem spletnim mestom ali dejavnostmi, ki se izvajajo na njem, se uporablja \u0161pansko pravo, ki se mu stranke izrecno podrejajo, za re\u0161evanje vseh sporov, ki izhajajo ali so povezani z njegovo uporabo, pa so pristojna sodi\u0161\u010da in razsodi\u0161\u010da, ki so najbli\u017eje MADRIDU.<\/p>\n","protected":false},"excerpt":{"rendered":"<p>ZAKON O STORITVAH INFORMACIJSKE DRU\u017dBE (LSSI) Agresta S. Coop, oseba, odgovorna za spletno stran, v nadaljevanju UPRAVLJAVEC, daje uporabnikom na voljo ta dokument, ki je namenjen izpolnjevanju obveznosti, dolo\u010denih v Zakonu 34\/2002 z dne 11. julija o informacijski dru\u017ebi in storitvah elektronskega trgovanja (LSSICE), Uradni list \u0161t. 166, ter obve\u0161\u010danju vseh uporabnikov spletne strani o &#8230; <a title=\"Pravno obvestilo\" class=\"read-more\" href=\"https:\/\/forestmap.eu\/sl\/pravno-obvestilo\/\" aria-label=\"More on Pravno obvestilo\">Read more<\/a><\/p>\n","protected":false},"author":1,"featured_media":0,"parent":0,"menu_order":0,"comment_status":"closed","ping_status":"closed","template":"","meta":{"footnotes":""},"class_list":{"0":"post-9938","1":"page","2":"type-page","3":"status-publish","5":"no-featured-image-padding"},"_links":{"self":[{"href":"https:\/\/forestmap.eu\/sl\/wp-json\/wp\/v2\/pages\/9938","targetHints":{"allow":["GET"]}}],"collection":[{"href":"https:\/\/forestmap.eu\/sl\/wp-json\/wp\/v2\/pages"}],"about":[{"href":"https:\/\/forestmap.eu\/sl\/wp-json\/wp\/v2\/types\/page"}],"author":[{"embeddable":true,"href":"https:\/\/forestmap.eu\/sl\/wp-json\/wp\/v2\/users\/1"}],"replies":[{"embeddable":true,"href":"https:\/\/forestmap.eu\/sl\/wp-json\/wp\/v2\/comments?post=9938"}],"version-history":[{"count":1,"href":"https:\/\/forestmap.eu\/sl\/wp-json\/wp\/v2\/pages\/9938\/revisions"}],"predecessor-version":[{"id":9939,"href":"https:\/\/forestmap.eu\/sl\/wp-json\/wp\/v2\/pages\/9938\/revisions\/9939"}],"wp:attachment":[{"href":"https:\/\/forestmap.eu\/sl\/wp-json\/wp\/v2\/media?parent=9938"}],"curies":[{"name":"wp","href":"https:\/\/api.w.org\/{rel}","templated":true}]}}