{"id":9940,"date":"2021-07-27T12:16:43","date_gmt":"2021-07-27T12:16:43","guid":{"rendered":"https:\/\/forestmap.eu\/?page_id=9940"},"modified":"2022-07-25T10:00:08","modified_gmt":"2022-07-25T10:00:08","slug":"politika-prijaznosti","status":"publish","type":"page","link":"https:\/\/forestmap.eu\/sl\/politika-prijaznosti\/","title":{"rendered":"Politika prijaznosti"},"content":{"rendered":"\n<h2 class=\"wp-block-heading\">1. INFORMACIJE O UPORABNIKU<\/h2>\n\n<h3 class=\"wp-block-heading\">Kdo je upravljavec va\u0161ih osebnih podatkov?<\/h3>\n\n<p>Agresta S. Coop je upravljavec uporabnikovih osebnih podatkov in ga obve\u0161\u010da, da se ti podatki obdelujejo v skladu z dolo\u010dbami Uredbe (EU) 2016\/679 z dne 27. aprila (GDPR) in organskega zakona 3\/2018 z dne 5. decembra (LOPDGDD).<\/p>\n\n<h3 class=\"wp-block-heading\">Zakaj obdelujemo va\u0161e osebne podatke?<\/h3>\n\n<p>ohranjanje poslovnega odnosa z uporabnikom. Na\u010drtovani postopki obdelave so:<\/p>\n\n<ul class=\"wp-block-list\"><li>po\u0161iljanje komercialnih ogla\u0161evalskih sporo\u010dil po elektronski po\u0161ti, telefaksu, SMS, MMS, v dru\u017eabnih omre\u017ejih ali s katerimi koli drugimi elektronskimi ali fizi\u010dnimi sredstvi, sedanjimi ali prihodnjimi, ki omogo\u010dajo po\u0161iljanje komercialnih sporo\u010dil. Ta sporo\u010dila bo izvajal PRENOSNIK in bodo povezana z njegovimi izdelki in storitvami ali izdelki in storitvami njegovih partnerjev ali dobaviteljev, s katerimi je sklenil dogovor o promociji. V tem primeru tretje osebe nikoli ne bodo imele dostopa do osebnih podatkov.<\/li><li>Izvajanje tr\u017enih raziskav in statisti\u010dnih analiz.<\/li><li>Obdelava naro\u010dil, zahtevkov, odgovarjanje na poizvedbe ali katere koli vrste zahtevkov, ki jih uporabnik po\u0161lje prek katerega koli na\u010dina stika, ki je na voljo na spletni strani UPORABNIKA.<\/li><li>po\u0161iljanje spletnih novic o novostih, ponudbah in promocijah v na\u0161i dejavnosti.<\/li><\/ul>\n\n<h3 class=\"wp-block-heading\">Zakaj lahko obdelujemo va\u0161e osebne podatke?<\/h3>\n\n<p>Ker je obdelava upravi\u010dena na podlagi \u010dlena 6 Splo\u0161ne uredbe o varstvu podatkov, kot sledi:<\/p>\n\n<ul class=\"wp-block-list\"><li>V zakonitem interesu UPORABNIKA: izvajanje tr\u017enih raziskav, statisti\u010dnih analiz itd. in obdelava naro\u010dil, zahtevkov itd. na zahtevo UPORABNIKA.<\/li><li>In the legitimate interest of the USER: to carry out market research, statistical analysis, etc. and to process orders, requests, etc. at the request of the USER.<\/li><\/ul>\n\n<h3 class=\"wp-block-heading\">Kako dolgo bomo hranili va\u0161e osebne podatke?<\/h3>\n\n<p>Podatki se hranijo najve\u010d toliko \u010dasa, kolikor je potrebno za ohranitev namena obdelave, ali dokler obstajajo pravni predpisi, ki narekujejo njihovo hrambo, in ko tak namen ni ve\u010d potreben, se podatki izbri\u0161ejo z ustreznimi varnostnimi ukrepi, da se zagotovi anonimizacija podatkov ali njihovo popolno uni\u010denje.<\/p>\n\n<h3 class=\"wp-block-heading\">\u00bfKomu razkrijemo va\u0161e osebne podatke?<\/h3>\n\n<p>Posredovanje osebnih podatkov tretjim osebam ni predvideno, razen \u010de je to potrebno za razvoj in izvajanje namenov obdelave, na\u0161im ponudnikom storitev, povezanih s komunikacijami, s katerimi je PODJETNIK podpisal pogodbe o zaupnosti in pogodbe o obdelavi podatkov, ki jih zahtevajo veljavni predpisi o zasebnosti.<\/p>\n\n<h4 class=\"wp-block-heading\">Stripe, Inc.<\/h4>\n\n<p>V podjetju ForestMap za upravljanje pla\u010dil uporabljamo pla\u010dilni prehod Stripe. Stripe ponuja storitve, ki platformam in trgovcem omogo\u010dajo poslovanje in izvajanje varnih spletnih pla\u010dilnih transakcij. V primeru oddaje pla\u010dilnega naro\u010dila prek storitve ForestMap se posredovani podatki prenesejo na dru\u017ebo Stripe izklju\u010dno za namen obdelave va\u0161ega naro\u010dila. Ve\u010d informacij najdete v <a href=\"https:\/\/stripe.com\/en-es\/privacy\">Stripovem pravilniku<\/a> o zasebnosti<\/p>\n\n<h3 class=\"wp-block-heading\">Kak\u0161ne so va\u0161e pravice?<\/h3>\n\n<p>Pravice UPORABNIKA so:<\/p>\n\n<ul class=\"wp-block-list\"><li>Pravica do preklica privolitve kadar koli.<\/li><li>Pravica do dostopa, popravka, prenosljivosti in izbrisa svojih podatkov ter do omejitve ali nasprotovanja njihovi obdelavi.<\/li><li>Pravica do vlo\u017eitve zahtevka pri \u0161panskem nadzornem organu (www.aepd.es), \u010de menite, da obdelava ni v skladu z veljavno zakonodajo.<\/li><\/ul>\n\n<h3 class=\"wp-block-heading\">Kontaktni podatki za uveljavljanje pravic:<\/h3>\n\n<p>Agresta S. Coop. DUQUE DE FERNAN NU\u00d1EZ, 2 1\u00ba &#8211; 28012 MADRID (Madrid). E-naslov: datos@agresta.org<\/p>\n\n<h2 class=\"wp-block-heading\">2. OBVEZNA ALI NEOBVEZNA NARAVA INFORMACIJ, KI JIH ZAGOTOVI UPORABNIK<\/h2>\n\n<p>UPORABNIKI z ozna\u010devanjem ustreznih polj in vnosom podatkov v polja, ozna\u010dena z zvezdico (*) v kontaktnem obrazcu ali obrazcih za prenos, izrecno, svobodno in nedvoumno sprejemajo, da so njihovi podatki potrebni, da dobavitelj izpolni njihovo zahtevo, in prostovoljno posredujejo svoje podatke v preostala polja. UPORABNIK zagotavlja, da so osebni podatki, ki jih je posredoval DOBAVITELJU, resni\u010dni, in je odgovoren za sporo\u010danje vseh njihovih sprememb.<\/p>\n\n<p>UPORABNIK obve\u0161\u010da, da so vsi podatki, ki se zahtevajo prek spletnega mesta, obvezni, saj so potrebni za zagotavljanje optimalne storitve za UPORABNIKA. V primeru, da niso posredovani vsi podatki, ni zagotovila, da bodo zagotovljene informacije in storitve v celoti prilagojene uporabnikovim potrebam.<\/p>\n\n<h2 class=\"wp-block-heading\">3. VARNOSTNI UKREPI<\/h2>\n\n<p>da v skladu z dolo\u010dbami veljavnih predpisov o varstvu osebnih podatkov upravljavec pri obdelavi osebnih podatkov, za katere je odgovoren, upo\u0161teva vse dolo\u010dbe GDPR in predpisov LOPDGDD ter o\u010ditno spo\u0161tuje na\u010dela iz 5. \u010dlena GDPR, po katerih se obdelujejo na zakonit, po\u0161ten in pregleden na\u010din v odnosu do posameznika, na katerega se nana\u0161ajo osebni podatki, ter ustrezno, relevantno in omejeno na to, kar je potrebno glede na namene, za katere se obdelujejo.<\/p>\n\n<p>For more information about privacy guarantees, you can contact the CONTROLLER through Agresta S. Coop. DUQUE DE FERNAN NU\u00d1EZ,, 2 1\u00ba &#8211; 28012 MADRID (Madrid). E-mail: datos@agresta.org<\/p>\n","protected":false},"excerpt":{"rendered":"<p>1. INFORMACIJE O UPORABNIKU Kdo je upravljavec va\u0161ih osebnih podatkov? Agresta S. Coop je upravljavec uporabnikovih osebnih podatkov in ga obve\u0161\u010da, da se ti podatki obdelujejo v skladu z dolo\u010dbami Uredbe (EU) 2016\/679 z dne 27. aprila (GDPR) in organskega zakona 3\/2018 z dne 5. decembra (LOPDGDD). Zakaj obdelujemo va\u0161e osebne podatke? ohranjanje poslovnega odnosa &#8230; <a title=\"Politika prijaznosti\" class=\"read-more\" href=\"https:\/\/forestmap.eu\/sl\/politika-prijaznosti\/\" aria-label=\"More on Politika prijaznosti\">Read more<\/a><\/p>\n","protected":false},"author":1,"featured_media":0,"parent":0,"menu_order":0,"comment_status":"closed","ping_status":"closed","template":"","meta":{"footnotes":""},"class_list":{"0":"post-9940","1":"page","2":"type-page","3":"status-publish","5":"no-featured-image-padding"},"_links":{"self":[{"href":"https:\/\/forestmap.eu\/sl\/wp-json\/wp\/v2\/pages\/9940","targetHints":{"allow":["GET"]}}],"collection":[{"href":"https:\/\/forestmap.eu\/sl\/wp-json\/wp\/v2\/pages"}],"about":[{"href":"https:\/\/forestmap.eu\/sl\/wp-json\/wp\/v2\/types\/page"}],"author":[{"embeddable":true,"href":"https:\/\/forestmap.eu\/sl\/wp-json\/wp\/v2\/users\/1"}],"replies":[{"embeddable":true,"href":"https:\/\/forestmap.eu\/sl\/wp-json\/wp\/v2\/comments?post=9940"}],"version-history":[{"count":1,"href":"https:\/\/forestmap.eu\/sl\/wp-json\/wp\/v2\/pages\/9940\/revisions"}],"predecessor-version":[{"id":9941,"href":"https:\/\/forestmap.eu\/sl\/wp-json\/wp\/v2\/pages\/9940\/revisions\/9941"}],"wp:attachment":[{"href":"https:\/\/forestmap.eu\/sl\/wp-json\/wp\/v2\/media?parent=9940"}],"curies":[{"name":"wp","href":"https:\/\/api.w.org\/{rel}","templated":true}]}}